{"id":213099,"date":"2021-04-08T16:26:55","date_gmt":"2021-04-08T14:26:55","guid":{"rendered":"https:\/\/megacase.com\/product\/19-keyboard-drawer-2u\/"},"modified":"2026-03-26T13:09:31","modified_gmt":"2026-03-26T12:09:31","slug":"19-keyboard-drawer-2u","status":"publish","type":"product","link":"https:\/\/megacase.com\/fr\/produit\/19-keyboard-drawer-2u\/","title":{"rendered":"19&Prime; Keyboard Drawer 2U"},"content":{"rendered":"<p>Clavier coulissant 19 \u00ab\u00a0au format 19&Prime; pour claviers jusqu&rsquo;\u00e0 435 mm x 235 mm x 70 mm<br \/>\nOuverture de c\u00e2ble \u00e0 l&rsquo;arri\u00e8re de l&rsquo;\u00e9tag\u00e8re<\/p>\n<p>Type de produit: Accessoires pour rack 19 \u00a0\u00bb<br \/>\nLa couleur noire<br \/>\nMat\u00e9riel: acier<br \/>\nSurface: rev\u00eatement par poudre<br \/>\nHauteur: 2 U<br \/>\nExtension de profondeur: 360 mm<br \/>\nPoids: 7,4 kg<\/p>\n","protected":false},"excerpt":{"rendered":"<p>Clavier coulissant 19 \u00ab\u00a0au format 19\u00a0\u00bb pour claviers jusqu&rsquo;\u00e0 435 mm x 235 mm x 70 mm<br \/>\nOuverture de c\u00e2ble \u00e0 l&rsquo;arri\u00e8re de l&rsquo;\u00e9tag\u00e8re<\/p>\n","protected":false},"featured_media":213096,"template":"","meta":{"_acf_changed":false},"product_brand":[],"product_cat":[13809],"product_tag":[],"class_list":{"0":"post-213099","1":"product","2":"type-product","3":"status-publish","4":"has-post-thumbnail","6":"product_cat-zubehoer-rack-fr","8":"first","9":"instock","10":"taxable","11":"shipping-taxable","12":"purchasable","13":"product-type-simple"},"acf":[],"_links":{"self":[{"href":"https:\/\/megacase.com\/fr\/wp-json\/wp\/v2\/product\/213099","targetHints":{"allow":["GET"]}}],"collection":[{"href":"https:\/\/megacase.com\/fr\/wp-json\/wp\/v2\/product"}],"about":[{"href":"https:\/\/megacase.com\/fr\/wp-json\/wp\/v2\/types\/product"}],"wp:featuredmedia":[{"embeddable":true,"href":"https:\/\/megacase.com\/fr\/wp-json\/wp\/v2\/media\/213096"}],"wp:attachment":[{"href":"https:\/\/megacase.com\/fr\/wp-json\/wp\/v2\/media?parent=213099"}],"wp:term":[{"taxonomy":"product_brand","embeddable":true,"href":"https:\/\/megacase.com\/fr\/wp-json\/wp\/v2\/product_brand?post=213099"},{"taxonomy":"product_cat","embeddable":true,"href":"https:\/\/megacase.com\/fr\/wp-json\/wp\/v2\/product_cat?post=213099"},{"taxonomy":"product_tag","embeddable":true,"href":"https:\/\/megacase.com\/fr\/wp-json\/wp\/v2\/product_tag?post=213099"}],"curies":[{"name":"wp","href":"https:\/\/api.w.org\/{rel}","templated":true}]}}