{"id":213077,"date":"2017-05-18T16:15:20","date_gmt":"2017-05-18T14:15:20","guid":{"rendered":"https:\/\/megacase.com\/product\/19-rackschublade-6-he-voll-ausziehbar\/"},"modified":"2021-04-08T16:20:28","modified_gmt":"2021-04-08T14:20:28","slug":"19-rackschublade-6-he-voll-ausziehbar","status":"publish","type":"product","link":"https:\/\/megacase.com\/fr\/produit\/19-rackschublade-6-he-voll-ausziehbar\/","title":{"rendered":"19\u00a0\u00bb Rack Drawer 6U"},"content":{"rendered":"<p>Tiroir rack 19 \u00a0\u00bb<\/p>\n<p>Extension compl\u00e8te<br \/>\nTiroir sur glissi\u00e8re \u00e0 roulement \u00e0 billes<br \/>\nComprend serrure et 2 cl\u00e9s<br \/>\namovible par s\u00e9paration rapide des rails coulissants<br \/>\nSans aucun effort<\/p>\n<p>Type de produit: tiroirs rack 19 \u00a0\u00bb<br \/>\nMat\u00e9riel: acier<br \/>\nSurface: rev\u00eatement par poudre<br \/>\nLa couleur noire<br \/>\nHauteur ext\u00e9rieur: 6 U<br \/>\nLargeur ext\u00e9rieure: 434 mm<br \/>\nProfondeur ext\u00e9rieure: 392 mm<br \/>\nHauteur int\u00e9rieure: 255 mm<br \/>\nLargeur int\u00e9rieure: 401 mm<br \/>\nProfondeur int\u00e9rieure: 373 mm<br \/>\n\u00c9paisseur du mat\u00e9riau: 2 mm<br \/>\nCharge maximale: 25 kg<br \/>\nPoids: 13,792 kg<\/p>\n","protected":false},"excerpt":{"rendered":"<p>Extension compl\u00e8te | Profondeur int\u00e9rieure: 373 mm | Hauteur ext\u00e9rieur: 6 U | Charge maximale: 25 kg<\/p>\n","protected":false},"featured_media":37238,"template":"","meta":{"_acf_changed":false},"product_brand":[],"product_cat":[13809],"product_tag":[],"class_list":{"0":"post-213077","1":"product","2":"type-product","3":"status-publish","4":"has-post-thumbnail","6":"product_cat-zubehoer-rack-fr","8":"first","9":"instock","10":"taxable","11":"shipping-taxable","12":"purchasable","13":"product-type-simple"},"acf":[],"_links":{"self":[{"href":"https:\/\/megacase.com\/fr\/wp-json\/wp\/v2\/product\/213077","targetHints":{"allow":["GET"]}}],"collection":[{"href":"https:\/\/megacase.com\/fr\/wp-json\/wp\/v2\/product"}],"about":[{"href":"https:\/\/megacase.com\/fr\/wp-json\/wp\/v2\/types\/product"}],"wp:featuredmedia":[{"embeddable":true,"href":"https:\/\/megacase.com\/fr\/wp-json\/wp\/v2\/media\/37238"}],"wp:attachment":[{"href":"https:\/\/megacase.com\/fr\/wp-json\/wp\/v2\/media?parent=213077"}],"wp:term":[{"taxonomy":"product_brand","embeddable":true,"href":"https:\/\/megacase.com\/fr\/wp-json\/wp\/v2\/product_brand?post=213077"},{"taxonomy":"product_cat","embeddable":true,"href":"https:\/\/megacase.com\/fr\/wp-json\/wp\/v2\/product_cat?post=213077"},{"taxonomy":"product_tag","embeddable":true,"href":"https:\/\/megacase.com\/fr\/wp-json\/wp\/v2\/product_tag?post=213077"}],"curies":[{"name":"wp","href":"https:\/\/api.w.org\/{rel}","templated":true}]}}