{"id":213006,"date":"2017-10-11T13:47:04","date_gmt":"2017-10-11T11:47:04","guid":{"rendered":"https:\/\/megacase.com\/product\/19-rackschublade-3he-abschliessbar\/"},"modified":"2021-04-08T13:46:43","modified_gmt":"2021-04-08T11:46:43","slug":"19-rackschublade-3he-abschliessbar","status":"publish","type":"product","link":"https:\/\/megacase.com\/fr\/produit\/19-rackschublade-3he-abschliessbar\/","title":{"rendered":"19&Prime; Rack Drawer 3U"},"content":{"rendered":"<p>Tiroir rack 19 \u00ab\u00a03 U en acier<\/p>\n<p>&#8211; extension compl\u00e8te<br \/>\n&#8211; Tiroir sur glissi\u00e8re \u00e0 roulement \u00e0 billes<br \/>\n&#8211; Comprend serrure et 2 cl\u00e9s<br \/>\n&#8211; Amovible par s\u00e9paration rapide des rails coulissants<br \/>\n&#8211; Sans aucun effort<\/p>\n<p>Type de produit: tiroirs rack 19 \u00a0\u00bb<br \/>\nMat\u00e9riel: acier<br \/>\nSurface: rev\u00eatement par poudre<br \/>\nLa couleur noire<br \/>\nHauteur ext\u00e9rieure: 3 U<br \/>\nLargeur ext\u00e9rieure: 434 mm<br \/>\nProfondeur ext\u00e9rieure: 392 mm<br \/>\nHauteur int\u00e9rieure: 120 mm<br \/>\nLargeur int\u00e9rieure: 401 mm<br \/>\nProfondeur int\u00e9rieure: 373 mm<br \/>\n\u00c9paisseur du mat\u00e9riau: 2 mm<br \/>\nCapacit\u00e9 de charge maximale: 25 kg<br \/>\nPoids: 8,1 kg<\/p>\n","protected":false},"excerpt":{"rendered":"<p>extension compl\u00e8te | Profondeur int\u00e9rieure: 373 mm | Hauteur ext\u00e9rieure: 3 U | Capacit\u00e9 de charge maximale: 25 kg<\/p>\n","protected":false},"featured_media":212999,"template":"","meta":{"_acf_changed":false},"product_brand":[],"product_cat":[13809],"product_tag":[],"class_list":{"0":"post-213006","1":"product","2":"type-product","3":"status-publish","4":"has-post-thumbnail","6":"product_cat-zubehoer-rack-fr","8":"first","9":"instock","10":"taxable","11":"shipping-taxable","12":"purchasable","13":"product-type-simple"},"acf":[],"_links":{"self":[{"href":"https:\/\/megacase.com\/fr\/wp-json\/wp\/v2\/product\/213006","targetHints":{"allow":["GET"]}}],"collection":[{"href":"https:\/\/megacase.com\/fr\/wp-json\/wp\/v2\/product"}],"about":[{"href":"https:\/\/megacase.com\/fr\/wp-json\/wp\/v2\/types\/product"}],"wp:featuredmedia":[{"embeddable":true,"href":"https:\/\/megacase.com\/fr\/wp-json\/wp\/v2\/media\/212999"}],"wp:attachment":[{"href":"https:\/\/megacase.com\/fr\/wp-json\/wp\/v2\/media?parent=213006"}],"wp:term":[{"taxonomy":"product_brand","embeddable":true,"href":"https:\/\/megacase.com\/fr\/wp-json\/wp\/v2\/product_brand?post=213006"},{"taxonomy":"product_cat","embeddable":true,"href":"https:\/\/megacase.com\/fr\/wp-json\/wp\/v2\/product_cat?post=213006"},{"taxonomy":"product_tag","embeddable":true,"href":"https:\/\/megacase.com\/fr\/wp-json\/wp\/v2\/product_tag?post=213006"}],"curies":[{"name":"wp","href":"https:\/\/api.w.org\/{rel}","templated":true}]}}