{"id":212822,"date":"2021-04-06T21:45:29","date_gmt":"2021-04-06T19:45:29","guid":{"rendered":"https:\/\/megacase.com\/product\/rack-drawer-2u-ergo\/"},"modified":"2026-03-26T13:09:32","modified_gmt":"2026-03-26T12:09:32","slug":"rack-drawer-2u-ergo","status":"publish","type":"product","link":"https:\/\/megacase.com\/fr\/produit\/rack-drawer-2u-ergo\/","title":{"rendered":"Rack Drawer 2U Ergo"},"content":{"rendered":"<p>L&rsquo;ERGO est un tiroir \u00e0 cr\u00e9maill\u00e8re peu co\u00fbteux et robuste en acier de 1,5 mm d&rsquo;\u00e9paisseur<br \/>\navec une utilisation simple et ergonomique. Une poign\u00e9e encastr\u00e9e s&rsquo;\u00e9tend sur toute la fa\u00e7ade.<br \/>\nLa fermeture coulissante du tiroir se verrouille solidement en place, le fait de tirer sur la poign\u00e9e lib\u00e8re le m\u00e9canisme d&rsquo;ouverture.<br \/>\nCela n\u00e9cessite 1,5 kg de force de traction. Le tiroir rack est rev\u00eatu de poudre noire et supporte 20 kg.<br \/>\nIl fonctionne en douceur sur des rails t\u00e9lescopiques \u00e0 roulement \u00e0 billes, peut \u00eatre retir\u00e9 compl\u00e8tement et<br \/>\nsupprimer compl\u00e8tement.<\/p>\n<p>Type de produit: tiroirs rack 19 \u00a0\u00bb<br \/>\nMat\u00e9riel: acier<br \/>\nSurface: rev\u00eatement par poudre<br \/>\nLa couleur noire<br \/>\nHauteur ext\u00e9rieur: 2 U<br \/>\nLargeur ext\u00e9rieure: 484,6 mm<br \/>\nProfondeur ext\u00e9rieure: 387,8 mm<br \/>\nHauteur int\u00e9rieure: 80,6 mm<br \/>\nLargeur int\u00e9rieure: 405,9 mm<br \/>\nProfondeur int\u00e9rieure: 358,5 mm<br \/>\n\u00c9paisseur du mat\u00e9riau: 1,5 mm<br \/>\nCapacit\u00e9 de charge maximale: 20 kg<br \/>\nPoids: 6,7 kg<\/p>\n","protected":false},"excerpt":{"rendered":"<p>robuste en acier de 1,5 mm d&rsquo;\u00e9paisseur avec une utilisation simple et ergonomique | Capacit\u00e9 de charge maximale: 20 kg<\/p>\n","protected":false},"featured_media":212819,"template":"","meta":{"_acf_changed":false},"product_brand":[],"product_cat":[13809],"product_tag":[],"class_list":{"0":"post-212822","1":"product","2":"type-product","3":"status-publish","4":"has-post-thumbnail","6":"product_cat-zubehoer-rack-fr","8":"first","9":"instock","10":"taxable","11":"shipping-taxable","12":"purchasable","13":"product-type-simple"},"acf":[],"_links":{"self":[{"href":"https:\/\/megacase.com\/fr\/wp-json\/wp\/v2\/product\/212822","targetHints":{"allow":["GET"]}}],"collection":[{"href":"https:\/\/megacase.com\/fr\/wp-json\/wp\/v2\/product"}],"about":[{"href":"https:\/\/megacase.com\/fr\/wp-json\/wp\/v2\/types\/product"}],"wp:featuredmedia":[{"embeddable":true,"href":"https:\/\/megacase.com\/fr\/wp-json\/wp\/v2\/media\/212819"}],"wp:attachment":[{"href":"https:\/\/megacase.com\/fr\/wp-json\/wp\/v2\/media?parent=212822"}],"wp:term":[{"taxonomy":"product_brand","embeddable":true,"href":"https:\/\/megacase.com\/fr\/wp-json\/wp\/v2\/product_brand?post=212822"},{"taxonomy":"product_cat","embeddable":true,"href":"https:\/\/megacase.com\/fr\/wp-json\/wp\/v2\/product_cat?post=212822"},{"taxonomy":"product_tag","embeddable":true,"href":"https:\/\/megacase.com\/fr\/wp-json\/wp\/v2\/product_tag?post=212822"}],"curies":[{"name":"wp","href":"https:\/\/api.w.org\/{rel}","templated":true}]}}