{"id":212601,"date":"2021-04-06T14:38:23","date_gmt":"2021-04-06T12:38:23","guid":{"rendered":"https:\/\/megacase.com\/product\/rack-sd-6u-60-shockmountwheel\/"},"modified":"2026-03-26T13:09:33","modified_gmt":"2026-03-26T12:09:33","slug":"rack-sd-6u-60-shockmountwheel","status":"publish","type":"product","link":"https:\/\/megacase.com\/fr\/produit\/rack-sd-6u-60-shockmountwheel\/","title":{"rendered":"Rack SD 6U 60 Shockmount+wheel"},"content":{"rendered":"<p>Rack professionnel de 19 \u00ab\u00a0avec rails de rack r\u00e9glables \u00e0 l&rsquo;avant et \u00e0 l&rsquo;arri\u00e8re<br \/>\nHauteur d&rsquo;installation: 6U<br \/>\nProfondeur d&rsquo;installation: 40-50 cm<br \/>\n9 mm de bouleau \u00e0 rev\u00eatement multiplex<br \/>\nLa couleur noire<br \/>\nBord en aluminium 30 x 30 mm<br \/>\n2 loquets<br \/>\nPortes coulissantes<br \/>\n4 poign\u00e9es pliantes, moyennes<br \/>\n8 coins plats en acier<br \/>\n4 \u00e9videments de roue<br \/>\nrails de rack r\u00e9glables \u00e0 l&rsquo;avant et \u00e0 l&rsquo;arri\u00e8re<br \/>\ny compris jeu de vis<br \/>\nCh\u00e2ssis Shockmount<br \/>\n4 roulettes pivotantes, dont 2 frein\u00e9es<br \/>\nFabriqu\u00e9 en Allemagne<br \/>\nDimensions LxPxH environ: 615 x 605 x 535 mm<br \/>\nPoids env.: 30 kg<\/p>\n","protected":false},"excerpt":{"rendered":"<p>Rack professionnel de 19 \u00ab\u00a0avec rails de rack r\u00e9glables \u00e0 l&rsquo;avant et \u00e0 l&rsquo;arri\u00e8re | Ch\u00e2ssis Shockmount | Fabriqu\u00e9 en Allemagne<\/p>\n","protected":false},"featured_media":212585,"template":"","meta":{"_acf_changed":false},"product_brand":[],"product_cat":[13593],"product_tag":[],"class_list":{"0":"post-212601","1":"product","2":"type-product","3":"status-publish","4":"has-post-thumbnail","6":"product_cat-racks-fr","8":"first","9":"instock","10":"taxable","11":"shipping-taxable","12":"purchasable","13":"product-type-simple"},"acf":[],"_links":{"self":[{"href":"https:\/\/megacase.com\/fr\/wp-json\/wp\/v2\/product\/212601","targetHints":{"allow":["GET"]}}],"collection":[{"href":"https:\/\/megacase.com\/fr\/wp-json\/wp\/v2\/product"}],"about":[{"href":"https:\/\/megacase.com\/fr\/wp-json\/wp\/v2\/types\/product"}],"wp:featuredmedia":[{"embeddable":true,"href":"https:\/\/megacase.com\/fr\/wp-json\/wp\/v2\/media\/212585"}],"wp:attachment":[{"href":"https:\/\/megacase.com\/fr\/wp-json\/wp\/v2\/media?parent=212601"}],"wp:term":[{"taxonomy":"product_brand","embeddable":true,"href":"https:\/\/megacase.com\/fr\/wp-json\/wp\/v2\/product_brand?post=212601"},{"taxonomy":"product_cat","embeddable":true,"href":"https:\/\/megacase.com\/fr\/wp-json\/wp\/v2\/product_cat?post=212601"},{"taxonomy":"product_tag","embeddable":true,"href":"https:\/\/megacase.com\/fr\/wp-json\/wp\/v2\/product_tag?post=212601"}],"curies":[{"name":"wp","href":"https:\/\/api.w.org\/{rel}","templated":true}]}}