{"id":212546,"date":"2021-04-06T14:00:46","date_gmt":"2021-04-06T12:00:46","guid":{"rendered":"https:\/\/megacase.com\/product\/flightcase-viscount-legend-70-ex\/"},"modified":"2026-03-26T13:09:34","modified_gmt":"2026-03-26T12:09:34","slug":"flightcase-viscount-legend-70-ex","status":"publish","type":"product","link":"https:\/\/megacase.com\/fr\/produit\/flightcase-viscount-legend-70-ex\/","title":{"rendered":"Flightcase Viscount Legend 70 EX"},"content":{"rendered":"<p>Flight-case assorti pour le Viscount Legend 70&rsquo;s Artist (EX)<br \/>\nLe clavier peut \u00eatre utilis\u00e9 dans la partie inf\u00e9rieure<br \/>\nRev\u00eatu de r\u00e9sine ph\u00e9nolique multiplex de bouleau de 6,8 mm<br \/>\nCouleur marron<br \/>\nBord en aluminium 30&#215;30 mm<br \/>\n4 cadenas papillon, moyen<br \/>\n2 poign\u00e9es pliantes moyennes<br \/>\n8 coins \u00e0 billes en acier, moyen<br \/>\nRembourrage en mousse<br \/>\nToutes les connexions librement accessibles<br \/>\nFabriqu\u00e9 en Allemagne<br \/>\nDimensions ext\u00e9rieures: LxPxH 1395 x 545 x 275 mm<br \/>\nPoids: environ 17,3 kg<br \/>\nL&rsquo;appareil peut \u00eatre jou\u00e9 dans la partie inf\u00e9rieure<\/p>\n","protected":false},"excerpt":{"rendered":"<p>Flight-case assorti pour le Viscount Legend 70&rsquo;s Artist (EX) | L&rsquo;appareil peut \u00eatre jou\u00e9 dans la partie inf\u00e9rieure | Fabriqu\u00e9 en Allemagne<\/p>\n","protected":false},"featured_media":212539,"template":"","meta":{"_acf_changed":false},"product_brand":[],"product_cat":[13787],"product_tag":[],"class_list":{"0":"post-212546","1":"product","2":"type-product","3":"status-publish","4":"has-post-thumbnail","6":"product_cat-keyboard-cases-fr","8":"first","9":"instock","10":"taxable","11":"shipping-taxable","12":"purchasable","13":"product-type-simple"},"acf":[],"_links":{"self":[{"href":"https:\/\/megacase.com\/fr\/wp-json\/wp\/v2\/product\/212546","targetHints":{"allow":["GET"]}}],"collection":[{"href":"https:\/\/megacase.com\/fr\/wp-json\/wp\/v2\/product"}],"about":[{"href":"https:\/\/megacase.com\/fr\/wp-json\/wp\/v2\/types\/product"}],"wp:featuredmedia":[{"embeddable":true,"href":"https:\/\/megacase.com\/fr\/wp-json\/wp\/v2\/media\/212539"}],"wp:attachment":[{"href":"https:\/\/megacase.com\/fr\/wp-json\/wp\/v2\/media?parent=212546"}],"wp:term":[{"taxonomy":"product_brand","embeddable":true,"href":"https:\/\/megacase.com\/fr\/wp-json\/wp\/v2\/product_brand?post=212546"},{"taxonomy":"product_cat","embeddable":true,"href":"https:\/\/megacase.com\/fr\/wp-json\/wp\/v2\/product_cat?post=212546"},{"taxonomy":"product_tag","embeddable":true,"href":"https:\/\/megacase.com\/fr\/wp-json\/wp\/v2\/product_tag?post=212546"}],"curies":[{"name":"wp","href":"https:\/\/api.w.org\/{rel}","templated":true}]}}