{"id":212430,"date":"2021-04-06T13:33:27","date_gmt":"2021-04-06T11:33:27","guid":{"rendered":"https:\/\/megacase.com\/product\/2u-eco-wood-rack-48\/"},"modified":"2026-03-26T13:09:34","modified_gmt":"2026-03-26T12:09:34","slug":"2u-eco-wood-rack-48","status":"publish","type":"product","link":"https:\/\/megacase.com\/fr\/produit\/2u-eco-wood-rack-48\/","title":{"rendered":"2U Eco Wood Rack 48"},"content":{"rendered":"<p>rack l\u00e9ger de 19 \u00ab\u00a0avec rails de rack en continu \u00e0 l&rsquo;avant<br \/>\nHauteur d&rsquo;installation: 2U<br \/>\nProfondeur d&rsquo;installation: 450 mm<br \/>\nProfondeur du corps: 480 mm<br \/>\n6,8 mm de r\u00e9sine ph\u00e9nolique multiplex bouleau enduit<br \/>\nCouleur marron<br \/>\nBord en aluminium 22 x 22 mm<br \/>\n4 verrous \u00e0 pression<br \/>\n1 poign\u00e9e de valise<br \/>\n4 pieds en caoutchouc 38 x 20 mm<br \/>\n8 petits coins sph\u00e9riques<br \/>\nrail de cr\u00e9maill\u00e8re progressif \u00e0 l&rsquo;avant<br \/>\nMat\u00e9riel de montage inclus<br \/>\nFabriqu\u00e9 en Allemagne<br \/>\nDimensions ext\u00e9rieures LxPxH env.: 530 x 595 x 145 mm<br \/>\nPoids env.: 6 kg<\/p>\n","protected":false},"excerpt":{"rendered":"<p>Hauteur d&rsquo;installation: 2U | Profondeur d&rsquo;installation: 450 mm | rail de cr\u00e9maill\u00e8re progressif \u00e0 l&rsquo;avant | Fabriqu\u00e9 en Allemagne<\/p>\n","protected":false},"featured_media":212423,"template":"","meta":{"_acf_changed":false},"product_brand":[],"product_cat":[13593],"product_tag":[],"class_list":{"0":"post-212430","1":"product","2":"type-product","3":"status-publish","4":"has-post-thumbnail","6":"product_cat-racks-fr","8":"first","9":"instock","10":"taxable","11":"shipping-taxable","12":"purchasable","13":"product-type-simple"},"acf":[],"_links":{"self":[{"href":"https:\/\/megacase.com\/fr\/wp-json\/wp\/v2\/product\/212430","targetHints":{"allow":["GET"]}}],"collection":[{"href":"https:\/\/megacase.com\/fr\/wp-json\/wp\/v2\/product"}],"about":[{"href":"https:\/\/megacase.com\/fr\/wp-json\/wp\/v2\/types\/product"}],"wp:featuredmedia":[{"embeddable":true,"href":"https:\/\/megacase.com\/fr\/wp-json\/wp\/v2\/media\/212423"}],"wp:attachment":[{"href":"https:\/\/megacase.com\/fr\/wp-json\/wp\/v2\/media?parent=212430"}],"wp:term":[{"taxonomy":"product_brand","embeddable":true,"href":"https:\/\/megacase.com\/fr\/wp-json\/wp\/v2\/product_brand?post=212430"},{"taxonomy":"product_cat","embeddable":true,"href":"https:\/\/megacase.com\/fr\/wp-json\/wp\/v2\/product_cat?post=212430"},{"taxonomy":"product_tag","embeddable":true,"href":"https:\/\/megacase.com\/fr\/wp-json\/wp\/v2\/product_tag?post=212430"}],"curies":[{"name":"wp","href":"https:\/\/api.w.org\/{rel}","templated":true}]}}