{"id":212388,"date":"2021-04-06T13:14:41","date_gmt":"2021-04-06T11:14:41","guid":{"rendered":"https:\/\/megacase.com\/product\/12u-it-rack-80-wheel\/"},"modified":"2026-03-26T13:09:35","modified_gmt":"2026-03-26T12:09:35","slug":"12u-it-rack-80-wheel","status":"publish","type":"product","link":"https:\/\/megacase.com\/fr\/produit\/12u-it-rack-80-wheel\/","title":{"rendered":"12U IT Rack 80 + wheel"},"content":{"rendered":"<p>Rack professionnel de 19 po avec rails de rack perfor\u00e9s \u00e0 l&rsquo;avant et \u00e0 l&rsquo;arri\u00e8re<br \/>\nHauteur d&rsquo;installation: 12U<br \/>\nProfondeur d&rsquo;installation: 800 mm<br \/>\nProfondeur du corps: 830 mm<br \/>\n9 mm enduit de r\u00e9sine ph\u00e9nolique multiplex bouleau<br \/>\nCouleur marron<br \/>\nBord en aluminium 30 x 30 mm<br \/>\n8 cadenas papillon, moyen<br \/>\n4 poign\u00e9es pliantes, moyennes<br \/>\n2 coques d&rsquo;installation de ventilation<br \/>\n8 grands coins sph\u00e9riques<br \/>\nrails de rack perfor\u00e9s \u00e0 l&rsquo;avant et \u00e0 l&rsquo;arri\u00e8re<br \/>\nMat\u00e9riel de montage inclus<br \/>\n4 roulettes pivotantes, dont 2 frein\u00e9es<br \/>\nFabriqu\u00e9 en Allemagne<br \/>\nDimensions ext\u00e9rieures LxPxL env.: 550 x 990 x 725 mm<br \/>\nPoids env.: 33,9 kg<\/p>\n","protected":false},"excerpt":{"rendered":"<p>Rack professionnel de 19 po avec rails de rack perfor\u00e9s \u00e0 l&rsquo;avant et \u00e0 l&rsquo;arri\u00e8re | Hauteur d&rsquo;installation: 12U | Profondeur d&rsquo;installation: 800 mm<\/p>\n","protected":false},"featured_media":212361,"template":"","meta":{"_acf_changed":false},"product_brand":[],"product_cat":[13593],"product_tag":[],"class_list":{"0":"post-212388","1":"product","2":"type-product","3":"status-publish","4":"has-post-thumbnail","6":"product_cat-racks-fr","8":"first","9":"instock","10":"taxable","11":"shipping-taxable","12":"purchasable","13":"product-type-simple"},"acf":[],"_links":{"self":[{"href":"https:\/\/megacase.com\/fr\/wp-json\/wp\/v2\/product\/212388","targetHints":{"allow":["GET"]}}],"collection":[{"href":"https:\/\/megacase.com\/fr\/wp-json\/wp\/v2\/product"}],"about":[{"href":"https:\/\/megacase.com\/fr\/wp-json\/wp\/v2\/types\/product"}],"wp:featuredmedia":[{"embeddable":true,"href":"https:\/\/megacase.com\/fr\/wp-json\/wp\/v2\/media\/212361"}],"wp:attachment":[{"href":"https:\/\/megacase.com\/fr\/wp-json\/wp\/v2\/media?parent=212388"}],"wp:term":[{"taxonomy":"product_brand","embeddable":true,"href":"https:\/\/megacase.com\/fr\/wp-json\/wp\/v2\/product_brand?post=212388"},{"taxonomy":"product_cat","embeddable":true,"href":"https:\/\/megacase.com\/fr\/wp-json\/wp\/v2\/product_cat?post=212388"},{"taxonomy":"product_tag","embeddable":true,"href":"https:\/\/megacase.com\/fr\/wp-json\/wp\/v2\/product_tag?post=212388"}],"curies":[{"name":"wp","href":"https:\/\/api.w.org\/{rel}","templated":true}]}}