{"id":212214,"date":"2017-05-18T16:11:18","date_gmt":"2017-05-18T14:11:18","guid":{"rendered":"https:\/\/megacase.com\/product\/flightcase-breite-65cm-hoehe-38cm-tiefe-58cm\/"},"modified":"2021-04-05T18:10:14","modified_gmt":"2021-04-05T16:10:14","slug":"flightcase-breite-65cm-hoehe-38cm-tiefe-58cm","status":"publish","type":"product","link":"https:\/\/megacase.com\/fr\/produit\/flightcase-breite-65cm-hoehe-38cm-tiefe-58cm\/","title":{"rendered":"Accessoires \u00c9tui 65 x 58 x 38"},"content":{"rendered":"<p>Accessoires \u00c9tui avec les dimensions int\u00e9rieures de 650 x 580 x 380 mm LxPxL<br \/>\n\u00e0 partir de 6,8 mm de r\u00e9sine ph\u00e9nolique multiplex de bouleau enrob\u00e9<br \/>\nCouleur marron<br \/>\n25 x 25 mm d&rsquo;aluminium<br \/>\n2 fermetures \u00e0 papillon<br \/>\n2 poign\u00e9es pliantes moyennes<br \/>\n2 charni\u00e8res de verrouillage moyenne<br \/>\n8 coins de la balle moyenne<br \/>\nFabriqu\u00e9 en Allemagne<br \/>\nDimensions ext\u00e9rieures sur tout LxPxL environ.: 690 x 420 x 620 mm<br \/>\nPoids env. 19,5 kg<\/p>\n","protected":false},"excerpt":{"rendered":"<p>Accessoires \u00c9tui avec les dimensions int\u00e9rieures de 650 x 580 x 380 mm LxPxL | Fabriqu\u00e9 en Allemagne<\/p>\n","protected":false},"featured_media":43643,"template":"","meta":{"_acf_changed":false},"product_brand":[],"product_cat":[13693],"product_tag":[],"class_list":{"0":"post-212214","1":"product","2":"type-product","3":"status-publish","4":"has-post-thumbnail","6":"product_cat-truhen-cases-fr","8":"first","9":"instock","10":"taxable","11":"shipping-taxable","12":"purchasable","13":"product-type-simple"},"acf":[],"_links":{"self":[{"href":"https:\/\/megacase.com\/fr\/wp-json\/wp\/v2\/product\/212214","targetHints":{"allow":["GET"]}}],"collection":[{"href":"https:\/\/megacase.com\/fr\/wp-json\/wp\/v2\/product"}],"about":[{"href":"https:\/\/megacase.com\/fr\/wp-json\/wp\/v2\/types\/product"}],"wp:featuredmedia":[{"embeddable":true,"href":"https:\/\/megacase.com\/fr\/wp-json\/wp\/v2\/media\/43643"}],"wp:attachment":[{"href":"https:\/\/megacase.com\/fr\/wp-json\/wp\/v2\/media?parent=212214"}],"wp:term":[{"taxonomy":"product_brand","embeddable":true,"href":"https:\/\/megacase.com\/fr\/wp-json\/wp\/v2\/product_brand?post=212214"},{"taxonomy":"product_cat","embeddable":true,"href":"https:\/\/megacase.com\/fr\/wp-json\/wp\/v2\/product_cat?post=212214"},{"taxonomy":"product_tag","embeddable":true,"href":"https:\/\/megacase.com\/fr\/wp-json\/wp\/v2\/product_tag?post=212214"}],"curies":[{"name":"wp","href":"https:\/\/api.w.org\/{rel}","templated":true}]}}