{"id":212027,"date":"2021-03-25T07:34:37","date_gmt":"2021-03-25T06:34:37","guid":{"rendered":"https:\/\/megacase.com\/product\/flightcase-optoma-zh500t\/"},"modified":"2026-03-26T13:12:06","modified_gmt":"2026-03-26T12:12:06","slug":"flightcase-optoma-zh500t","status":"publish","type":"product","link":"https:\/\/megacase.com\/fr\/produit\/flightcase-optoma-zh500t\/","title":{"rendered":"Flightcase Optoma ZH500T"},"content":{"rendered":"<p>\u00c9tui assorti pour un projecteur Optoma ZH500T et 510 TE avec un compartiment \u00e0 accessoires rembourr\u00e9<br \/>\ncompos\u00e9 de:<br \/>\n6,8 mm de r\u00e9sine ph\u00e9nolique multiplex bouleau enduit<br \/>\nCouleur marron<br \/>\nBord en aluminium 30&#215;30 mm<br \/>\nFermoir 2 papillons<br \/>\n2 grandes charni\u00e8res verrouillables<br \/>\n1 poign\u00e9e pliante moyenne<br \/>\nCoin \u00e0 4 billes moyen avec coin en L<br \/>\n4 coins de boule moyen<br \/>\nRembourrage en mousse<br \/>\navec compartiment \u00e0 accessoires rembourr\u00e9 de 15 cm<br \/>\nDimensions ext\u00e9rieures LxPxH 690x500x230 mm<br \/>\nPoids: 9,5 kg<br \/>\nFabriqu\u00e9 en Allemagne<\/p>\n","protected":false},"excerpt":{"rendered":"<p>\u00c9tui assorti pour un projecteur Optoma ZH500T et 510 TE avec un compartiment \u00e0 accessoires rembourr\u00e9 | Fabriqu\u00e9 en Allemagne<\/p>\n","protected":false},"featured_media":212008,"template":"","meta":{"_acf_changed":false},"product_brand":[],"product_cat":[15967],"product_tag":[],"class_list":{"0":"post-212027","1":"product","2":"type-product","3":"status-publish","4":"has-post-thumbnail","6":"product_cat-beamercase-utilisation","8":"first","9":"instock","10":"taxable","11":"shipping-taxable","12":"purchasable","13":"product-type-simple"},"acf":[],"_links":{"self":[{"href":"https:\/\/megacase.com\/fr\/wp-json\/wp\/v2\/product\/212027","targetHints":{"allow":["GET"]}}],"collection":[{"href":"https:\/\/megacase.com\/fr\/wp-json\/wp\/v2\/product"}],"about":[{"href":"https:\/\/megacase.com\/fr\/wp-json\/wp\/v2\/types\/product"}],"wp:featuredmedia":[{"embeddable":true,"href":"https:\/\/megacase.com\/fr\/wp-json\/wp\/v2\/media\/212008"}],"wp:attachment":[{"href":"https:\/\/megacase.com\/fr\/wp-json\/wp\/v2\/media?parent=212027"}],"wp:term":[{"taxonomy":"product_brand","embeddable":true,"href":"https:\/\/megacase.com\/fr\/wp-json\/wp\/v2\/product_brand?post=212027"},{"taxonomy":"product_cat","embeddable":true,"href":"https:\/\/megacase.com\/fr\/wp-json\/wp\/v2\/product_cat?post=212027"},{"taxonomy":"product_tag","embeddable":true,"href":"https:\/\/megacase.com\/fr\/wp-json\/wp\/v2\/product_tag?post=212027"}],"curies":[{"name":"wp","href":"https:\/\/api.w.org\/{rel}","templated":true}]}}