{"id":211960,"date":"2021-03-25T06:59:50","date_gmt":"2021-03-25T05:59:50","guid":{"rendered":"https:\/\/megacase.com\/product\/flightcase-clavia-nord-grand-pedal\/"},"modified":"2026-03-26T13:12:06","modified_gmt":"2026-03-26T12:12:06","slug":"flightcase-clavia-nord-grand-pedal","status":"publish","type":"product","link":"https:\/\/megacase.com\/fr\/produit\/flightcase-clavia-nord-grand-pedal\/","title":{"rendered":"Flightcase Clavia Nord Grand + Pedal"},"content":{"rendered":"<p>Coque assortie pour Clavia Nord Grand<br \/>\n6,8 mm de bouleau rev\u00eatu de ph\u00e9nol multiplex<br \/>\nCouleur marron<br \/>\nBord en aluminium 30x30mm<br \/>\n6 \u00e9cluses papillon moyen<br \/>\n8 poign\u00e9e pliante, moyenne<br \/>\n8 coins \u00e0 billes en acier, moyen<br \/>\n8 pieds en caoutchouc 38 x 20 mm pour se tenir sur le bord et poser<br \/>\nRembourrage en mousse<br \/>\nCompartiment \u00e0 gauche adapt\u00e9 \u00e0 la p\u00e9dale triple<br \/>\nCompartiment rembourr\u00e9 de 10 cm \u00e0 droite pour les accessoires<br \/>\nFabriqu\u00e9 en Allemagne<br \/>\nDimensions ext\u00e9rieures LxPxH env.: 1805 x 500 x 272 mm<br \/>\nPoids env.: 22,6 kg<\/p>\n","protected":false},"excerpt":{"rendered":"<p>Coque assortie pour Clavia Nord Grand | Compartiment \u00e0 gauche adapt\u00e9 \u00e0 la p\u00e9dale triple | Fabriqu\u00e9 en Allemagne<\/p>\n","protected":false},"featured_media":211949,"template":"","meta":{"_acf_changed":false},"product_brand":[],"product_cat":[13787],"product_tag":[],"class_list":{"0":"post-211960","1":"product","2":"type-product","3":"status-publish","4":"has-post-thumbnail","6":"product_cat-keyboard-cases-fr","8":"first","9":"instock","10":"taxable","11":"shipping-taxable","12":"purchasable","13":"product-type-simple"},"acf":[],"_links":{"self":[{"href":"https:\/\/megacase.com\/fr\/wp-json\/wp\/v2\/product\/211960","targetHints":{"allow":["GET"]}}],"collection":[{"href":"https:\/\/megacase.com\/fr\/wp-json\/wp\/v2\/product"}],"about":[{"href":"https:\/\/megacase.com\/fr\/wp-json\/wp\/v2\/types\/product"}],"wp:featuredmedia":[{"embeddable":true,"href":"https:\/\/megacase.com\/fr\/wp-json\/wp\/v2\/media\/211949"}],"wp:attachment":[{"href":"https:\/\/megacase.com\/fr\/wp-json\/wp\/v2\/media?parent=211960"}],"wp:term":[{"taxonomy":"product_brand","embeddable":true,"href":"https:\/\/megacase.com\/fr\/wp-json\/wp\/v2\/product_brand?post=211960"},{"taxonomy":"product_cat","embeddable":true,"href":"https:\/\/megacase.com\/fr\/wp-json\/wp\/v2\/product_cat?post=211960"},{"taxonomy":"product_tag","embeddable":true,"href":"https:\/\/megacase.com\/fr\/wp-json\/wp\/v2\/product_tag?post=211960"}],"curies":[{"name":"wp","href":"https:\/\/api.w.org\/{rel}","templated":true}]}}