{"id":211887,"date":"2021-03-25T06:50:25","date_gmt":"2021-03-25T05:50:25","guid":{"rendered":"https:\/\/megacase.com\/product\/flightcase-silver-jura-x8\/"},"modified":"2026-03-26T13:12:06","modified_gmt":"2026-03-26T12:12:06","slug":"flightcase-silver-jura-x8","status":"publish","type":"product","link":"https:\/\/megacase.com\/fr\/produit\/flightcase-silver-jura-x8\/","title":{"rendered":"Flightcase silver Jura X8"},"content":{"rendered":"<p>L-Case avec rembourrage en mousse pour un Jura X8 avec espace pour filtre \u00e0 eau et tuyaux \u00e0 lait<br \/>\ncompos\u00e9 de:<br \/>\nPlastique nid d&rsquo;abeille 6,8 mm<br \/>\nargent<br \/>\nBord en aluminium 25 x 25 mm<br \/>\n3x cadenas papillon moyen<br \/>\n2 charni\u00e8res \u00e0 droite<br \/>\n4x poign\u00e9e pliante moyenne<br \/>\n8 coins plats en acier, moyen<br \/>\nRembourrage en mousse<br \/>\n4 pieds en caoutchouc 38 x 20 mm<br \/>\nFabriqu\u00e9 en Allemagne<br \/>\nDimensions ext\u00e9rieures LxPxH env.: 418 x 620 x 582 mm<br \/>\nPoids env.: 10 kg<\/p>\n","protected":false},"excerpt":{"rendered":"<p>L-Case avec rembourrage en mousse pour un Jura X8 avec espace pour filtre \u00e0 eau et tuyaux \u00e0 lait | Fabriqu\u00e9 en Allemagne<\/p>\n","protected":false},"featured_media":248476,"template":"","meta":{"_acf_changed":false},"product_brand":[],"product_cat":[13745],"product_tag":[],"class_list":{"0":"post-211887","1":"product","2":"type-product","3":"status-publish","4":"has-post-thumbnail","6":"product_cat-catering-und-event-cases-fr","8":"first","9":"instock","10":"taxable","11":"shipping-taxable","12":"purchasable","13":"product-type-simple"},"acf":[],"_links":{"self":[{"href":"https:\/\/megacase.com\/fr\/wp-json\/wp\/v2\/product\/211887","targetHints":{"allow":["GET"]}}],"collection":[{"href":"https:\/\/megacase.com\/fr\/wp-json\/wp\/v2\/product"}],"about":[{"href":"https:\/\/megacase.com\/fr\/wp-json\/wp\/v2\/types\/product"}],"wp:featuredmedia":[{"embeddable":true,"href":"https:\/\/megacase.com\/fr\/wp-json\/wp\/v2\/media\/248476"}],"wp:attachment":[{"href":"https:\/\/megacase.com\/fr\/wp-json\/wp\/v2\/media?parent=211887"}],"wp:term":[{"taxonomy":"product_brand","embeddable":true,"href":"https:\/\/megacase.com\/fr\/wp-json\/wp\/v2\/product_brand?post=211887"},{"taxonomy":"product_cat","embeddable":true,"href":"https:\/\/megacase.com\/fr\/wp-json\/wp\/v2\/product_cat?post=211887"},{"taxonomy":"product_tag","embeddable":true,"href":"https:\/\/megacase.com\/fr\/wp-json\/wp\/v2\/product_tag?post=211887"}],"curies":[{"name":"wp","href":"https:\/\/api.w.org\/{rel}","templated":true}]}}