{"id":211814,"date":"2021-03-24T08:26:38","date_gmt":"2021-03-24T07:26:38","guid":{"rendered":"https:\/\/megacase.com\/product\/accessory-case-86x66x24-wheel\/"},"modified":"2026-03-26T13:12:07","modified_gmt":"2026-03-26T12:12:07","slug":"accessory-case-86x66x24-wheel","status":"publish","type":"product","link":"https:\/\/megacase.com\/fr\/produit\/accessory-case-86x66x24-wheel\/","title":{"rendered":"Accessory case 86x66x24 + wheel"},"content":{"rendered":"<p>Accessoires \u00c9tui avec les dimensions int\u00e9rieures de 860 x 660 x 240 mm LxPxL<br \/>\nfait de 9 mm de bouleau multiplex jaune rev\u00eatu<br \/>\n30 x 30mm Alukante<br \/>\n2 fermetures \u00e0 papillon<br \/>\n4 poign\u00e9es pliantes moyennes<br \/>\n8 coins de la balle grand<br \/>\n2 couverture de couverture de couverture avec fonction de clic<br \/>\n4 charni\u00e8res de 6 trous<br \/>\n4 roulettes d&rsquo;entre eux frein\u00e9s 2<br \/>\nFabriqu\u00e9 en Allemagne<br \/>\nDimensions ext\u00e9rieures LxPxL env.: 910 x 710 x 432 mm<br \/>\nPoids env. 25,2 kg<\/p>\n","protected":false},"excerpt":{"rendered":"<p>Accessoires \u00c9tui avec les dimensions int\u00e9rieures de 860 x 660 x 240 mm LxPxL | 4 roulettes d&rsquo;entre eux frein\u00e9s 2 | Fabriqu\u00e9 en Allemagne<\/p>\n","protected":false},"featured_media":211803,"template":"","meta":{"_acf_changed":false},"product_brand":[],"product_cat":[13693],"product_tag":[],"class_list":{"0":"post-211814","1":"product","2":"type-product","3":"status-publish","4":"has-post-thumbnail","6":"product_cat-truhen-cases-fr","8":"first","9":"instock","10":"sale","11":"taxable","12":"shipping-taxable","13":"purchasable","14":"product-type-simple"},"acf":[],"_links":{"self":[{"href":"https:\/\/megacase.com\/fr\/wp-json\/wp\/v2\/product\/211814","targetHints":{"allow":["GET"]}}],"collection":[{"href":"https:\/\/megacase.com\/fr\/wp-json\/wp\/v2\/product"}],"about":[{"href":"https:\/\/megacase.com\/fr\/wp-json\/wp\/v2\/types\/product"}],"wp:featuredmedia":[{"embeddable":true,"href":"https:\/\/megacase.com\/fr\/wp-json\/wp\/v2\/media\/211803"}],"wp:attachment":[{"href":"https:\/\/megacase.com\/fr\/wp-json\/wp\/v2\/media?parent=211814"}],"wp:term":[{"taxonomy":"product_brand","embeddable":true,"href":"https:\/\/megacase.com\/fr\/wp-json\/wp\/v2\/product_brand?post=211814"},{"taxonomy":"product_cat","embeddable":true,"href":"https:\/\/megacase.com\/fr\/wp-json\/wp\/v2\/product_cat?post=211814"},{"taxonomy":"product_tag","embeddable":true,"href":"https:\/\/megacase.com\/fr\/wp-json\/wp\/v2\/product_tag?post=211814"}],"curies":[{"name":"wp","href":"https:\/\/api.w.org\/{rel}","templated":true}]}}