{"id":211601,"date":"2021-03-23T16:34:46","date_gmt":"2021-03-23T15:34:46","guid":{"rendered":"https:\/\/megacase.com\/product\/flightcase-denon-dj-prime-4-2\/"},"modified":"2026-03-26T13:12:07","modified_gmt":"2026-03-26T12:12:07","slug":"flightcase-denon-dj-prime-4-2","status":"publish","type":"product","link":"https:\/\/megacase.com\/fr\/produit\/flightcase-denon-dj-prime-4-2\/","title":{"rendered":"Flightcase Denon DJ Prime 4"},"content":{"rendered":"<p>Bo\u00eetier de contr\u00f4leur pour un Denon DJ Prime 4<br \/>\nen contreplaqu\u00e9 de bouleau de 6,5 mm rev\u00eatu<br \/>\nCouleur: <a href=\"https:\/\/megacase.com\/fr\/farben-beschichtungen\/\">librement s\u00e9lectionnable<\/a><br \/>\n4 petites serrures papillon<br \/>\n3 poign\u00e9es pliantes, moyen \u00e9troit<br \/>\n8 petits coins \u00e0 billes en acier<br \/>\nRembourrage en mousse sur mesure dans la base et le couvercle<br \/>\n4 pieds en caoutchouc 38 x 20 mm<br \/>\n10 cm d&rsquo;espace derri\u00e8re l&rsquo;appareil<br \/>\nL&rsquo;appareil peut \u00eatre utilis\u00e9 debout dans le bo\u00eetier<br \/>\nToutes les connexions gratuites<br \/>\nFabriqu\u00e9 en Allemagne<br \/>\nDimensions ext\u00e9rieures LxPxH: 845x603x180 mm<br \/>\nPoids: 10,6 kg<\/p>\n<p>Lors de la commande, veuillez sp\u00e9cifier la couleur que vous souhaitez dans le champ de commentaire<\/p>\n","protected":false},"excerpt":{"rendered":"<p>Bo\u00eetier de contr\u00f4leur pour un Denon DJ Prime 4 | Toutes les connexions gratuites | Fabriqu\u00e9 en Allemagne<\/p>\n","protected":false},"featured_media":211590,"template":"","meta":{"_acf_changed":false},"product_brand":[],"product_cat":[13730],"product_tag":[],"class_list":{"0":"post-211601","1":"product","2":"type-product","3":"status-publish","4":"has-post-thumbnail","6":"product_cat-dj-cases-fr","8":"first","9":"instock","10":"taxable","11":"shipping-taxable","12":"purchasable","13":"product-type-simple"},"acf":[],"_links":{"self":[{"href":"https:\/\/megacase.com\/fr\/wp-json\/wp\/v2\/product\/211601","targetHints":{"allow":["GET"]}}],"collection":[{"href":"https:\/\/megacase.com\/fr\/wp-json\/wp\/v2\/product"}],"about":[{"href":"https:\/\/megacase.com\/fr\/wp-json\/wp\/v2\/types\/product"}],"wp:featuredmedia":[{"embeddable":true,"href":"https:\/\/megacase.com\/fr\/wp-json\/wp\/v2\/media\/211590"}],"wp:attachment":[{"href":"https:\/\/megacase.com\/fr\/wp-json\/wp\/v2\/media?parent=211601"}],"wp:term":[{"taxonomy":"product_brand","embeddable":true,"href":"https:\/\/megacase.com\/fr\/wp-json\/wp\/v2\/product_brand?post=211601"},{"taxonomy":"product_cat","embeddable":true,"href":"https:\/\/megacase.com\/fr\/wp-json\/wp\/v2\/product_cat?post=211601"},{"taxonomy":"product_tag","embeddable":true,"href":"https:\/\/megacase.com\/fr\/wp-json\/wp\/v2\/product_tag?post=211601"}],"curies":[{"name":"wp","href":"https:\/\/api.w.org\/{rel}","templated":true}]}}