{"id":211550,"date":"2021-03-23T16:05:08","date_gmt":"2021-03-23T15:05:08","guid":{"rendered":"https:\/\/megacase.com\/product\/flightcase-clavia-nord-lead-4r\/"},"modified":"2026-03-26T13:12:07","modified_gmt":"2026-03-26T12:12:07","slug":"flightcase-clavia-nord-lead-4r","status":"publish","type":"product","link":"https:\/\/megacase.com\/fr\/produit\/flightcase-clavia-nord-lead-4r\/","title":{"rendered":"Flightcase Clavia Nord Lead 4R"},"content":{"rendered":"<p>\u00c9tui de capot assorti pour un Clavia Nord Lead 4R<br \/>\nRev\u00eatu de r\u00e9sine ph\u00e9nolique multiplex de bouleau de 6,8 mm<br \/>\nCouleur marron<br \/>\nBord en aluminium 22 x 22 mm<br \/>\n2 cadenas papillon, petit<br \/>\n1 poign\u00e9e en cuir<br \/>\n4 pieds en caoutchouc 38 x 10 mm<br \/>\n8 petits coins sph\u00e9riques<br \/>\nEspace de 10 cm \u00e0 l&rsquo;arri\u00e8re pour les connexions<br \/>\nRembourrage en mousse<br \/>\nFabriqu\u00e9 en Allemagne<br \/>\nDimensions ext\u00e9rieures LxPxH env.: 525 x 340 x 176 mm<br \/>\nPoids env.: 3,7 kg<\/p>\n","protected":false},"excerpt":{"rendered":"<p>\u00c9tui de capot assorti pour un Clavia Nord Lead 4R | Espace de 10 cm \u00e0 l&rsquo;arri\u00e8re pour les connexions | Fabriqu\u00e9 en Allemagne<\/p>\n","protected":false},"featured_media":211543,"template":"","meta":{"_acf_changed":false},"product_brand":[],"product_cat":[15558],"product_tag":[],"class_list":{"0":"post-211550","1":"product","2":"type-product","3":"status-publish","4":"has-post-thumbnail","6":"product_cat-synthesizer-utilisation","8":"first","9":"instock","10":"taxable","11":"shipping-taxable","12":"purchasable","13":"product-type-simple"},"acf":[],"_links":{"self":[{"href":"https:\/\/megacase.com\/fr\/wp-json\/wp\/v2\/product\/211550","targetHints":{"allow":["GET"]}}],"collection":[{"href":"https:\/\/megacase.com\/fr\/wp-json\/wp\/v2\/product"}],"about":[{"href":"https:\/\/megacase.com\/fr\/wp-json\/wp\/v2\/types\/product"}],"wp:featuredmedia":[{"embeddable":true,"href":"https:\/\/megacase.com\/fr\/wp-json\/wp\/v2\/media\/211543"}],"wp:attachment":[{"href":"https:\/\/megacase.com\/fr\/wp-json\/wp\/v2\/media?parent=211550"}],"wp:term":[{"taxonomy":"product_brand","embeddable":true,"href":"https:\/\/megacase.com\/fr\/wp-json\/wp\/v2\/product_brand?post=211550"},{"taxonomy":"product_cat","embeddable":true,"href":"https:\/\/megacase.com\/fr\/wp-json\/wp\/v2\/product_cat?post=211550"},{"taxonomy":"product_tag","embeddable":true,"href":"https:\/\/megacase.com\/fr\/wp-json\/wp\/v2\/product_tag?post=211550"}],"curies":[{"name":"wp","href":"https:\/\/api.w.org\/{rel}","templated":true}]}}