{"id":211497,"date":"2021-03-23T15:54:21","date_gmt":"2021-03-23T14:54:21","guid":{"rendered":"https:\/\/megacase.com\/product\/roadcase-6x-litecraft-bx-7-beamx-7\/"},"modified":"2026-03-26T13:12:08","modified_gmt":"2026-03-26T12:12:08","slug":"roadcase-6x-litecraft-bx-7-beamx-7","status":"publish","type":"product","link":"https:\/\/megacase.com\/fr\/produit\/roadcase-6x-litecraft-bx-7-beamx-7\/","title":{"rendered":"Roadcase 6x Litecraft BX.7 \/ BeamX.7"},"content":{"rendered":"<p>\u00c9tui de coffre assorti pour 6 phares Litecraft BX.7 ou BeamX.7<br \/>\ncomprenant un compartiment \u00e0 accessoires rembourr\u00e9 de 150 mm de large<br \/>\nL&rsquo;\u00e9tui se compose de:<br \/>\nContreplaqu\u00e9 de bouleau de 6,5 mm<br \/>\nR\u00e9sine ph\u00e9nolique enduite marron<br \/>\nBord en aluminium 30&#215;30 mm<br \/>\n2 papillons moyen<br \/>\n4 poign\u00e9es pliantes, moyennes<br \/>\n2 grandes charni\u00e8res de verrouillage<br \/>\nBandes de carton \u00e0 rouleaux<br \/>\n4 roulettes pivotantes dont 2 frein\u00e9es<br \/>\n4 \u00e9videments de roue<br \/>\ncompartiment \u00e0 accessoires rembourr\u00e9 \u00e0 droite de 150 mm de large<br \/>\nIncrustation en mousse adapt\u00e9e pour 6 Litecraft BX.7 ou BeamX.7<br \/>\nFabriqu\u00e9 en Allemagne<br \/>\nDimensions ext\u00e9rieures LxPxH env.: 880 x 485 x 520 mm<br \/>\nPoids env.: 20,4 kg<\/p>\n<p>Attention &#8211; ne convient pas pour Litecraft BeamX.7<\/p>\n","protected":false},"excerpt":{"rendered":"<p>\u00c9tui de coffre assorti pour 6 phares Litecraft BX.7 ou BeamX.7 | Incrustation en mousse adapt\u00e9e pour 6 Litecraft BX.7 ou BeamX.7 | Fabriqu\u00e9 en Allemagne<\/p>\n","protected":false},"featured_media":212273,"template":"","meta":{"_acf_changed":false},"product_brand":[],"product_cat":[15423],"product_tag":[],"class_list":{"0":"post-211497","1":"product","2":"type-product","3":"status-publish","4":"has-post-thumbnail","6":"product_cat-light-equipment-case-utilisation","8":"first","9":"instock","10":"taxable","11":"shipping-taxable","12":"purchasable","13":"product-type-simple"},"acf":[],"_links":{"self":[{"href":"https:\/\/megacase.com\/fr\/wp-json\/wp\/v2\/product\/211497","targetHints":{"allow":["GET"]}}],"collection":[{"href":"https:\/\/megacase.com\/fr\/wp-json\/wp\/v2\/product"}],"about":[{"href":"https:\/\/megacase.com\/fr\/wp-json\/wp\/v2\/types\/product"}],"wp:featuredmedia":[{"embeddable":true,"href":"https:\/\/megacase.com\/fr\/wp-json\/wp\/v2\/media\/212273"}],"wp:attachment":[{"href":"https:\/\/megacase.com\/fr\/wp-json\/wp\/v2\/media?parent=211497"}],"wp:term":[{"taxonomy":"product_brand","embeddable":true,"href":"https:\/\/megacase.com\/fr\/wp-json\/wp\/v2\/product_brand?post=211497"},{"taxonomy":"product_cat","embeddable":true,"href":"https:\/\/megacase.com\/fr\/wp-json\/wp\/v2\/product_cat?post=211497"},{"taxonomy":"product_tag","embeddable":true,"href":"https:\/\/megacase.com\/fr\/wp-json\/wp\/v2\/product_tag?post=211497"}],"curies":[{"name":"wp","href":"https:\/\/api.w.org\/{rel}","templated":true}]}}