{"id":210828,"date":"2021-03-16T14:07:57","date_gmt":"2021-03-16T13:07:57","guid":{"rendered":"https:\/\/megacase.com\/product\/19-rackschublade-1he-ergo\/"},"modified":"2026-03-26T13:14:18","modified_gmt":"2026-03-26T12:14:18","slug":"19-rackschublade-1he-ergo","status":"publish","type":"product","link":"https:\/\/megacase.com\/fr\/produit\/19-rackschublade-1he-ergo\/","title":{"rendered":"Rackschublade 1HE Ergo"},"content":{"rendered":"<p>Construction en acier robuste de 1,5 mm<br \/>\nPoign\u00e9e continue pour l&rsquo;op\u00e9ration ergonomique<br \/>\nEmbrayage de verrouillage avec une traction de 1,5 kg<br \/>\nRallonge \u00e0 balles rails t\u00e9lescopiques compl\u00e8tes<br \/>\nS\u00e9paration rapide pour \u00e9liminer le tiroir<br \/>\n10 kg r\u00e9silience<\/p>\n<p>Type de produit: 19 \u00ab\u00a0Rack Tiroirs<br \/>\nMat\u00e9riel: acier<br \/>\nSurface: rev\u00eatement en poudre<br \/>\nLa couleur noire<br \/>\nHauteur \u00e0 l&rsquo;ext\u00e9rieur: 1 Hey<br \/>\nLargeur \u00e0 l&rsquo;ext\u00e9rieur: 484,6 mm<br \/>\nProfondeur \u00e0 l&rsquo;ext\u00e9rieur: 387,8 mm<br \/>\nHauteur \u00e0 l&rsquo;int\u00e9rieur: 35,6 mm<br \/>\nLargeur \u00e0 l&rsquo;int\u00e9rieur: 405,9 mm<br \/>\nProfondeur \u00e0 l&rsquo;int\u00e9rieur: 358.5 mm<br \/>\nCapacit\u00e9 de charge max. 10 kg<br \/>\n\u00c9paisseur mat\u00e9rielle: 1,5 mm<br \/>\nPoids: 5 kg<\/p>\n","protected":false},"excerpt":{"rendered":"<p>Robust 1.5 mm steel construction | Height outside: 1 U | Continuous handle for ergonomic operation<\/p>\n","protected":false},"featured_media":210856,"template":"","meta":{"_acf_changed":false},"product_brand":[],"product_cat":[13809],"product_tag":[],"class_list":{"0":"post-210828","1":"product","2":"type-product","3":"status-publish","4":"has-post-thumbnail","6":"product_cat-zubehoer-rack-fr","8":"first","9":"instock","10":"taxable","11":"shipping-taxable","12":"purchasable","13":"product-type-simple"},"acf":[],"_links":{"self":[{"href":"https:\/\/megacase.com\/fr\/wp-json\/wp\/v2\/product\/210828","targetHints":{"allow":["GET"]}}],"collection":[{"href":"https:\/\/megacase.com\/fr\/wp-json\/wp\/v2\/product"}],"about":[{"href":"https:\/\/megacase.com\/fr\/wp-json\/wp\/v2\/types\/product"}],"wp:featuredmedia":[{"embeddable":true,"href":"https:\/\/megacase.com\/fr\/wp-json\/wp\/v2\/media\/210856"}],"wp:attachment":[{"href":"https:\/\/megacase.com\/fr\/wp-json\/wp\/v2\/media?parent=210828"}],"wp:term":[{"taxonomy":"product_brand","embeddable":true,"href":"https:\/\/megacase.com\/fr\/wp-json\/wp\/v2\/product_brand?post=210828"},{"taxonomy":"product_cat","embeddable":true,"href":"https:\/\/megacase.com\/fr\/wp-json\/wp\/v2\/product_cat?post=210828"},{"taxonomy":"product_tag","embeddable":true,"href":"https:\/\/megacase.com\/fr\/wp-json\/wp\/v2\/product_tag?post=210828"}],"curies":[{"name":"wp","href":"https:\/\/api.w.org\/{rel}","templated":true}]}}