{"id":210498,"date":"2021-03-15T08:35:14","date_gmt":"2021-03-15T07:35:14","guid":{"rendered":"https:\/\/megacase.com\/product\/rack-sd-8u-60-shockmountwheel\/"},"modified":"2026-03-26T13:14:21","modified_gmt":"2026-03-26T12:14:21","slug":"rack-sd-8u-60-shockmountwheel","status":"publish","type":"product","link":"https:\/\/megacase.com\/fr\/produit\/rack-sd-8u-60-shockmountwheel\/","title":{"rendered":"Rack professionnel 8U pour syst\u00e8me de sonorisation 600, porte coulissante"},"content":{"rendered":"<p>Rack professionnel 19 pouces avec porte coulissante, rails de rack r\u00e9glables \u00e0 l&rsquo;avant et \u00e0 l&rsquo;arri\u00e8re, et support de suspension antichoc.<\/p>\n<p>Hauteur d&rsquo;installation : 8U<br \/>\nProfondeur d&rsquo;installation : 40-50 cm<br \/>\nContreplaqu\u00e9 noir 9 mm RAL 9004<br \/>\nCh\u00e2ssis aluminium 30\/30 mm<br \/>\n2 loquets de verrouillage + cache<br \/>\n4 charni\u00e8res noires<br \/>\n4 poign\u00e9es rabattables de taille moyenne<br \/>\n8 coins plats en acier<br \/>\n4 logements pour roulettes<br \/>\n4 roulettes pivotantes, dont 2 avec frein<br \/>\n4 plaques de roulettes en PVC<br \/>\nRails de rack r\u00e9glables \u00e0 l&rsquo;avant et \u00e0 l&rsquo;arri\u00e8re<br \/>\nJeu de visserie inclus<br \/>\n12 tampons en caoutchouc<br \/>\n2 plateaux de suspension antichoc<\/p>\n<p>Fabriqu\u00e9 en Allemagne<br \/>\nDimensions (L x P x H) : environ 615 x 605 x 625 mm<br \/>\nPoids : environ <\/p>\n","protected":false},"excerpt":{"rendered":"<p>height: 8U | depth: 40-50 cm | rackrails adjustable | Shockmount-frame | made in germany<\/p>\n","protected":false},"featured_media":214698,"template":"","meta":{"_acf_changed":false},"product_brand":[],"product_cat":[13593],"product_tag":[],"class_list":{"0":"post-210498","1":"product","2":"type-product","3":"status-publish","4":"has-post-thumbnail","6":"product_cat-racks-fr","8":"first","9":"instock","10":"taxable","11":"shipping-taxable","12":"purchasable","13":"product-type-simple"},"acf":[],"_links":{"self":[{"href":"https:\/\/megacase.com\/fr\/wp-json\/wp\/v2\/product\/210498","targetHints":{"allow":["GET"]}}],"collection":[{"href":"https:\/\/megacase.com\/fr\/wp-json\/wp\/v2\/product"}],"about":[{"href":"https:\/\/megacase.com\/fr\/wp-json\/wp\/v2\/types\/product"}],"wp:featuredmedia":[{"embeddable":true,"href":"https:\/\/megacase.com\/fr\/wp-json\/wp\/v2\/media\/214698"}],"wp:attachment":[{"href":"https:\/\/megacase.com\/fr\/wp-json\/wp\/v2\/media?parent=210498"}],"wp:term":[{"taxonomy":"product_brand","embeddable":true,"href":"https:\/\/megacase.com\/fr\/wp-json\/wp\/v2\/product_brand?post=210498"},{"taxonomy":"product_cat","embeddable":true,"href":"https:\/\/megacase.com\/fr\/wp-json\/wp\/v2\/product_cat?post=210498"},{"taxonomy":"product_tag","embeddable":true,"href":"https:\/\/megacase.com\/fr\/wp-json\/wp\/v2\/product_tag?post=210498"}],"curies":[{"name":"wp","href":"https:\/\/api.w.org\/{rel}","templated":true}]}}