{"id":199909,"date":"2021-01-28T10:36:49","date_gmt":"2021-01-28T09:36:49","guid":{"rendered":"https:\/\/megacase.com\/product\/flightcase-roland-spd-sx\/"},"modified":"2026-04-09T14:46:53","modified_gmt":"2026-04-09T12:46:53","slug":"flightcase-roland-spd-sx","status":"publish","type":"product","link":"https:\/\/megacase.com\/fr\/produit\/flightcase-roland-spd-sx\/","title":{"rendered":"Flightcase Roland SPD-SX"},"content":{"rendered":"<p>\u00c9tui sur mesure pour pad d&rsquo;\u00e9chantillonnage Roland SPD XS, avec support de fixation.<\/p>\n<p>Fabriqu\u00e9 en contreplaqu\u00e9 de bouleau de 6,5 mm<br \/>\nRev\u00eatement en r\u00e9sine ph\u00e9nolique marron<br \/>\nChambres en aluminium 25 x 25 mm<br \/>\nRembourrage en mousse<br \/>\n2 fermetures \u00e0 pression<br \/>\n1 poign\u00e9e<br \/>\nCharni\u00e8res du couvercle<br \/>\nCoins renforc\u00e9s par des billes d&rsquo;acier<br \/>\nEmplacement pour alimentation et pince multiple (pince d&rsquo;environ 8 cm)<br \/>\nFabriqu\u00e9 en Allemagne<br \/>\nDimensions ext\u00e9rieures\u00a0: L x P x H 465 x 427 x 250 mm<br \/>\nPoids\u00a0: environ 5,7 kg<\/p>\n","protected":false},"excerpt":{"rendered":"<p>\u00c9tui sur mesure pour pad d&rsquo;\u00e9chantillonnage Roland SPD XS, avec support de fixation. Fabriqu\u00e9 en contreplaqu\u00e9 de bouleau de 6,5<\/p>\n","protected":false},"featured_media":199878,"template":"","meta":{"_acf_changed":false},"product_brand":[],"product_cat":[15043],"product_tag":[],"class_list":{"0":"post-199909","1":"product","2":"type-product","3":"status-publish","4":"has-post-thumbnail","6":"product_cat-uncategorized-de","8":"first","9":"instock","10":"taxable","11":"shipping-taxable","12":"purchasable","13":"product-type-simple"},"acf":[],"_links":{"self":[{"href":"https:\/\/megacase.com\/fr\/wp-json\/wp\/v2\/product\/199909","targetHints":{"allow":["GET"]}}],"collection":[{"href":"https:\/\/megacase.com\/fr\/wp-json\/wp\/v2\/product"}],"about":[{"href":"https:\/\/megacase.com\/fr\/wp-json\/wp\/v2\/types\/product"}],"wp:featuredmedia":[{"embeddable":true,"href":"https:\/\/megacase.com\/fr\/wp-json\/wp\/v2\/media\/199878"}],"wp:attachment":[{"href":"https:\/\/megacase.com\/fr\/wp-json\/wp\/v2\/media?parent=199909"}],"wp:term":[{"taxonomy":"product_brand","embeddable":true,"href":"https:\/\/megacase.com\/fr\/wp-json\/wp\/v2\/product_brand?post=199909"},{"taxonomy":"product_cat","embeddable":true,"href":"https:\/\/megacase.com\/fr\/wp-json\/wp\/v2\/product_cat?post=199909"},{"taxonomy":"product_tag","embeddable":true,"href":"https:\/\/megacase.com\/fr\/wp-json\/wp\/v2\/product_tag?post=199909"}],"curies":[{"name":"wp","href":"https:\/\/api.w.org\/{rel}","templated":true}]}}