{"id":199638,"date":"2021-01-27T13:53:08","date_gmt":"2021-01-27T12:53:08","guid":{"rendered":"https:\/\/megacase.com\/product\/zubehoercase-100x50x50\/"},"modified":"2026-04-14T13:59:20","modified_gmt":"2026-04-14T11:59:20","slug":"zubehoercase-100x50x50","status":"publish","type":"product","link":"https:\/\/megacase.com\/fr\/produit\/zubehoercase-100x50x50\/","title":{"rendered":"Accessory Case 100x50x50"},"content":{"rendered":"<p>Contreplaqu\u00e9 de bouleau de 6,5 mm, rev\u00eatement en r\u00e9sine ph\u00e9nolique<br \/>\nCouleur : marron<br \/>\nCh\u00e2ssis en aluminium 30 x 30 mm<br \/>\n4 coins \u00e0 billes en acier, empilables par le bas<br \/>\n4 coins \u00e0 billes en acier<br \/>\n2 charni\u00e8res papillon \u00e0 ressort avec but\u00e9e<br \/>\nGrandes charni\u00e8res de verrouillage<br \/>\n4 poign\u00e9es pliantes moyennes<br \/>\nDimensions int\u00e9rieures (L x P x H) : 1000 x 500 x 500 mm<br \/>\nDimensions ext\u00e9rieures (L x P x H) env. : 1040 x 540 x 540 mm<br \/>\nPoids : 17,3 kg<br \/>\nFabriqu\u00e9 en Allemagne<\/p>\n<p>Un kit de s\u00e9paration optionnel est disponible sous la r\u00e9f\u00e9rence <a href=\"https:\/\/megacase.com\/de\/produkt\/trennwandset-50x50\/\">251871<\/a>.<\/p>\n","protected":false},"excerpt":{"rendered":"<p>Contreplaqu\u00e9 de bouleau de 6,5 mm, rev\u00eatement en r\u00e9sine ph\u00e9nolique Couleur : marron Ch\u00e2ssis en aluminium 30 x 30 mm<\/p>\n","protected":false},"featured_media":199631,"template":"","meta":{"_acf_changed":false},"product_brand":[],"product_cat":[13693],"product_tag":[],"class_list":{"0":"post-199638","1":"product","2":"type-product","3":"status-publish","4":"has-post-thumbnail","6":"product_cat-truhen-cases-fr","8":"first","9":"instock","10":"taxable","11":"shipping-taxable","12":"purchasable","13":"product-type-simple"},"acf":[],"_links":{"self":[{"href":"https:\/\/megacase.com\/fr\/wp-json\/wp\/v2\/product\/199638","targetHints":{"allow":["GET"]}}],"collection":[{"href":"https:\/\/megacase.com\/fr\/wp-json\/wp\/v2\/product"}],"about":[{"href":"https:\/\/megacase.com\/fr\/wp-json\/wp\/v2\/types\/product"}],"wp:featuredmedia":[{"embeddable":true,"href":"https:\/\/megacase.com\/fr\/wp-json\/wp\/v2\/media\/199631"}],"wp:attachment":[{"href":"https:\/\/megacase.com\/fr\/wp-json\/wp\/v2\/media?parent=199638"}],"wp:term":[{"taxonomy":"product_brand","embeddable":true,"href":"https:\/\/megacase.com\/fr\/wp-json\/wp\/v2\/product_brand?post=199638"},{"taxonomy":"product_cat","embeddable":true,"href":"https:\/\/megacase.com\/fr\/wp-json\/wp\/v2\/product_cat?post=199638"},{"taxonomy":"product_tag","embeddable":true,"href":"https:\/\/megacase.com\/fr\/wp-json\/wp\/v2\/product_tag?post=199638"}],"curies":[{"name":"wp","href":"https:\/\/api.w.org\/{rel}","templated":true}]}}