{"id":199494,"date":"2014-07-09T00:00:00","date_gmt":"2014-07-08T22:00:00","guid":{"rendered":"https:\/\/megacase.com\/product\/zubehoercase-100x40x40\/"},"modified":"2026-04-14T13:56:18","modified_gmt":"2026-04-14T11:56:18","slug":"zubehoercase-100x40x40","status":"publish","type":"product","link":"https:\/\/megacase.com\/fr\/produit\/zubehoercase-100x40x40\/","title":{"rendered":"Accessory Case 100x40x40"},"content":{"rendered":"<p>Contreplaqu\u00e9 de bouleau de 6,5 mm, rev\u00eatement en r\u00e9sine ph\u00e9nolique<br \/>\nCouleur\u00a0: marron<br \/>\nCh\u00e2ssis en aluminium 30 x 30 mm<br \/>\n2 fermetures papillon \u00e0 ressort<br \/>\n4 poign\u00e9es rabattables<br \/>\n4 coins \u00e0 billes en acier<br \/>\n4 coins \u00e0 billes en acier, empilables par le bas<br \/>\nCharni\u00e8res de verrouillage<\/p>\n<p>Dimensions int\u00e9rieures (L x P x H)\u00a0: 1000 x 400 x 400 mm<br \/>\nDimensions ext\u00e9rieures (L x P x H)\u00a0: environ 1040 x 440 x 440 mm<br \/>\nPoids\u00a0: 14,4 kg<\/p>\n<p>Un kit de cloisons optionnel est disponible sous la r\u00e9f\u00e9rence <a href=\"https:\/\/megacase.com\/de\/produkt\/trennwandset-40x40\/\">251870<\/a>.<\/p>\n","protected":false},"excerpt":{"rendered":"<p>Contreplaqu\u00e9 de bouleau de 6,5 mm, rev\u00eatement en r\u00e9sine ph\u00e9nolique Couleur\u00a0: marron Ch\u00e2ssis en aluminium 30 x 30 mm 2<\/p>\n","protected":false},"featured_media":37853,"template":"","meta":{"_acf_changed":false},"product_brand":[],"product_cat":[13693],"product_tag":[],"class_list":{"0":"post-199494","1":"product","2":"type-product","3":"status-publish","4":"has-post-thumbnail","6":"product_cat-truhen-cases-fr","8":"first","9":"instock","10":"taxable","11":"shipping-taxable","12":"purchasable","13":"product-type-simple"},"acf":[],"_links":{"self":[{"href":"https:\/\/megacase.com\/fr\/wp-json\/wp\/v2\/product\/199494","targetHints":{"allow":["GET"]}}],"collection":[{"href":"https:\/\/megacase.com\/fr\/wp-json\/wp\/v2\/product"}],"about":[{"href":"https:\/\/megacase.com\/fr\/wp-json\/wp\/v2\/types\/product"}],"wp:featuredmedia":[{"embeddable":true,"href":"https:\/\/megacase.com\/fr\/wp-json\/wp\/v2\/media\/37853"}],"wp:attachment":[{"href":"https:\/\/megacase.com\/fr\/wp-json\/wp\/v2\/media?parent=199494"}],"wp:term":[{"taxonomy":"product_brand","embeddable":true,"href":"https:\/\/megacase.com\/fr\/wp-json\/wp\/v2\/product_brand?post=199494"},{"taxonomy":"product_cat","embeddable":true,"href":"https:\/\/megacase.com\/fr\/wp-json\/wp\/v2\/product_cat?post=199494"},{"taxonomy":"product_tag","embeddable":true,"href":"https:\/\/megacase.com\/fr\/wp-json\/wp\/v2\/product_tag?post=199494"}],"curies":[{"name":"wp","href":"https:\/\/api.w.org\/{rel}","templated":true}]}}