{"id":194084,"date":"2020-12-10T13:10:30","date_gmt":"2020-12-10T12:10:30","guid":{"rendered":"https:\/\/megacase.com\/product\/whiskey-flightcase\/"},"modified":"2026-04-08T15:42:58","modified_gmt":"2026-04-08T13:42:58","slug":"whiskey-flightcase","status":"publish","type":"product","link":"https:\/\/megacase.com\/fr\/produit\/whiskey-flightcase\/","title":{"rendered":"Whiskey Flightcase"},"content":{"rendered":"<p>Contient une bouteille de Jack Daniel&rsquo;s de 0,7 l et deux bouteilles de cola de 0,5 l<br \/>\n1 poign\u00e9e<br \/>\nDimensions ext\u00e9rieures : 47,5 x 12,5 x 34,5 cm<br \/>\nPoids : 4,5 kg<br \/>\nCouleur : noir<br \/>\n2 verres inclus (boissons non incluses)<br \/>\nFabriqu\u00e9 en Allemagne<\/p>\n<p>Remarque : nous n&rsquo;avons aucune relation commerciale avec Jack Daniel&rsquo;s et cet \u00e9tui n&rsquo;est pas soumis \u00e0 la responsabilit\u00e9 du produit de Jack Daniel&rsquo;s.<\/p>\n","protected":false},"excerpt":{"rendered":"<p>Contient une bouteille de Jack Daniel&rsquo;s de 0,7 l et deux bouteilles de cola de 0,5 l 1 poign\u00e9e Dimensions<\/p>\n","protected":false},"featured_media":270647,"template":"","meta":{"_acf_changed":false},"product_brand":[],"product_cat":[15377],"product_tag":[16459],"class_list":{"0":"post-194084","1":"product","2":"type-product","3":"status-publish","4":"has-post-thumbnail","6":"product_cat-fun-case-utilisation","7":"product_tag-blackfriday-fr","9":"first","10":"instock","11":"taxable","12":"shipping-taxable","13":"purchasable","14":"product-type-simple"},"acf":[],"_links":{"self":[{"href":"https:\/\/megacase.com\/fr\/wp-json\/wp\/v2\/product\/194084","targetHints":{"allow":["GET"]}}],"collection":[{"href":"https:\/\/megacase.com\/fr\/wp-json\/wp\/v2\/product"}],"about":[{"href":"https:\/\/megacase.com\/fr\/wp-json\/wp\/v2\/types\/product"}],"wp:featuredmedia":[{"embeddable":true,"href":"https:\/\/megacase.com\/fr\/wp-json\/wp\/v2\/media\/270647"}],"wp:attachment":[{"href":"https:\/\/megacase.com\/fr\/wp-json\/wp\/v2\/media?parent=194084"}],"wp:term":[{"taxonomy":"product_brand","embeddable":true,"href":"https:\/\/megacase.com\/fr\/wp-json\/wp\/v2\/product_brand?post=194084"},{"taxonomy":"product_cat","embeddable":true,"href":"https:\/\/megacase.com\/fr\/wp-json\/wp\/v2\/product_cat?post=194084"},{"taxonomy":"product_tag","embeddable":true,"href":"https:\/\/megacase.com\/fr\/wp-json\/wp\/v2\/product_tag?post=194084"}],"curies":[{"name":"wp","href":"https:\/\/api.w.org\/{rel}","templated":true}]}}