{"id":188685,"date":"2020-11-23T10:56:38","date_gmt":"2020-11-23T09:56:38","guid":{"rendered":"https:\/\/megacase.com\/product\/case-bose-s1-pro-system\/"},"modified":"2026-04-14T09:32:00","modified_gmt":"2026-04-14T07:32:00","slug":"case-bose-s1-pro-system","status":"publish","type":"product","link":"https:\/\/megacase.com\/fr\/produit\/case-bose-s1-pro-system\/","title":{"rendered":"Case Bose S1 Pro System"},"content":{"rendered":"<p>Flightcase adapt\u00e9 au syst\u00e8me de sonorisation tout-en-un Bose S1 Pro,<br \/>\nContreplaqu\u00e9 de bouleau 6,8 mm avec rev\u00eatement ph\u00e9nolique,<br \/>\nCouleur\u00a0: marron,<br \/>\nProfil\u00e9 aluminium 25 x 25 mm,<br \/>\n1 fermeture papillon moyenne,<br \/>\n1 poign\u00e9e \u00e0 ressort sur le couvercle,<br \/>\n2 charni\u00e8res de couvercle,<br \/>\n8 coins en acier,<br \/>\nRembourrage en mousse,<br \/>\nDimensions ext\u00e9rieures (L x P x H)\u00a0: environ 320 x 280 x 390 mm,<br \/>\nPoids\u00a0: environ 5 kg,<br \/>\nFabriqu\u00e9 en Allemagne<\/p>\n","protected":false},"excerpt":{"rendered":"<p>Flightcase adapt\u00e9 au syst\u00e8me de sonorisation tout-en-un Bose S1 Pro, Contreplaqu\u00e9 de bouleau 6,8 mm avec rev\u00eatement ph\u00e9nolique, Couleur\u00a0: marron,<\/p>\n","protected":false},"featured_media":188634,"template":"","meta":{"_acf_changed":false},"product_brand":[],"product_cat":[16320],"product_tag":[],"class_list":{"0":"post-188685","1":"product","2":"type-product","3":"status-publish","4":"has-post-thumbnail","6":"product_cat-audio-cases-fr","8":"first","9":"instock","10":"taxable","11":"shipping-taxable","12":"purchasable","13":"product-type-simple"},"acf":[],"_links":{"self":[{"href":"https:\/\/megacase.com\/fr\/wp-json\/wp\/v2\/product\/188685","targetHints":{"allow":["GET"]}}],"collection":[{"href":"https:\/\/megacase.com\/fr\/wp-json\/wp\/v2\/product"}],"about":[{"href":"https:\/\/megacase.com\/fr\/wp-json\/wp\/v2\/types\/product"}],"wp:featuredmedia":[{"embeddable":true,"href":"https:\/\/megacase.com\/fr\/wp-json\/wp\/v2\/media\/188634"}],"wp:attachment":[{"href":"https:\/\/megacase.com\/fr\/wp-json\/wp\/v2\/media?parent=188685"}],"wp:term":[{"taxonomy":"product_brand","embeddable":true,"href":"https:\/\/megacase.com\/fr\/wp-json\/wp\/v2\/product_brand?post=188685"},{"taxonomy":"product_cat","embeddable":true,"href":"https:\/\/megacase.com\/fr\/wp-json\/wp\/v2\/product_cat?post=188685"},{"taxonomy":"product_tag","embeddable":true,"href":"https:\/\/megacase.com\/fr\/wp-json\/wp\/v2\/product_tag?post=188685"}],"curies":[{"name":"wp","href":"https:\/\/api.w.org\/{rel}","templated":true}]}}