{"id":188473,"date":"2020-11-20T14:43:39","date_gmt":"2020-11-20T13:43:39","guid":{"rendered":"https:\/\/megacase.com\/product\/zubehoercase-60x50x50\/"},"modified":"2026-04-14T13:38:46","modified_gmt":"2026-04-14T11:38:46","slug":"zubehoercase-60x50x50","status":"publish","type":"product","link":"https:\/\/megacase.com\/fr\/produit\/zubehoercase-60x50x50\/","title":{"rendered":"Accessory Case 60x50x50"},"content":{"rendered":"<p>Coffre \u00e0 accessoires, dimensions int\u00e9rieures\u00a0: 600 x 500 x 500 mm<\/p>\n<p>Mat\u00e9riau\u00a0: contreplaqu\u00e9 de bouleau multiplex de 7 mm<\/p>\n<p>Ch\u00e2ssis en aluminium de 30 x 30 mm<br \/>\n4 coins arrondis moyens sur le dessus<br \/>\n4 coins arrondis empilables en dessous<br \/>\n2 fermetures papillon \u00e0 ressort<br \/>\n4 poign\u00e9es pliantes robustes<br \/>\nGrandes charni\u00e8res de verrouillage<br \/>\nDimensions int\u00e9rieures (L x H x P)\u00a0: 60 x 50 x 50 cm<br \/>\nDimensions ext\u00e9rieures (L x H x P)\u00a0: 64,5 x 53,5 x 53,5 cm<br \/>\nPoids\u00a0: 12,3 kg<br \/>\nCouleur\u00a0: Brun ph\u00e9nolique<br \/>\nFabriqu\u00e9 en Allemagne<\/p>\n<p>R\u00e9f\u00e9rence du kit de s\u00e9paration compatible\u00a0: <a href=\"https:\/\/megacase.com\/nl\/product\/trennwandset-50x50\/\">251871<\/a><\/p>\n","protected":false},"excerpt":{"rendered":"<p>Coffre \u00e0 accessoires, dimensions int\u00e9rieures\u00a0: 600 x 500 x 500 mm Mat\u00e9riau\u00a0: contreplaqu\u00e9 de bouleau multiplex de 7 mm Ch\u00e2ssis<\/p>\n","protected":false},"featured_media":188462,"template":"","meta":{"_acf_changed":false},"product_brand":[],"product_cat":[13693],"product_tag":[],"class_list":{"0":"post-188473","1":"product","2":"type-product","3":"status-publish","4":"has-post-thumbnail","6":"product_cat-truhen-cases-fr","8":"first","9":"instock","10":"taxable","11":"shipping-taxable","12":"purchasable","13":"product-type-simple"},"acf":[],"_links":{"self":[{"href":"https:\/\/megacase.com\/fr\/wp-json\/wp\/v2\/product\/188473","targetHints":{"allow":["GET"]}}],"collection":[{"href":"https:\/\/megacase.com\/fr\/wp-json\/wp\/v2\/product"}],"about":[{"href":"https:\/\/megacase.com\/fr\/wp-json\/wp\/v2\/types\/product"}],"wp:featuredmedia":[{"embeddable":true,"href":"https:\/\/megacase.com\/fr\/wp-json\/wp\/v2\/media\/188462"}],"wp:attachment":[{"href":"https:\/\/megacase.com\/fr\/wp-json\/wp\/v2\/media?parent=188473"}],"wp:term":[{"taxonomy":"product_brand","embeddable":true,"href":"https:\/\/megacase.com\/fr\/wp-json\/wp\/v2\/product_brand?post=188473"},{"taxonomy":"product_cat","embeddable":true,"href":"https:\/\/megacase.com\/fr\/wp-json\/wp\/v2\/product_cat?post=188473"},{"taxonomy":"product_tag","embeddable":true,"href":"https:\/\/megacase.com\/fr\/wp-json\/wp\/v2\/product_tag?post=188473"}],"curies":[{"name":"wp","href":"https:\/\/api.w.org\/{rel}","templated":true}]}}