{"id":187955,"date":"2020-11-18T20:48:36","date_gmt":"2020-11-18T19:48:36","guid":{"rendered":"https:\/\/megacase.com\/product\/zubehoercase-60x40x40\/"},"modified":"2026-04-14T13:29:53","modified_gmt":"2026-04-14T11:29:53","slug":"zubehoercase-60x40x40","status":"publish","type":"product","link":"https:\/\/megacase.com\/fr\/produit\/zubehoercase-60x40x40\/","title":{"rendered":"Accessory Case 60x40x40"},"content":{"rendered":"<h2>Accessory Chest<\/h2>\n<p><span class=\"HwtZe\" lang=\"fr\"><span class=\"jCAhz ChMk0b\"><span class=\"ryNqvb\">Fini les c\u00e2bles emm\u00eal\u00e9s, les outils \u00e9gar\u00e9s et les accessoires qui disparaissent au fond de votre camionnette.<\/span><\/span> <span class=\"jCAhz ChMk0b\"><span class=\"ryNqvb\">Ce coffre de transport compact vous permet d&rsquo;organiser votre mat\u00e9riel et de garder votre \u00e9quipement bien rang\u00e9. Mesurant 60 \u00d7 40 \u00d7 40 cm, il est suffisamment spacieux pour contenir tous vos essentiels et assez compact pour vous accompagner partout.<\/span><\/span> <span class=\"jCAhz ChMk0b\"><span class=\"ryNqvb\">Sa construction robuste lui permet de r\u00e9sister aux exigences d&rsquo;une utilisation quotidienne, que ce soit en tourn\u00e9e, en studio ou sur un chantier. C\u00e2bles, outils, adaptateurs, petites pi\u00e8ces\u00a0: chaque chose a sa place.<\/span><\/span> <span class=\"jCAhz ChMk0b\"><span class=\"ryNqvb\">Tout est imm\u00e9diatement accessible pour la prochaine intervention.<\/span><\/span> <span class=\"jCAhz ChMk0b\"><span class=\"ryNqvb\">Plus besoin de chercher, plus de temps perdu, plus de tracas.<\/span><\/span><\/span><\/p>\n<ul>\n<li>Contreplaqu\u00e9 de bouleau de 6,5 mm<\/li>\n<li>Rev\u00eatement en r\u00e9sine ph\u00e9nolique marron<\/li>\n<li>Ch\u00e2ssis en aluminium 30 x 30 mm<\/li>\n<li>2 fermetures papillon \u00e0 ressort<\/li>\n<li>4 poign\u00e9es rabattables<\/li>\n<li>4 coins \u00e0 billes en acier<\/li>\n<li>4 coins \u00e0 billes en acier empilables (partie inf\u00e9rieure)<\/li>\n<li>Charni\u00e8res de verrouillage<\/li>\n<li>Dimensions ext\u00e9rieures (L x P x H) : 640 x 440 x 440 mm<\/li>\n<li>Poids : 10,5 kg<\/li>\n<li>Un kit de cloisons optionnel est disponible sous la r\u00e9f\u00e9rence 251870<\/li>\n<\/ul>\n","protected":false},"excerpt":{"rendered":"<p>Accessory Chest Fini les c\u00e2bles emm\u00eal\u00e9s, les outils \u00e9gar\u00e9s et les accessoires qui disparaissent au fond de votre camionnette. Ce<\/p>\n","protected":false},"featured_media":188138,"template":"","meta":{"_acf_changed":false},"product_brand":[],"product_cat":[13693],"product_tag":[],"class_list":{"0":"post-187955","1":"product","2":"type-product","3":"status-publish","4":"has-post-thumbnail","6":"product_cat-truhen-cases-fr","8":"first","9":"instock","10":"taxable","11":"shipping-taxable","12":"purchasable","13":"product-type-simple"},"acf":[],"_links":{"self":[{"href":"https:\/\/megacase.com\/fr\/wp-json\/wp\/v2\/product\/187955","targetHints":{"allow":["GET"]}}],"collection":[{"href":"https:\/\/megacase.com\/fr\/wp-json\/wp\/v2\/product"}],"about":[{"href":"https:\/\/megacase.com\/fr\/wp-json\/wp\/v2\/types\/product"}],"wp:featuredmedia":[{"embeddable":true,"href":"https:\/\/megacase.com\/fr\/wp-json\/wp\/v2\/media\/188138"}],"wp:attachment":[{"href":"https:\/\/megacase.com\/fr\/wp-json\/wp\/v2\/media?parent=187955"}],"wp:term":[{"taxonomy":"product_brand","embeddable":true,"href":"https:\/\/megacase.com\/fr\/wp-json\/wp\/v2\/product_brand?post=187955"},{"taxonomy":"product_cat","embeddable":true,"href":"https:\/\/megacase.com\/fr\/wp-json\/wp\/v2\/product_cat?post=187955"},{"taxonomy":"product_tag","embeddable":true,"href":"https:\/\/megacase.com\/fr\/wp-json\/wp\/v2\/product_tag?post=187955"}],"curies":[{"name":"wp","href":"https:\/\/api.w.org\/{rel}","templated":true}]}}