{"id":187873,"date":"2020-11-17T16:38:35","date_gmt":"2020-11-17T15:38:35","guid":{"rendered":"https:\/\/megacase.com\/?post_type=product&#038;p=187873"},"modified":"2026-04-14T13:23:52","modified_gmt":"2026-04-14T11:23:52","slug":"accessory-case-60x30x30-foam","status":"publish","type":"product","link":"https:\/\/megacase.com\/fr\/produit\/accessory-case-60x30x30-foam\/","title":{"rendered":"Accessory Case 60x30x30 + foam"},"content":{"rendered":"<p>Fini les c\u00e2bles emm\u00eal\u00e9s et les pi\u00e8ces qui tra\u00eenent.<br \/>\nOrganisez vos c\u00e2bles, outils et accessoires gr\u00e2ce aux rails et s\u00e9parateurs optionnels.<\/p>\n<p>Contreplaqu\u00e9 de bouleau de 7 mm, rev\u00eatement en r\u00e9sine ph\u00e9nolique\u00a0;<br \/>\nCouleur\u00a0: marron<br \/>\nChambre en aluminium 30 x 30 mm<br \/>\n2 fermetures papillon \u00e0 ressort<br \/>\n2 poign\u00e9es rabattables<br \/>\n4 coins \u00e0 billes en acier<br \/>\n4 coins \u00e0 billes en acier, empilable par le bas<br \/>\nCharni\u00e8res de verrouillage<br \/>\nRembourrage en mousse de 10 mm<br \/>\nDimensions int\u00e9rieures (L x P x H) env.: 580 x 280 x 260 mm<br \/>\nDimensions ext\u00e9rieures (L x P x H)\u00a0: 640 x 340 x 340 mm<br \/>\nPoids\u00a0: 7,8 kg<\/p>\n","protected":false},"excerpt":{"rendered":"<p>Fini les c\u00e2bles emm\u00eal\u00e9s et les pi\u00e8ces qui tra\u00eenent. Organisez vos c\u00e2bles, outils et accessoires gr\u00e2ce aux rails et s\u00e9parateurs<\/p>\n","protected":false},"featured_media":216510,"template":"","meta":{"_acf_changed":false},"product_brand":[],"product_cat":[13693],"product_tag":[],"class_list":{"0":"post-187873","1":"product","2":"type-product","3":"status-publish","4":"has-post-thumbnail","6":"product_cat-truhen-cases-fr","8":"first","9":"instock","10":"taxable","11":"shipping-taxable","12":"purchasable","13":"product-type-simple"},"acf":[],"_links":{"self":[{"href":"https:\/\/megacase.com\/fr\/wp-json\/wp\/v2\/product\/187873","targetHints":{"allow":["GET"]}}],"collection":[{"href":"https:\/\/megacase.com\/fr\/wp-json\/wp\/v2\/product"}],"about":[{"href":"https:\/\/megacase.com\/fr\/wp-json\/wp\/v2\/types\/product"}],"wp:featuredmedia":[{"embeddable":true,"href":"https:\/\/megacase.com\/fr\/wp-json\/wp\/v2\/media\/216510"}],"wp:attachment":[{"href":"https:\/\/megacase.com\/fr\/wp-json\/wp\/v2\/media?parent=187873"}],"wp:term":[{"taxonomy":"product_brand","embeddable":true,"href":"https:\/\/megacase.com\/fr\/wp-json\/wp\/v2\/product_brand?post=187873"},{"taxonomy":"product_cat","embeddable":true,"href":"https:\/\/megacase.com\/fr\/wp-json\/wp\/v2\/product_cat?post=187873"},{"taxonomy":"product_tag","embeddable":true,"href":"https:\/\/megacase.com\/fr\/wp-json\/wp\/v2\/product_tag?post=187873"}],"curies":[{"name":"wp","href":"https:\/\/api.w.org\/{rel}","templated":true}]}}