{"id":187584,"date":"2017-05-18T16:03:45","date_gmt":"2017-05-18T14:03:45","guid":{"rendered":"https:\/\/megacase.com\/product\/27-imac-case-2\/"},"modified":"2021-03-25T09:04:56","modified_gmt":"2021-03-25T08:04:56","slug":"27-imac-case-2","status":"publish","type":"product","link":"https:\/\/megacase.com\/fr\/produit\/27-imac-case-2\/","title":{"rendered":"27&Prime; iMac Case"},"content":{"rendered":"<p>Mallette de transport appropri\u00e9e pour un ordinateur Apple iMac 27 \u00ab\u00a0(mod\u00e8le 2012)<br \/>\nCompartiments pour accessoires tels que clavier, souris, etc.<br \/>\ncompartiment droit 140 x 60 x 280 mm LxPxL<br \/>\ncompartiment gauche 140 x 60 x 150 mm LxPxL<br \/>\n6,8 mm de r\u00e9sine ph\u00e9nolique multiplex bouleau enduit<br \/>\nCouleur marron<br \/>\nBord en aluminium 25&#215;25 mm<br \/>\n2 fermetures papillon \u00e0 ressort moyen<br \/>\n3 poign\u00e9es pliantes, moyennes<br \/>\n8 coins \u00e0 billes en acier, moyen<br \/>\n2 charni\u00e8res verrouillables<br \/>\nRembourrage en mousse<br \/>\n2 compartiments \u00e0 accessoires rembourr\u00e9s<br \/>\nDimensions ext\u00e9rieures: LxPxL 730x275x606 mm<br \/>\nPoids env.14,4 kg<br \/>\nFabriqu\u00e9 en Allemagne<\/p>\n","protected":false},"excerpt":{"rendered":"<p>Mallette de transport appropri\u00e9e pour un ordinateur Apple iMac 27 \u00ab\u00a0(mod\u00e8le 2012) | 2 compartiments \u00e0 accessoires rembourr\u00e9s | Fabriqu\u00e9 en Allemagne<\/p>\n","protected":false},"featured_media":230706,"template":"","meta":{"_acf_changed":false},"product_brand":[],"product_cat":[13808],"product_tag":[],"class_list":{"0":"post-187584","1":"product","2":"type-product","3":"status-publish","4":"has-post-thumbnail","6":"product_cat-it-cases-fr","8":"first","9":"instock","10":"taxable","11":"shipping-taxable","12":"purchasable","13":"product-type-simple"},"acf":[],"_links":{"self":[{"href":"https:\/\/megacase.com\/fr\/wp-json\/wp\/v2\/product\/187584","targetHints":{"allow":["GET"]}}],"collection":[{"href":"https:\/\/megacase.com\/fr\/wp-json\/wp\/v2\/product"}],"about":[{"href":"https:\/\/megacase.com\/fr\/wp-json\/wp\/v2\/types\/product"}],"wp:featuredmedia":[{"embeddable":true,"href":"https:\/\/megacase.com\/fr\/wp-json\/wp\/v2\/media\/230706"}],"wp:attachment":[{"href":"https:\/\/megacase.com\/fr\/wp-json\/wp\/v2\/media?parent=187584"}],"wp:term":[{"taxonomy":"product_brand","embeddable":true,"href":"https:\/\/megacase.com\/fr\/wp-json\/wp\/v2\/product_brand?post=187584"},{"taxonomy":"product_cat","embeddable":true,"href":"https:\/\/megacase.com\/fr\/wp-json\/wp\/v2\/product_cat?post=187584"},{"taxonomy":"product_tag","embeddable":true,"href":"https:\/\/megacase.com\/fr\/wp-json\/wp\/v2\/product_tag?post=187584"}],"curies":[{"name":"wp","href":"https:\/\/api.w.org\/{rel}","templated":true}]}}