{"id":184650,"date":"2012-10-02T00:00:00","date_gmt":"2012-10-01T22:00:00","guid":{"rendered":"https:\/\/megacase.com\/product\/allen-heath-zed-10fx-mischpult-flightcase\/"},"modified":"2026-03-26T12:21:51","modified_gmt":"2026-03-26T11:21:51","slug":"allen-heath-zed-10fx-mischpult-flightcase","status":"publish","type":"product","link":"https:\/\/megacase.com\/fr\/produit\/allen-heath-zed-10fx-mischpult-flightcase\/","title":{"rendered":"Allen &#038; Heath ZED 10FX Mischpult Flightcase"},"content":{"rendered":"<p>Flightcase adapt\u00e9 pour A&amp;H ZED 10FX avec espace pour c\u00e2ble<br \/>\nContreplaqu\u00e9 de bouleau de 6,8 mm<br \/>\nProfil\u00e9 aluminium 25 x 25 mm<br \/>\n2 Butterfly-Attrape moyen<br \/>\n1 poign\u00e9e en cuir<br \/>\n8 coins en acier moyen<br \/>\n4 pieds en caoutchouc 38 x 25 mm<br \/>\nrembourrage en mousse<br \/>\nl&rsquo;appareil peut \u00eatre utilis\u00e9 dans l&rsquo;\u00e9tui<br \/>\ndimensions ext\u00e9rieures LxPxH environ: 410 x 460 x 190 mm<br \/>\npoids environ: 5 kg<\/p>\n","protected":false},"excerpt":{"rendered":"<p>Flightcase adapt\u00e9 pour A&amp;H ZED 10FX avec espace pour c\u00e2ble Contreplaqu\u00e9 de bouleau de 6,8 mm Profil\u00e9 aluminium 25 x<\/p>\n","protected":false},"featured_media":35615,"template":"","meta":{"_acf_changed":false},"product_brand":[],"product_cat":[13828],"product_tag":[],"class_list":{"0":"post-184650","1":"product","2":"type-product","3":"status-publish","4":"has-post-thumbnail","6":"product_cat-mischpult-cases-fr","8":"first","9":"instock","10":"taxable","11":"shipping-taxable","12":"purchasable","13":"product-type-simple"},"acf":[],"_links":{"self":[{"href":"https:\/\/megacase.com\/fr\/wp-json\/wp\/v2\/product\/184650","targetHints":{"allow":["GET"]}}],"collection":[{"href":"https:\/\/megacase.com\/fr\/wp-json\/wp\/v2\/product"}],"about":[{"href":"https:\/\/megacase.com\/fr\/wp-json\/wp\/v2\/types\/product"}],"wp:featuredmedia":[{"embeddable":true,"href":"https:\/\/megacase.com\/fr\/wp-json\/wp\/v2\/media\/35615"}],"wp:attachment":[{"href":"https:\/\/megacase.com\/fr\/wp-json\/wp\/v2\/media?parent=184650"}],"wp:term":[{"taxonomy":"product_brand","embeddable":true,"href":"https:\/\/megacase.com\/fr\/wp-json\/wp\/v2\/product_brand?post=184650"},{"taxonomy":"product_cat","embeddable":true,"href":"https:\/\/megacase.com\/fr\/wp-json\/wp\/v2\/product_cat?post=184650"},{"taxonomy":"product_tag","embeddable":true,"href":"https:\/\/megacase.com\/fr\/wp-json\/wp\/v2\/product_tag?post=184650"}],"curies":[{"name":"wp","href":"https:\/\/api.w.org\/{rel}","templated":true}]}}