{"id":178334,"date":"2014-03-04T00:00:00","date_gmt":"2014-03-03T23:00:00","guid":{"rendered":"https:\/\/megacase.com\/product\/kabeltruhe-multiflex-120-rollen-gebremst\/"},"modified":"2026-03-26T12:21:50","modified_gmt":"2026-03-26T11:21:50","slug":"kabeltruhe-multiflex-120-rollen-gebremst","status":"publish","type":"product","link":"https:\/\/megacase.com\/fr\/produit\/kabeltruhe-multiflex-120-rollen-gebremst\/","title":{"rendered":"Bo\u00eete de transport Megaflex 120 noire pour camion"},"content":{"rendered":"<p>Bo\u00eete de transport Megaflex au format camion pour c\u00e2bles et accessoires<br \/>\navec logements pour roues, roulettes pivotantes et trois s\u00e9parateurs r\u00e9glables.<\/p>\n<p>D&rsquo;autres s\u00e9parateurs et divers plateaux Megaflex sont disponibles en option.<\/p>\n<p>Multiplex noir 9 mm RAL 9004<br \/>\nCh\u00e2ssis aluminium 35 x 35 mm avec rainure \u00e0 rivets<br \/>\n4 grands angles en L<br \/>\n2 grandes charni\u00e8res papillon<br \/>\n2 grands compas de couvercle<br \/>\n2 charni\u00e8res robustes en L<br \/>\n3 charni\u00e8res \u00e0 6 trous<br \/>\n8 grandes poign\u00e9es rabattables<br \/>\n8 grands coins \u00e0 boule \u00e9tag\u00e9s<br \/>\n4 logements pour roulettes<br \/>\n4 roulettes pivotantes de 100 mm, dont 2 avec frein<br \/>\nConfiguration modulaire<br \/>\n3 s\u00e9parateurs (autres mod\u00e8les disponibles sous la r\u00e9f\u00e9rence 5004)<\/p>\n<p>Fabriqu\u00e9 en Allemagne<br \/>\nDimensions ext\u00e9rieures : (L x P x H) 1200 x 600 x 800 mm<br \/>\nHauteur ext\u00e9rieure, roulettes comprises<br \/>\nDimensions int\u00e9rieures (L x P x H) 1145 x 515 x 605 mm<br \/>\nPoids : 52 kg<\/p>\n","protected":false},"excerpt":{"rendered":"<p>Bo\u00eete de transport Megaflex au format camion pour c\u00e2bles et accessoires avec logements pour roues, roulettes pivotantes et trois s\u00e9parateurs<\/p>\n","protected":false},"featured_media":250801,"template":"","meta":{"_acf_changed":false},"product_brand":[],"product_cat":[13755,13818,13693],"product_tag":[16465],"class_list":{"0":"post-178334","1":"product","2":"type-product","3":"status-publish","4":"has-post-thumbnail","6":"product_cat-universal-flightcases-fr","7":"product_cat-case-zubehoer-fr","8":"product_cat-truhen-cases-fr","9":"product_tag-megaflex-fr","11":"first","12":"instock","13":"taxable","14":"shipping-taxable","15":"purchasable","16":"product-type-simple"},"acf":[],"_links":{"self":[{"href":"https:\/\/megacase.com\/fr\/wp-json\/wp\/v2\/product\/178334","targetHints":{"allow":["GET"]}}],"collection":[{"href":"https:\/\/megacase.com\/fr\/wp-json\/wp\/v2\/product"}],"about":[{"href":"https:\/\/megacase.com\/fr\/wp-json\/wp\/v2\/types\/product"}],"wp:featuredmedia":[{"embeddable":true,"href":"https:\/\/megacase.com\/fr\/wp-json\/wp\/v2\/media\/250801"}],"wp:attachment":[{"href":"https:\/\/megacase.com\/fr\/wp-json\/wp\/v2\/media?parent=178334"}],"wp:term":[{"taxonomy":"product_brand","embeddable":true,"href":"https:\/\/megacase.com\/fr\/wp-json\/wp\/v2\/product_brand?post=178334"},{"taxonomy":"product_cat","embeddable":true,"href":"https:\/\/megacase.com\/fr\/wp-json\/wp\/v2\/product_cat?post=178334"},{"taxonomy":"product_tag","embeddable":true,"href":"https:\/\/megacase.com\/fr\/wp-json\/wp\/v2\/product_tag?post=178334"}],"curies":[{"name":"wp","href":"https:\/\/api.w.org\/{rel}","templated":true}]}}