{"id":178155,"date":"2020-09-23T11:32:33","date_gmt":"2020-09-23T09:32:33","guid":{"rendered":"https:\/\/megacase.com\/product\/mixercase-pioneer-djm-900-nxs2\/"},"modified":"2026-03-26T12:36:42","modified_gmt":"2026-03-26T11:36:42","slug":"mixercase-pioneer-djm-900-nxs2","status":"publish","type":"product","link":"https:\/\/megacase.com\/fr\/produit\/mixercase-pioneer-djm-900-nxs2\/","title":{"rendered":"\u00c9tui pour table de mixage Pioneer DJM-900 NXS2"},"content":{"rendered":"<p>Cet \u00e9tui \u00e0 couvercle est sp\u00e9cialement con\u00e7u pour la table de mixage Pioneer DJM-900 NXS2.<\/p>\n<p>Couvercle ferm\u00e9, la table de mixage est parfaitement stable \u00e0 l&rsquo;int\u00e9rieur de l&rsquo;\u00e9tui.<\/p>\n<p>Ouvert, l&rsquo;appareil peut \u00eatre utilis\u00e9 directement depuis l&rsquo;\u00e9tui.<\/p>\n<p>L&rsquo;int\u00e9rieur est dot\u00e9 d&rsquo;un rembourrage en mousse sur mesure au niveau du fond et du couvercle pour une protection optimale.<\/p>\n<p>L&rsquo;\u00e9tui comprend \u00e9galement un passage de c\u00e2ble de 9 cm pour une gestion propre et pratique des c\u00e2bles.<\/p>\n<p>Contreplaqu\u00e9 ph\u00e9nolique brun de 6,8 mm<br \/>\nProfil\u00e9 en aluminium 25 x 25 mm<br \/>\n4 \u00e9querres de renfort moyennes<br \/>\n2 fermetures papillon moyennes<br \/>\n1 poign\u00e9e de transport<br \/>\n8 \u00e9querres de renfort moyennes en acier<br \/>\n4 pieds en caoutchouc<\/p>\n<p>**Remarque : Les appareils et instruments pr\u00e9sent\u00e9s sur les images sont uniquement \u00e0 titre d&rsquo;illustration et ne sont PAS inclus dans l&rsquo;offre.<\/p>\n<p>Fabriqu\u00e9 en Allemagne.<br \/>\nDimensions ext\u00e9rieures (L x P x H) : 405 x 550 x 190 mm<br \/>\nPoids : 6 kg<\/p>\n","protected":false},"excerpt":{"rendered":"<p>Cet \u00e9tui \u00e0 couvercle est sp\u00e9cialement con\u00e7u pour la table de mixage Pioneer DJM-900 NXS2. Couvercle ferm\u00e9, la table de<\/p>\n","protected":false},"featured_media":178084,"template":"","meta":{"_acf_changed":false},"product_brand":[],"product_cat":[13730],"product_tag":[],"class_list":{"0":"post-178155","1":"product","2":"type-product","3":"status-publish","4":"has-post-thumbnail","6":"product_cat-dj-cases-fr","8":"first","9":"instock","10":"taxable","11":"shipping-taxable","12":"purchasable","13":"product-type-simple"},"acf":[],"_links":{"self":[{"href":"https:\/\/megacase.com\/fr\/wp-json\/wp\/v2\/product\/178155","targetHints":{"allow":["GET"]}}],"collection":[{"href":"https:\/\/megacase.com\/fr\/wp-json\/wp\/v2\/product"}],"about":[{"href":"https:\/\/megacase.com\/fr\/wp-json\/wp\/v2\/types\/product"}],"wp:featuredmedia":[{"embeddable":true,"href":"https:\/\/megacase.com\/fr\/wp-json\/wp\/v2\/media\/178084"}],"wp:attachment":[{"href":"https:\/\/megacase.com\/fr\/wp-json\/wp\/v2\/media?parent=178155"}],"wp:term":[{"taxonomy":"product_brand","embeddable":true,"href":"https:\/\/megacase.com\/fr\/wp-json\/wp\/v2\/product_brand?post=178155"},{"taxonomy":"product_cat","embeddable":true,"href":"https:\/\/megacase.com\/fr\/wp-json\/wp\/v2\/product_cat?post=178155"},{"taxonomy":"product_tag","embeddable":true,"href":"https:\/\/megacase.com\/fr\/wp-json\/wp\/v2\/product_tag?post=178155"}],"curies":[{"name":"wp","href":"https:\/\/api.w.org\/{rel}","templated":true}]}}