{"id":171020,"date":"2020-08-17T14:29:20","date_gmt":"2020-08-17T12:29:20","guid":{"rendered":"https:\/\/megacase.com\/product\/case-kettensaege-schwertlaenge-45cm\/"},"modified":"2021-03-25T07:21:23","modified_gmt":"2021-03-25T06:21:23","slug":"case-kettensaege-schwertlaenge-45cm","status":"publish","type":"product","link":"https:\/\/megacase.com\/fr\/produit\/case-kettensaege-schwertlaenge-45cm\/","title":{"rendered":"Tron\u00e7onneuse Flightcase"},"content":{"rendered":"<p>\u00c9tui de poitrine pour une tron\u00e7onneuse \u00e0 moteur avec une longueur d&rsquo;\u00e9p\u00e9e d&rsquo;environ 450 mm<br \/>\nDimensions internes du compartiment pour carter moteur max.500 x 300 x 300 mm LxPxL<br \/>\nCompartiment pour \u00e9p\u00e9e d&rsquo;environ 500 mm de long, compartiment pour accessoires d&rsquo;environ 480 x 210 x 300 mm LxPxL<br \/>\nL&rsquo;\u00e9tui se compose de:<br \/>\nen bouleau brun ph\u00e9nol de 6,8 mm<br \/>\nBord en aluminium 30x30mm<br \/>\n2 papillons moyen<br \/>\n3 poign\u00e9es pliantes, moyennes<br \/>\n8 coins de boule moyen<br \/>\n2 grandes charni\u00e8res de verrouillage<br \/>\nCompartiment \u00e0 accessoires<br \/>\nDimensions ext\u00e9rieures LxPxL env.: 1045 x 340 x 340 mm<br \/>\nPoids env.: 12,9<br \/>\nFabriqu\u00e9 en Allemagne<\/p>\n","protected":false},"excerpt":{"rendered":"<p>\u00c9tui de poitrine pour une tron\u00e7onneuse \u00e0 moteur avec une longueur d&rsquo;\u00e9p\u00e9e d&rsquo;environ 450 mm | Compartiment \u00e0 accessoires | Fabriqu\u00e9 en Allemagne<\/p>\n","protected":false},"featured_media":174603,"template":"","meta":{"_acf_changed":false},"product_brand":[],"product_cat":[13693,13755,13818],"product_tag":[],"class_list":{"0":"post-171020","1":"product","2":"type-product","3":"status-publish","4":"has-post-thumbnail","6":"product_cat-truhen-cases-fr","7":"product_cat-universal-flightcases-fr","8":"product_cat-case-zubehoer-fr","10":"first","11":"instock","12":"taxable","13":"shipping-taxable","14":"purchasable","15":"product-type-simple"},"acf":[],"_links":{"self":[{"href":"https:\/\/megacase.com\/fr\/wp-json\/wp\/v2\/product\/171020","targetHints":{"allow":["GET"]}}],"collection":[{"href":"https:\/\/megacase.com\/fr\/wp-json\/wp\/v2\/product"}],"about":[{"href":"https:\/\/megacase.com\/fr\/wp-json\/wp\/v2\/types\/product"}],"wp:featuredmedia":[{"embeddable":true,"href":"https:\/\/megacase.com\/fr\/wp-json\/wp\/v2\/media\/174603"}],"wp:attachment":[{"href":"https:\/\/megacase.com\/fr\/wp-json\/wp\/v2\/media?parent=171020"}],"wp:term":[{"taxonomy":"product_brand","embeddable":true,"href":"https:\/\/megacase.com\/fr\/wp-json\/wp\/v2\/product_brand?post=171020"},{"taxonomy":"product_cat","embeddable":true,"href":"https:\/\/megacase.com\/fr\/wp-json\/wp\/v2\/product_cat?post=171020"},{"taxonomy":"product_tag","embeddable":true,"href":"https:\/\/megacase.com\/fr\/wp-json\/wp\/v2\/product_tag?post=171020"}],"curies":[{"name":"wp","href":"https:\/\/api.w.org\/{rel}","templated":true}]}}