{"id":169792,"date":"2020-08-05T12:14:26","date_gmt":"2020-08-05T10:14:26","guid":{"rendered":"https:\/\/megacase.com\/product\/kaffeetheke-1000-x-600-x-1230-mm-bxtxh\/"},"modified":"2021-04-27T06:55:22","modified_gmt":"2021-04-27T04:55:22","slug":"kaffeetheke-1000-x-600-x-1230-mm-bxtxh","status":"publish","type":"product","link":"https:\/\/megacase.com\/fr\/produit\/kaffeetheke-1000-x-600-x-1230-mm-bxtxh\/","title":{"rendered":"Coffeebar Case 1000 x 600 x 1230 mm BxTxH"},"content":{"rendered":"<p>Cas de bar \u00e0 caf\u00e9 sur roues pour un bureau<br \/>\nContreplaqu\u00e9 de bouleau 9 mm enduit<br \/>\nCouleur: nior<br \/>\nProfil\u00e9s en aluminium 35 x 35 mm<br \/>\n2 grandes prises papillon<br \/>\n5 grandes poign\u00e9es de saut<br \/>\n2 poign\u00e9es d&rsquo;angle<br \/>\n2 charni\u00e8res de couvercle larges<br \/>\nSortie de c\u00e2ble<br \/>\nPrise de courant de la tour<br \/>\n2 compartiments variables<br \/>\n2 tiroirs<br \/>\n4 roulettes pivotantes 2 avec freins<br \/>\nfabriqu\u00e9 en Allemagne<br \/>\ndimensions ext\u00e9rieures LxPxH env.: 1020 x 600 x 1230 mm<br \/>\npoids env.: 87,2 kg<\/p>\n","protected":false},"excerpt":{"rendered":"<p>Cas de bar \u00e0 caf\u00e9 sur roues pour un bureau | Contreplaqu\u00e9 de bouleau 9 mm enduit | fabriqu\u00e9 en Allemagne<\/p>\n","protected":false},"featured_media":169724,"template":"","meta":{"_acf_changed":false},"product_brand":[],"product_cat":[13745,15131],"product_tag":[],"class_list":{"0":"post-169792","1":"product","2":"type-product","3":"status-publish","4":"has-post-thumbnail","6":"product_cat-catering-und-event-cases-fr","7":"product_cat-furniture-casedesign-fr","9":"first","10":"instock","11":"taxable","12":"shipping-taxable","13":"purchasable","14":"product-type-simple"},"acf":[],"_links":{"self":[{"href":"https:\/\/megacase.com\/fr\/wp-json\/wp\/v2\/product\/169792","targetHints":{"allow":["GET"]}}],"collection":[{"href":"https:\/\/megacase.com\/fr\/wp-json\/wp\/v2\/product"}],"about":[{"href":"https:\/\/megacase.com\/fr\/wp-json\/wp\/v2\/types\/product"}],"wp:featuredmedia":[{"embeddable":true,"href":"https:\/\/megacase.com\/fr\/wp-json\/wp\/v2\/media\/169724"}],"wp:attachment":[{"href":"https:\/\/megacase.com\/fr\/wp-json\/wp\/v2\/media?parent=169792"}],"wp:term":[{"taxonomy":"product_brand","embeddable":true,"href":"https:\/\/megacase.com\/fr\/wp-json\/wp\/v2\/product_brand?post=169792"},{"taxonomy":"product_cat","embeddable":true,"href":"https:\/\/megacase.com\/fr\/wp-json\/wp\/v2\/product_cat?post=169792"},{"taxonomy":"product_tag","embeddable":true,"href":"https:\/\/megacase.com\/fr\/wp-json\/wp\/v2\/product_tag?post=169792"}],"curies":[{"name":"wp","href":"https:\/\/api.w.org\/{rel}","templated":true}]}}