{"id":151392,"date":"2019-10-30T14:37:19","date_gmt":"2019-10-30T13:37:19","guid":{"rendered":"https:\/\/megacase.com\/product\/handgepaeck-koffer-pvc-mit-trolleygriff\/"},"modified":"2026-03-25T15:42:41","modified_gmt":"2026-03-25T14:42:41","slug":"handgepaeck-koffer-pvc-mit-trolleygriff","status":"publish","type":"product","link":"https:\/\/megacase.com\/fr\/produit\/handgepaeck-koffer-pvc-mit-trolleygriff\/","title":{"rendered":"Handgep\u00e4ck Koffer PVC mit Trolleygriff"},"content":{"rendered":"<p>Handgep\u00e4ck Koffer PVC mit Trolleygriff<br \/>\nKoffer<br \/>\n7 mm PVC Wabenkunststoff<br \/>\n25\/25 mm Alukante<br \/>\n2 Butterfly Verschl\u00fcsse mittel 12mm m. \u00d6se halbgekr\u00f6pft V4<br \/>\n2 Feststellscharniere gro\u00df<br \/>\n1 Klappgriffe mittel<br \/>\n6x Stahlecke flach<br \/>\n2 Eckeinbaurolle Skater 48mm<br \/>\nUNTEN LINKS<br \/>\n4 Gummifu\u00df 38&#215;25 mm<br \/>\nEinbau-Ausziehgriff 3 stufig schwarze Schale<br \/>\nAu\u00dfenma\u00dfe konform f\u00fcr Handgep\u00e4ck der Linien Lufthansa und Easyjet 550x400x230mm<\/p>\n<p>Gewicht: 6,1 kg<\/p>\n","protected":false},"excerpt":{"rendered":"<p>Ma\u00dfe:<br \/>\n55.0 x 40.0 x 23.0 cm<\/p>\n<p>Au\u00dfenma\u00dfe konform f\u00fcr Handgep\u00e4ck von Lufthansa und EasyJet<\/p>\n","protected":false},"featured_media":151400,"template":"","meta":{"_acf_changed":false},"product_brand":[],"product_cat":[13943],"product_tag":[],"class_list":{"0":"post-151392","1":"product","2":"type-product","3":"status-publish","4":"has-post-thumbnail","6":"product_cat-koffer-2-fr","8":"first","9":"instock","10":"taxable","11":"shipping-taxable","12":"purchasable","13":"product-type-simple"},"acf":[],"_links":{"self":[{"href":"https:\/\/megacase.com\/fr\/wp-json\/wp\/v2\/product\/151392","targetHints":{"allow":["GET"]}}],"collection":[{"href":"https:\/\/megacase.com\/fr\/wp-json\/wp\/v2\/product"}],"about":[{"href":"https:\/\/megacase.com\/fr\/wp-json\/wp\/v2\/types\/product"}],"wp:featuredmedia":[{"embeddable":true,"href":"https:\/\/megacase.com\/fr\/wp-json\/wp\/v2\/media\/151400"}],"wp:attachment":[{"href":"https:\/\/megacase.com\/fr\/wp-json\/wp\/v2\/media?parent=151392"}],"wp:term":[{"taxonomy":"product_brand","embeddable":true,"href":"https:\/\/megacase.com\/fr\/wp-json\/wp\/v2\/product_brand?post=151392"},{"taxonomy":"product_cat","embeddable":true,"href":"https:\/\/megacase.com\/fr\/wp-json\/wp\/v2\/product_cat?post=151392"},{"taxonomy":"product_tag","embeddable":true,"href":"https:\/\/megacase.com\/fr\/wp-json\/wp\/v2\/product_tag?post=151392"}],"curies":[{"name":"wp","href":"https:\/\/api.w.org\/{rel}","templated":true}]}}