{"id":140333,"date":"2016-06-06T00:00:00","date_gmt":"2016-06-05T22:00:00","guid":{"rendered":"https:\/\/megacase.com\/product\/mixercase-behringer-x-32\/"},"modified":"2026-03-26T12:21:36","modified_gmt":"2026-03-26T11:21:36","slug":"mixercase-behringer-x-32","status":"publish","type":"product","link":"https:\/\/megacase.com\/fr\/produit\/mixercase-behringer-x-32\/","title":{"rendered":"Mixercase Behringer X-32"},"content":{"rendered":"<ul class=\"prod-features\">\n<li>En contreplaqu\u00e9 de bouleau de 7 mm<\/li>\n<li>Profil\u00e9s en aluminium: 30 x 30 mm<\/li>\n<li>4x fermetures papillon<\/li>\n<li>Espace arri\u00e8re profond de 12 cm pour passer les c\u00e2bles<\/li>\n<li>Dimensions externes (LxHxP): 97,1 x 71,1 x 28,4 cm<\/li>\n<li>Poids: 16 kg<\/li>\n<li>Fabriqu\u00e9 en Allemagne<\/li>\n<\/ul>\n","protected":false},"excerpt":{"rendered":"<p>En contreplaqu\u00e9 de bouleau de 7 mm Profil\u00e9s en aluminium: 30 x 30 mm 4x fermetures papillon Espace arri\u00e8re profond<\/p>\n","protected":false},"featured_media":35447,"template":"","meta":{"_acf_changed":false},"product_brand":[],"product_cat":[13521,13828],"product_tag":[],"class_list":{"0":"post-140333","1":"product","2":"type-product","3":"status-publish","4":"has-post-thumbnail","6":"product_cat-constructeurs","7":"product_cat-mischpult-cases-fr","9":"first","10":"instock","11":"taxable","12":"shipping-taxable","13":"purchasable","14":"product-type-simple"},"acf":[],"_links":{"self":[{"href":"https:\/\/megacase.com\/fr\/wp-json\/wp\/v2\/product\/140333","targetHints":{"allow":["GET"]}}],"collection":[{"href":"https:\/\/megacase.com\/fr\/wp-json\/wp\/v2\/product"}],"about":[{"href":"https:\/\/megacase.com\/fr\/wp-json\/wp\/v2\/types\/product"}],"wp:featuredmedia":[{"embeddable":true,"href":"https:\/\/megacase.com\/fr\/wp-json\/wp\/v2\/media\/35447"}],"wp:attachment":[{"href":"https:\/\/megacase.com\/fr\/wp-json\/wp\/v2\/media?parent=140333"}],"wp:term":[{"taxonomy":"product_brand","embeddable":true,"href":"https:\/\/megacase.com\/fr\/wp-json\/wp\/v2\/product_brand?post=140333"},{"taxonomy":"product_cat","embeddable":true,"href":"https:\/\/megacase.com\/fr\/wp-json\/wp\/v2\/product_cat?post=140333"},{"taxonomy":"product_tag","embeddable":true,"href":"https:\/\/megacase.com\/fr\/wp-json\/wp\/v2\/product_tag?post=140333"}],"curies":[{"name":"wp","href":"https:\/\/api.w.org\/{rel}","templated":true}]}}