{"id":132311,"date":"2019-02-28T12:33:06","date_gmt":"2019-02-28T11:33:06","guid":{"rendered":"https:\/\/megacase.com\/?post_type=product&#038;p=132311"},"modified":"2026-03-26T12:32:47","modified_gmt":"2026-03-26T11:32:47","slug":"zubehoercase-2x5-kisten-e2-euronorm-color","status":"publish","type":"product","link":"https:\/\/megacase.com\/fr\/produit\/zubehoercase-2x5-kisten-e2-euronorm-color\/","title":{"rendered":"Mallette d&rsquo;accessoires 2&#215;5 bo\u00eetes Euronorm E2 Color"},"content":{"rendered":"<p>Id\u00e9ale pour organiser les c\u00e2bles et les petits objets sur sc\u00e8ne. Les 10 bacs empilables Euronorm E2 sont divisibles gr\u00e2ce \u00e0 un kit de s\u00e9paration (voir 328318).<\/p>\n<p>Multiplis 9 mm, laqu\u00e9 couleur<br \/>\n&#8211; Couleur au choix dans notre nuancier<br \/>\nBordure aluminium 30 x 30 mm<br \/>\n8 grands coins en L<br \/>\n2 charni\u00e8res papillon moyennes<br \/>\n8 poign\u00e9es rabattables moyennes<br \/>\n4 charni\u00e8res 6 trous<br \/>\n8 grands coins \u00e0 billes en acier<br \/>\n8 roulettes pivotantes de 100 mm, dont 4 avec frein<br \/>\n2 x 5 bacs empilables Euronorm E2, couleur rouge (L x P x H) 565 x 365 x 195 mm<br \/>\n\u00c9galement disponible en d&rsquo;autres versions (par exemple, 2 x 3 ou 2 x 4 bacs)<br \/>\n\u00c9querres de support en aluminium<\/p>\n<p>Fabriqu\u00e9 en Allemagne<br \/>\nDimensions ext\u00e9rieures L x P x H 850 x 660 x 1255 mm<br \/>\nPoids : 75 kg<\/p>\n","protected":false},"excerpt":{"rendered":"<p>Id\u00e9ale pour organiser les c\u00e2bles et les petits objets sur sc\u00e8ne. Les 10 bacs empilables Euronorm E2 sont divisibles gr\u00e2ce<\/p>\n","protected":false},"featured_media":254438,"template":"","meta":{"_acf_changed":false},"product_brand":[],"product_cat":[13755],"product_tag":[],"class_list":{"0":"post-132311","1":"product","2":"type-product","3":"status-publish","4":"has-post-thumbnail","6":"product_cat-universal-flightcases-fr","8":"first","9":"instock","10":"taxable","11":"shipping-taxable","12":"purchasable","13":"product-type-simple"},"acf":[],"_links":{"self":[{"href":"https:\/\/megacase.com\/fr\/wp-json\/wp\/v2\/product\/132311","targetHints":{"allow":["GET"]}}],"collection":[{"href":"https:\/\/megacase.com\/fr\/wp-json\/wp\/v2\/product"}],"about":[{"href":"https:\/\/megacase.com\/fr\/wp-json\/wp\/v2\/types\/product"}],"wp:featuredmedia":[{"embeddable":true,"href":"https:\/\/megacase.com\/fr\/wp-json\/wp\/v2\/media\/254438"}],"wp:attachment":[{"href":"https:\/\/megacase.com\/fr\/wp-json\/wp\/v2\/media?parent=132311"}],"wp:term":[{"taxonomy":"product_brand","embeddable":true,"href":"https:\/\/megacase.com\/fr\/wp-json\/wp\/v2\/product_brand?post=132311"},{"taxonomy":"product_cat","embeddable":true,"href":"https:\/\/megacase.com\/fr\/wp-json\/wp\/v2\/product_cat?post=132311"},{"taxonomy":"product_tag","embeddable":true,"href":"https:\/\/megacase.com\/fr\/wp-json\/wp\/v2\/product_tag?post=132311"}],"curies":[{"name":"wp","href":"https:\/\/api.w.org\/{rel}","templated":true}]}}