{"id":132213,"date":"2019-02-28T07:58:50","date_gmt":"2019-02-28T06:58:50","guid":{"rendered":"https:\/\/megacase.com\/product\/zubehoercase-2x5-kisten-e2-euronorm\/"},"modified":"2026-03-26T12:32:47","modified_gmt":"2026-03-26T11:32:47","slug":"zubehoercase-2x5-kisten-e2-euronorm","status":"publish","type":"product","link":"https:\/\/megacase.com\/fr\/produit\/zubehoercase-2x5-kisten-e2-euronorm\/","title":{"rendered":"Coffret d&rsquo;accessoires 2 x 5 bo\u00eetes Euronorm E2"},"content":{"rendered":"<p>Coffret d&rsquo;accessoires 2 x 5 bo\u00eetes Euronorm E2<br \/>\nId\u00e9al pour ranger les c\u00e2bles et le petit mat\u00e9riel sur sc\u00e8ne.<br \/>\nLes 10 bo\u00eetes empilables Euronorm E2 peuvent \u00eatre subdivis\u00e9es gr\u00e2ce \u00e0 un kit de s\u00e9paration (voir 328318).<\/p>\n<p>Contreplaqu\u00e9 ph\u00e9nolique marron de 9 mm<br \/>\nBordure en aluminium de 30 x 30 mm<br \/>\n8 grands coins en L<br \/>\n2 charni\u00e8res papillon moyennes<br \/>\n8 poign\u00e9es pliantes moyennes<br \/>\n4 charni\u00e8res \u00e0 6 trous<br \/>\n8 grands coins \u00e0 billes en acier<br \/>\n8 roulettes pivotantes de 100 mm, dont 4 avec frein<br \/>\n2 x 5 bo\u00eetes empilables Euronorm E2 (L x P x H) 565 x 365 x 195 mm<br \/>\n\u00c9galement disponible en d&rsquo;autres versions (par exemple, 2 x 3 ou 2 x 4 bo\u00eetes)<br \/>\n\u00c9querres de fixation en aluminium<\/p>\n<p>Fabriqu\u00e9 en Allemagne<br \/>\nDimensions ext\u00e9rieures L x P x H : 850 x 660 x 1 255 mm<br \/>\nPoids : 75 kg<\/p>\n","protected":false},"excerpt":{"rendered":"<p>Coffret d&rsquo;accessoires 2 x 5 bo\u00eetes Euronorm E2 Id\u00e9al pour ranger les c\u00e2bles et le petit mat\u00e9riel sur sc\u00e8ne. Les<\/p>\n","protected":false},"featured_media":278670,"template":"","meta":{"_acf_changed":false},"product_brand":[],"product_cat":[13745,13755],"product_tag":[],"class_list":{"0":"post-132213","1":"product","2":"type-product","3":"status-publish","4":"has-post-thumbnail","6":"product_cat-catering-und-event-cases-fr","7":"product_cat-universal-flightcases-fr","9":"first","10":"instock","11":"taxable","12":"shipping-taxable","13":"purchasable","14":"product-type-simple"},"acf":[],"_links":{"self":[{"href":"https:\/\/megacase.com\/fr\/wp-json\/wp\/v2\/product\/132213","targetHints":{"allow":["GET"]}}],"collection":[{"href":"https:\/\/megacase.com\/fr\/wp-json\/wp\/v2\/product"}],"about":[{"href":"https:\/\/megacase.com\/fr\/wp-json\/wp\/v2\/types\/product"}],"wp:featuredmedia":[{"embeddable":true,"href":"https:\/\/megacase.com\/fr\/wp-json\/wp\/v2\/media\/278670"}],"wp:attachment":[{"href":"https:\/\/megacase.com\/fr\/wp-json\/wp\/v2\/media?parent=132213"}],"wp:term":[{"taxonomy":"product_brand","embeddable":true,"href":"https:\/\/megacase.com\/fr\/wp-json\/wp\/v2\/product_brand?post=132213"},{"taxonomy":"product_cat","embeddable":true,"href":"https:\/\/megacase.com\/fr\/wp-json\/wp\/v2\/product_cat?post=132213"},{"taxonomy":"product_tag","embeddable":true,"href":"https:\/\/megacase.com\/fr\/wp-json\/wp\/v2\/product_tag?post=132213"}],"curies":[{"name":"wp","href":"https:\/\/api.w.org\/{rel}","templated":true}]}}