{"id":132149,"date":"2019-02-28T07:45:23","date_gmt":"2019-02-28T06:45:23","guid":{"rendered":"https:\/\/megacase.com\/product\/zubehoercase-2x3-kisten-e2-euronorm\/"},"modified":"2026-03-26T12:32:48","modified_gmt":"2026-03-26T11:32:48","slug":"zubehoercase-2x3-kisten-e2-euronorm","status":"publish","type":"product","link":"https:\/\/megacase.com\/fr\/produit\/zubehoercase-2x3-kisten-e2-euronorm\/","title":{"rendered":"Coffret d&rsquo;accessoires 2&#215;3 bo\u00eetes E2 Euronorm"},"content":{"rendered":"<p>Coffret d&rsquo;accessoires<br \/>\nId\u00e9al pour ranger les c\u00e2bles et le petit mat\u00e9riel sur sc\u00e8ne et en fa\u00e7ade.<br \/>\nLes six bo\u00eetes en plastique sont divisibles gr\u00e2ce \u00e0 un kit de s\u00e9paration (voir 328318, 587001).<\/p>\n<p>Multiplex ph\u00e9nolique marron 9 mm<br \/>\nProfil\u00e9 d&rsquo;aluminium 30&#215;30 mm<br \/>\n2 charni\u00e8res papillon \u00e0 ressort moyennes<br \/>\n3 charni\u00e8res \u00e0 6 trous<br \/>\n8 poign\u00e9es pliantes moyennes<br \/>\n8 grands coins sph\u00e9riques<br \/>\n8 roulettes pivotantes de 100 mm, dont 4 avec frein<br \/>\n12 supports en aluminium<br \/>\n6 bo\u00eetes d&rsquo;accessoires Euronorm E2 600x400x200<\/p>\n<p>Fabriqu\u00e9 en Allemagne<br \/>\nDimensions ext\u00e9rieures : environ L x P x H 847x655x855 mm<br \/>\nPoids : 56,9 kg<\/p>\n","protected":false},"excerpt":{"rendered":"<p>Coffret d&rsquo;accessoires Id\u00e9al pour ranger les c\u00e2bles et le petit mat\u00e9riel sur sc\u00e8ne et en fa\u00e7ade. Les six bo\u00eetes en<\/p>\n","protected":false},"featured_media":263383,"template":"","meta":{"_acf_changed":false},"product_brand":[],"product_cat":[13818],"product_tag":[],"class_list":{"0":"post-132149","1":"product","2":"type-product","3":"status-publish","4":"has-post-thumbnail","6":"product_cat-case-zubehoer-fr","8":"first","9":"instock","10":"taxable","11":"shipping-taxable","12":"purchasable","13":"product-type-simple"},"acf":[],"_links":{"self":[{"href":"https:\/\/megacase.com\/fr\/wp-json\/wp\/v2\/product\/132149","targetHints":{"allow":["GET"]}}],"collection":[{"href":"https:\/\/megacase.com\/fr\/wp-json\/wp\/v2\/product"}],"about":[{"href":"https:\/\/megacase.com\/fr\/wp-json\/wp\/v2\/types\/product"}],"wp:featuredmedia":[{"embeddable":true,"href":"https:\/\/megacase.com\/fr\/wp-json\/wp\/v2\/media\/263383"}],"wp:attachment":[{"href":"https:\/\/megacase.com\/fr\/wp-json\/wp\/v2\/media?parent=132149"}],"wp:term":[{"taxonomy":"product_brand","embeddable":true,"href":"https:\/\/megacase.com\/fr\/wp-json\/wp\/v2\/product_brand?post=132149"},{"taxonomy":"product_cat","embeddable":true,"href":"https:\/\/megacase.com\/fr\/wp-json\/wp\/v2\/product_cat?post=132149"},{"taxonomy":"product_tag","embeddable":true,"href":"https:\/\/megacase.com\/fr\/wp-json\/wp\/v2\/product_tag?post=132149"}],"curies":[{"name":"wp","href":"https:\/\/api.w.org\/{rel}","templated":true}]}}