{"id":132119,"date":"2019-02-27T15:45:17","date_gmt":"2019-02-27T14:45:17","guid":{"rendered":"https:\/\/megacase.com\/product\/zubehoercase-1x5-kisten-e2-euronorm\/"},"modified":"2026-03-26T12:32:48","modified_gmt":"2026-03-26T11:32:48","slug":"zubehoercase-1x5-kisten-e2-euronorm","status":"publish","type":"product","link":"https:\/\/megacase.com\/fr\/produit\/zubehoercase-1x5-kisten-e2-euronorm\/","title":{"rendered":"Zubeh\u00f6rcase 1&#215;5 Kisten E2 Euronorm"},"content":{"rendered":"<p>Id\u00e9al pour trier les c\u00e2bles et bric-\u00e0-brac sur sc\u00e8ne et FOH (front of house).<br \/>\nLes bo\u00eetes en plastique peuvent \u00e9galement \u00eatre subdivis\u00e9es avec un jeu de cloisons (voir <a href=\"https:\/\/megacase.com\/fr\/produit\/trennwandset-zubehoercase-2-x-3-box\/\">328318<\/a>)<br \/>\nArr\u00eat de porte \u00e0 gauche<br \/>\nen multiplex de bouleau de 9 mm recouvert de PVC<br \/>\nCouleur blanche<br \/>\nChant en aluminium 30&#215;30 mm<br \/>\n2 fermoirs papillon \u00e0 ressort moyen<br \/>\n2 poign\u00e9es pliantes moyennes<br \/>\n3 charni\u00e8res 6 trous<br \/>\n8 grands coins boule \u00e9tag\u00e9s<br \/>\n4 roulettes pivotantes 100mm \u00ab\u00a0Blue Wheels\u00a0\u00bb chargeables jusqu&rsquo;\u00e0 450 kg (dont 2 frein\u00e9es)<br \/>\n5 bo\u00eetes coulissantes (LxPxH) 565x365x195 mm<br \/>\n\u00e9galement disponible dans d&rsquo;autres variantes (par exemple 1 x 4 bo\u00eetes)<br \/>\nSupport de support en aluminium<br \/>\nFabriqu\u00e9 en Allemagne<br \/>\nDimensions ext\u00e9rieures LxPxH : environ 660 x 500 x 1255 mm<br \/>\nPoids : environ 45,6 kg<\/p>\n","protected":false},"excerpt":{"rendered":"<p>Id\u00e9al pour trier les c\u00e2bles et bric-\u00e0-brac sur sc\u00e8ne et FOH (front of house). Les bo\u00eetes en plastique peuvent \u00e9galement<\/p>\n","protected":false},"featured_media":234976,"template":"","meta":{"_acf_changed":false},"product_brand":[],"product_cat":[13818],"product_tag":[],"class_list":{"0":"post-132119","1":"product","2":"type-product","3":"status-publish","4":"has-post-thumbnail","6":"product_cat-case-zubehoer-fr","8":"first","9":"instock","10":"taxable","11":"shipping-taxable","12":"purchasable","13":"product-type-simple"},"acf":[],"_links":{"self":[{"href":"https:\/\/megacase.com\/fr\/wp-json\/wp\/v2\/product\/132119","targetHints":{"allow":["GET"]}}],"collection":[{"href":"https:\/\/megacase.com\/fr\/wp-json\/wp\/v2\/product"}],"about":[{"href":"https:\/\/megacase.com\/fr\/wp-json\/wp\/v2\/types\/product"}],"wp:featuredmedia":[{"embeddable":true,"href":"https:\/\/megacase.com\/fr\/wp-json\/wp\/v2\/media\/234976"}],"wp:attachment":[{"href":"https:\/\/megacase.com\/fr\/wp-json\/wp\/v2\/media?parent=132119"}],"wp:term":[{"taxonomy":"product_brand","embeddable":true,"href":"https:\/\/megacase.com\/fr\/wp-json\/wp\/v2\/product_brand?post=132119"},{"taxonomy":"product_cat","embeddable":true,"href":"https:\/\/megacase.com\/fr\/wp-json\/wp\/v2\/product_cat?post=132119"},{"taxonomy":"product_tag","embeddable":true,"href":"https:\/\/megacase.com\/fr\/wp-json\/wp\/v2\/product_tag?post=132119"}],"curies":[{"name":"wp","href":"https:\/\/api.w.org\/{rel}","templated":true}]}}