{"id":132114,"date":"2019-02-27T15:37:10","date_gmt":"2019-02-27T14:37:10","guid":{"rendered":"https:\/\/megacase.com\/product\/zubehoercase-1x4-kisten-e2-euronorm-tischfunktion\/"},"modified":"2026-03-26T12:32:49","modified_gmt":"2026-03-26T11:32:49","slug":"zubehoercase-1x4-kisten-e2-euronorm-tischfunktion","status":"publish","type":"product","link":"https:\/\/megacase.com\/fr\/produit\/zubehoercase-1x4-kisten-e2-euronorm-tischfunktion\/","title":{"rendered":"Coffret d&rsquo;accessoires 1&#215;4 bo\u00eetes E2 Euronorm + fonction table"},"content":{"rendered":"<p>Id\u00e9al pour ranger les c\u00e2bles et le petit mat\u00e9riel sur sc\u00e8ne et en fa\u00e7ade.<br \/>\nLe couvercle avant peut \u00eatre suspendu sur le c\u00f4t\u00e9 du coffre comme table.<br \/>\nLes quatre bo\u00eetes en plastique sont divisibles gr\u00e2ce \u00e0 un kit de s\u00e9paration (voir 328318, 587001).<\/p>\n<p>Multiplex ph\u00e9nolique marron 9 mm<br \/>\nProfil\u00e9 d&rsquo;aluminium 30&#215;30 mm<br \/>\n4 charni\u00e8res papillon moyennes<br \/>\n2 poign\u00e9es rabattables moyennes<br \/>\n8 coins plats en acier<br \/>\n2 pieds de table r\u00e9glables en hauteur<br \/>\n2 connecteurs de table<br \/>\n4 supports de connecteur de table<br \/>\n4 roulettes pivotantes \u00ab Blue Wheels \u00bb de 100 mm avec frein<br \/>\n8 supports en aluminium<br \/>\n4 bo\u00eetes d&rsquo;accessoires E2 Euronorm<\/p>\n<p>Fabriqu\u00e9 en Allemagne<br \/>\nDimensions ext\u00e9rieures L x P x H : 645 x 5 155 x 1 033 mm<br \/>\nPoids : 44,4 kg<\/p>\n","protected":false},"excerpt":{"rendered":"<p>Id\u00e9al pour ranger les c\u00e2bles et le petit mat\u00e9riel sur sc\u00e8ne et en fa\u00e7ade. Le couvercle avant peut \u00eatre suspendu<\/p>\n","protected":false},"featured_media":268683,"template":"","meta":{"_acf_changed":false},"product_brand":[],"product_cat":[13818],"product_tag":[],"class_list":{"0":"post-132114","1":"product","2":"type-product","3":"status-publish","4":"has-post-thumbnail","6":"product_cat-case-zubehoer-fr","8":"first","9":"instock","10":"taxable","11":"shipping-taxable","12":"purchasable","13":"product-type-simple"},"acf":[],"_links":{"self":[{"href":"https:\/\/megacase.com\/fr\/wp-json\/wp\/v2\/product\/132114","targetHints":{"allow":["GET"]}}],"collection":[{"href":"https:\/\/megacase.com\/fr\/wp-json\/wp\/v2\/product"}],"about":[{"href":"https:\/\/megacase.com\/fr\/wp-json\/wp\/v2\/types\/product"}],"wp:featuredmedia":[{"embeddable":true,"href":"https:\/\/megacase.com\/fr\/wp-json\/wp\/v2\/media\/268683"}],"wp:attachment":[{"href":"https:\/\/megacase.com\/fr\/wp-json\/wp\/v2\/media?parent=132114"}],"wp:term":[{"taxonomy":"product_brand","embeddable":true,"href":"https:\/\/megacase.com\/fr\/wp-json\/wp\/v2\/product_brand?post=132114"},{"taxonomy":"product_cat","embeddable":true,"href":"https:\/\/megacase.com\/fr\/wp-json\/wp\/v2\/product_cat?post=132114"},{"taxonomy":"product_tag","embeddable":true,"href":"https:\/\/megacase.com\/fr\/wp-json\/wp\/v2\/product_tag?post=132114"}],"curies":[{"name":"wp","href":"https:\/\/api.w.org\/{rel}","templated":true}]}}