{"id":132026,"date":"2019-02-27T15:12:22","date_gmt":"2019-02-27T14:12:22","guid":{"rendered":"https:\/\/megacase.com\/product\/zubehoercase-1x3-kisten-e2-euronorm\/"},"modified":"2026-03-26T12:32:49","modified_gmt":"2026-03-26T11:32:49","slug":"zubehoercase-1x3-kisten-e2-euronorm","status":"publish","type":"product","link":"https:\/\/megacase.com\/fr\/produit\/zubehoercase-1x3-kisten-e2-euronorm\/","title":{"rendered":"Accessory Case 1&#215;3 Boxes E2 Euronorm"},"content":{"rendered":"<p>id\u00e9al pour trier les c\u00e2bles et les brins sur sc\u00e8ne et FOH, 1 x 3 bo\u00eetes<br \/>\nMat\u00e9riau: r\u00e9sine ph\u00e9nolique multiplex de bouleau de 9 mm rev\u00eatue,<br \/>\nCouleur marron,<br \/>\navec chants en aluminium 30 x 30 mm,<br \/>\n2 fermetures papillon moyennes \u00e0 ressort \u00e0 droite,<br \/>\n4 poign\u00e9es rabattables,<br \/>\ncharni\u00e8re gauche,<br \/>\ngrands coins de boule,<br \/>\n4 roues bleues de 100 mm (2 avec freins), chargeables jusqu&rsquo;\u00e0 450 kg,<br \/>\n3 tiroirs chacun (L x H x P): 56,5 x 19,5 x 36,5 cm<br \/>\nSupport de support en aluminium comme guide,<br \/>\nDimensions ext\u00e9rieures (L x P x H): 655 x 500 x 855 cm avec roulettes,<br \/>\nPoids: 33,5 kg,<br \/>\nJeu de cloisons assorties: Art.<a href=\"https:\/\/megacase.com\/fr\/produit\/trennwandset-zubehoercase-2-x-3-box\/\">328318<\/a> (non inclus),<br \/>\n\u00c9galement disponible dans d&rsquo;autres variantes telles que 2 x 3 bo\u00eetes (<a href=\"https:\/\/megacase.com\/fr\/produit\/zubehoercase-2x3-kisten-e2-euronorm\/\">229822<\/a>),<br \/>\nFabriqu\u00e9 en Allemagne<\/p>\n","protected":false},"excerpt":{"rendered":"<p>id\u00e9al pour trier les c\u00e2bles et les brins sur sc\u00e8ne et FOH, 1 x 3 bo\u00eetes | Fabriqu\u00e9 en Allemagne<\/p>\n","protected":false},"featured_media":263339,"template":"","meta":{"_acf_changed":false},"product_brand":[],"product_cat":[13818],"product_tag":[],"class_list":{"0":"post-132026","1":"product","2":"type-product","3":"status-publish","4":"has-post-thumbnail","6":"product_cat-case-zubehoer-fr","8":"first","9":"instock","10":"taxable","11":"shipping-taxable","12":"purchasable","13":"product-type-simple"},"acf":[],"_links":{"self":[{"href":"https:\/\/megacase.com\/fr\/wp-json\/wp\/v2\/product\/132026","targetHints":{"allow":["GET"]}}],"collection":[{"href":"https:\/\/megacase.com\/fr\/wp-json\/wp\/v2\/product"}],"about":[{"href":"https:\/\/megacase.com\/fr\/wp-json\/wp\/v2\/types\/product"}],"wp:featuredmedia":[{"embeddable":true,"href":"https:\/\/megacase.com\/fr\/wp-json\/wp\/v2\/media\/263339"}],"wp:attachment":[{"href":"https:\/\/megacase.com\/fr\/wp-json\/wp\/v2\/media?parent=132026"}],"wp:term":[{"taxonomy":"product_brand","embeddable":true,"href":"https:\/\/megacase.com\/fr\/wp-json\/wp\/v2\/product_brand?post=132026"},{"taxonomy":"product_cat","embeddable":true,"href":"https:\/\/megacase.com\/fr\/wp-json\/wp\/v2\/product_cat?post=132026"},{"taxonomy":"product_tag","embeddable":true,"href":"https:\/\/megacase.com\/fr\/wp-json\/wp\/v2\/product_tag?post=132026"}],"curies":[{"name":"wp","href":"https:\/\/api.w.org\/{rel}","templated":true}]}}