{"id":123605,"date":"2018-11-12T12:02:55","date_gmt":"2018-11-12T11:02:55","guid":{"rendered":"https:\/\/megacase.com\/product\/ramazzotti-koffer\/"},"modified":"2024-12-01T00:00:04","modified_gmt":"2024-11-30T23:00:04","slug":"ramazzotti-koffer","status":"publish","type":"product","link":"https:\/\/megacase.com\/fr\/produit\/ramazzotti-koffer\/","title":{"rendered":"Ramazzotti-Case"},"content":{"rendered":"<p>Une valise originale pour les amoureux de Ramazzotti en d\u00e9placement.<br \/>\nQue ce soit comme cadeau d&rsquo;invit\u00e9 ou comme mallette d&rsquo;urgence pour des repr\u00e9sentations, cette mallette attirera certainement l&rsquo;attention.<br \/>\nLit de forme adapt\u00e9e pour : 3 verres et une bouteille de Ramazzotti de 0,7 l (Ramazzotti n&rsquo;est pas inclus)<br \/>\nMultiplex de 6,8 mm recouvert de r\u00e9sine ph\u00e9nolique<br \/>\nCouleur : noir<br \/>\n1 \u00e9l\u00e9gante poign\u00e9e de valise chrom\u00e9e<br \/>\n2 verrous \u00e0 clip de haute qualit\u00e9<br \/>\n2 charni\u00e8res verrouillables<br \/>\nincrustation frais\u00e9e avec pr\u00e9cision<br \/>\nCoins \u00e0 billes en acier<br \/>\nFabriqu\u00e9 en Allemagne<br \/>\nDimensions ext\u00e9rieures LxHxP 476 x 365 x 156 mm<br \/>\nPoids environ : 5,2 kg<br \/>\nAttention : Les boissons ne sont pas incluses dans l&rsquo;offre ni dans le contenu de la livraison<\/p>\n","protected":false},"excerpt":{"rendered":"<p>Une valise originale pour les amoureux de Ramazzotti en d\u00e9placement | Lit de forme assorti pour : 3 verres et une bouteille de 0,7 l de Ramazzotti<\/p>\n","protected":false},"featured_media":270511,"template":"","meta":{"_acf_changed":false},"product_brand":[],"product_cat":[15042],"product_tag":[16459],"class_list":{"0":"post-123605","1":"product","2":"type-product","3":"status-publish","4":"has-post-thumbnail","6":"product_cat-non-classifiee","7":"product_tag-blackfriday-fr","9":"first","10":"instock","11":"taxable","12":"shipping-taxable","13":"purchasable","14":"product-type-simple"},"acf":[],"_links":{"self":[{"href":"https:\/\/megacase.com\/fr\/wp-json\/wp\/v2\/product\/123605","targetHints":{"allow":["GET"]}}],"collection":[{"href":"https:\/\/megacase.com\/fr\/wp-json\/wp\/v2\/product"}],"about":[{"href":"https:\/\/megacase.com\/fr\/wp-json\/wp\/v2\/types\/product"}],"wp:featuredmedia":[{"embeddable":true,"href":"https:\/\/megacase.com\/fr\/wp-json\/wp\/v2\/media\/270511"}],"wp:attachment":[{"href":"https:\/\/megacase.com\/fr\/wp-json\/wp\/v2\/media?parent=123605"}],"wp:term":[{"taxonomy":"product_brand","embeddable":true,"href":"https:\/\/megacase.com\/fr\/wp-json\/wp\/v2\/product_brand?post=123605"},{"taxonomy":"product_cat","embeddable":true,"href":"https:\/\/megacase.com\/fr\/wp-json\/wp\/v2\/product_cat?post=123605"},{"taxonomy":"product_tag","embeddable":true,"href":"https:\/\/megacase.com\/fr\/wp-json\/wp\/v2\/product_tag?post=123605"}],"curies":[{"name":"wp","href":"https:\/\/api.w.org\/{rel}","templated":true}]}}