{"id":100493,"date":"2018-01-18T10:11:05","date_gmt":"2018-01-18T09:11:05","guid":{"rendered":"https:\/\/megacase.com\/product\/keyboard-case-typ-3-88-korg-kronos-88mod-2015-eckrollen\/"},"modified":"2025-07-07T12:26:10","modified_gmt":"2025-07-07T10:26:10","slug":"keyboard-case-typ-3-88-korg-kronos-88mod-2015-eckrollen","status":"publish","type":"product","link":"https:\/\/megacase.com\/fr\/produit\/keyboard-case-typ-3-88-korg-kronos-88mod-2015-eckrollen\/","title":{"rendered":"Mallette pour Korg Kronos 88 mod\u00e8le 2015 avec roulettes d&rsquo;angle"},"content":{"rendered":"<p>Mallette pour Korg Kronos 88 mod\u00e8le 2015 avec roulettes d&rsquo;angle<br \/>\nLe clavier est directement accessible depuis le dessous de la mallette.<\/p>\n<p>Les connexions sont facilement accessibles.<\/p>\n<p>Les roulettes d&rsquo;angle permettent d&rsquo;utiliser la mallette comme un trolley.<\/p>\n<p>Contreplaqu\u00e9 ph\u00e9nolique marron de 6,8 mm<br \/>\nBordure en aluminium 30\/30 mm<br \/>\n4 coins moyens en L<br \/>\n5 fermetures papillon moyennes<br \/>\n4 poign\u00e9es pliantes moyennes<br \/>\n1 poign\u00e9e en cuir<br \/>\n6 coins sph\u00e9riques en acier galvanis\u00e9<br \/>\n2 roulettes d&rsquo;angle de 48 mm (en bas \u00e0 droite)<br \/>\n6 pieds en caoutchouc<br \/>\nRembourrage en mousse<\/p>\n<p>** Remarque : Les appareils et instruments pr\u00e9sent\u00e9s sont \u00e0 titre indicatif uniquement et ne sont pas inclus dans l&rsquo;offre.<\/p>\n<p>Fabriqu\u00e9 en Allemagne<br \/>\nDimensions ext\u00e9rieures : 1545 x 480 x 265 mm<br \/>\nPoids : 16 kg<\/p>\n","protected":false},"excerpt":{"rendered":"<p>Mallette pour Korg Kronos 88 mod\u00e8le 2015 avec roulettes d&rsquo;angle Le clavier est directement accessible depuis le dessous de la<\/p>\n","protected":false},"featured_media":101897,"template":"","meta":{"_acf_changed":false},"product_brand":[],"product_cat":[13787],"product_tag":[],"class_list":{"0":"post-100493","1":"product","2":"type-product","3":"status-publish","4":"has-post-thumbnail","6":"product_cat-keyboard-cases-fr","8":"first","9":"instock","10":"taxable","11":"shipping-taxable","12":"purchasable","13":"product-type-simple"},"acf":[],"_links":{"self":[{"href":"https:\/\/megacase.com\/fr\/wp-json\/wp\/v2\/product\/100493","targetHints":{"allow":["GET"]}}],"collection":[{"href":"https:\/\/megacase.com\/fr\/wp-json\/wp\/v2\/product"}],"about":[{"href":"https:\/\/megacase.com\/fr\/wp-json\/wp\/v2\/types\/product"}],"wp:featuredmedia":[{"embeddable":true,"href":"https:\/\/megacase.com\/fr\/wp-json\/wp\/v2\/media\/101897"}],"wp:attachment":[{"href":"https:\/\/megacase.com\/fr\/wp-json\/wp\/v2\/media?parent=100493"}],"wp:term":[{"taxonomy":"product_brand","embeddable":true,"href":"https:\/\/megacase.com\/fr\/wp-json\/wp\/v2\/product_brand?post=100493"},{"taxonomy":"product_cat","embeddable":true,"href":"https:\/\/megacase.com\/fr\/wp-json\/wp\/v2\/product_cat?post=100493"},{"taxonomy":"product_tag","embeddable":true,"href":"https:\/\/megacase.com\/fr\/wp-json\/wp\/v2\/product_tag?post=100493"}],"curies":[{"name":"wp","href":"https:\/\/api.w.org\/{rel}","templated":true}]}}