{"id":65094,"date":"2017-06-20T11:18:13","date_gmt":"2017-06-20T09:18:13","guid":{"rendered":"https:\/\/megacase.com\/?page_id=65094\/"},"modified":"2021-11-10T16:34:05","modified_gmt":"2021-11-10T15:34:05","slug":"questions-reponses","status":"publish","type":"page","link":"https:\/\/megacase.com\/fr\/questions-reponses\/","title":{"rendered":"Questions \/ R\u00e9ponses"},"content":{"rendered":"<p><strong>Quelles qualit\u00e9s propose Megacase?<\/strong><\/p>\n<p>Megacase s&rsquo;est sp\u00e9cialis\u00e9 dans le domaine des flight cases de haute qualit\u00e9 utilis\u00e9s sur sc\u00e8ne et sur la route. Tous les flight cases sont \u00ab\u00a0fabriqu\u00e9s en Allemagne\u00a0\u00bb et r\u00e9pondent aux plus hauts standards de l&rsquo;industrie. Nous nous dissocions radicalement des flight cases fabriqu\u00e9s en Chine ou import\u00e9s.<\/p>\n<p><strong>Est-ce que tous les flight cases peuvent \u00eatre fabriqu\u00e9s sur mesure par Megacase?<\/strong><\/p>\n<p>Oui, votre flight case sera fabriqu\u00e9 d\u00e8s validation d&rsquo;une commande. Chaque flight case est manufactur\u00e9 selon vos souhaits et livr\u00e9 directement de l&rsquo;usine. Sans interm\u00e9diaires ou d\u00e9tours, il vous sera remis en main propre devant votre porte d&rsquo;entr\u00e9e ou \u00e0 votre entreprise.<\/p>\n<p><strong>Quels sont les d\u00e9lais de livraison une fois la commande effectu\u00e9e?<\/strong><\/p>\n<p>La production du flight case command\u00e9 est habituellement lanc\u00e9e le jour m\u00eame de la r\u00e9ception du paiement. Normalement, les d\u00e9lais de livraison vers la France, et le BeNelux, sont de l&rsquo;ordre de 30 \u00e0 35 jours ouvrables.<\/p>\n<p><strong><b>Est-ce que Megacase.com propose d&rsquo;autres mod\u00e8les de flight cases<\/b>?<\/strong><\/p>\n<p>Oui! Megacase fabrique presque tous les flight cases imaginables. Vous pouvez nous envoyer des demandes sp\u00e9ciales en utilisant notre <a href=\"\/?page_id=350\">Formulaire pour flight case individuel<\/a>. Nous prendrons soin de bien vous conseiller.<\/p>\n<p><strong>Comment puis-je payer mon flight case?<\/strong><\/p>\n<p>Nous vous proposons trois modes de paiement: virement bancaire par avance, carte de cr\u00e9dit, ou PayPal.<\/p>\n","protected":false},"excerpt":{"rendered":"<p>Quelles qualit\u00e9s propose Megacase? Megacase s&rsquo;est sp\u00e9cialis\u00e9 dans le domaine des flight cases de haute qualit\u00e9 utilis\u00e9s sur sc\u00e8ne et<\/p>\n","protected":false},"author":8993,"featured_media":0,"parent":0,"menu_order":0,"comment_status":"closed","ping_status":"closed","template":"","meta":{"_acf_changed":false,"footnotes":""},"class_list":["post-65094","page","type-page","status-publish","hentry"],"acf":[],"_links":{"self":[{"href":"https:\/\/megacase.com\/fr\/wp-json\/wp\/v2\/pages\/65094","targetHints":{"allow":["GET"]}}],"collection":[{"href":"https:\/\/megacase.com\/fr\/wp-json\/wp\/v2\/pages"}],"about":[{"href":"https:\/\/megacase.com\/fr\/wp-json\/wp\/v2\/types\/page"}],"author":[{"embeddable":true,"href":"https:\/\/megacase.com\/fr\/wp-json\/wp\/v2\/users\/8993"}],"replies":[{"embeddable":true,"href":"https:\/\/megacase.com\/fr\/wp-json\/wp\/v2\/comments?post=65094"}],"version-history":[{"count":2,"href":"https:\/\/megacase.com\/fr\/wp-json\/wp\/v2\/pages\/65094\/revisions"}],"predecessor-version":[{"id":226806,"href":"https:\/\/megacase.com\/fr\/wp-json\/wp\/v2\/pages\/65094\/revisions\/226806"}],"wp:attachment":[{"href":"https:\/\/megacase.com\/fr\/wp-json\/wp\/v2\/media?parent=65094"}],"curies":[{"name":"wp","href":"https:\/\/api.w.org\/{rel}","templated":true}]}}