{"id":59300,"date":"2017-02-27T16:02:31","date_gmt":"2017-02-27T15:02:31","guid":{"rendered":"https:\/\/mcx.sunlab.eu\/shipping-costs\/"},"modified":"2022-04-11T10:37:06","modified_gmt":"2022-04-11T08:37:06","slug":"shipping-costs","status":"publish","type":"page","link":"https:\/\/megacase.com\/fr\/shipping-costs\/","title":{"rendered":"Frais de port et informations sur l&rsquo;exp\u00e9dition"},"content":{"rendered":"<h2>Frais de port<\/h2>\n<ul>\n<li>Allemagne \u20ac 15,-<\/li>\n<li>Belgique, Danemark, France, Luxembourg, Pays-Bas, Autriche, R\u00e9publique tch\u00e8que \u20ac 29,-<\/li>\n<li>Gr\u00e8ce, Espagne, Italie, Portugal, Hongrie, Slov\u00e9nie, Slovaquie \u20ac 35,-<\/li>\n<li>Roumanie, Su\u00e8de, Pologne, Irlande \u20ac 39,-<\/li>\n<li><span style=\"font-weight: 400;\">Lituanie<\/span> \u20ac 55,-<\/li>\n<li>Liechtenstein Suisse \u20ac 59,- (non d\u00e9douan\u00e9, non tax\u00e9, DAP)<\/li>\n<li>Royaume-Uni 69,-\u20ac (non d\u00e9douan\u00e9, non tax\u00e9, DAP)<\/li>\n<li>USA, Canada et autres pays sur demande par <a href=\"https:\/\/megacase.com\/fr\/contact\/\">formulaire de contact<\/a> ou par mail \u00e0 <a href=\"mailto:info@megacase.com\">info@megacase.com<\/a><\/li>\n<\/ul>\n<h2>Entreprises de transport<\/h2>\n<p>Une fois la production de votre commande termin\u00e9e, celle-ci sera imm\u00e9diatement exp\u00e9di\u00e9e. Les petites et moyennes commandes sont g\u00e9n\u00e9ralement exp\u00e9di\u00e9es par UPS. Pour les flights cases plus gros et\/ou les commandes de grandes quantit\u00e9s, l&rsquo;exp\u00e9dition est prise en charge par le transporteur Schenker.<\/p>\n<h2>D\u00e9lais de livraison<\/h2>\n<ul>\n<li>Exp\u00e9dition via UPS en Allemagne: 1-2 jours ouvrables<\/li>\n<li>Exp\u00e9dition via UPS vers les pays voisins: 2-4 jours ouvrables<\/li>\n<li>Exp\u00e9dition via transporteur en Allemagne: 2-3 jours ouvrables<\/li>\n<li>Exp\u00e9dition via transporteur vers les pays voisins: 4-5 jours ouvrables<\/li>\n<\/ul>\n<h2>Exp\u00e9dition par transporteur<\/h2>\n<p>Si votre commande est livr\u00e9e par le transporteur, celui-ci prendra contact avec vous le jour de la livraison afin d&rsquo;\u00eatre certains qu&rsquo;elle puisse \u00eatre r\u00e9ceptionn\u00e9e. Pour cela, nous lui fournissons le num\u00e9ro de t\u00e9l\u00e9phone que vous nous avez indiqu\u00e9 lors de votre commande.<\/p>\n<h2>Informations sur les d\u00e9lais de fabrication<\/h2>\n<p>Chaque Megacase est un flight case sur mesure. Votre flight case sera fabriqu\u00e9 en fonction de vos besoins une fois la commande valid\u00e9e. Les d\u00e9lais de production peuvent l\u00e9g\u00e8rement varier du fait que chaque flight case doit \u00eatre d&rsquo;abord con\u00e7u et ensuite r\u00e9alis\u00e9. <strong>Par cons\u00e9quent, les d\u00e9lais de livraison sont en moyenne de 30 \u00e0 35 jours ouvrables.<\/strong> Notez svp que les d\u00e9lais de production varient \u00e9galement en fonction des commandes en cours.<\/p>\n<p>Cr\u00e9ez maintenant votre flight case individuel via le <a href=\"https:\/\/megacase.com\/fr\/categorie-produit\/configurateur\/\">configurateur<\/a>, ou effectuez une demande via le <a href=\"https:\/\/megacase.com\/fr\/contact\/\">formulaire de demande<\/a>.<\/p>\n","protected":false},"excerpt":{"rendered":"<p>Frais de port Allemagne \u20ac 15,- Belgique, Danemark, France, Luxembourg, Pays-Bas, Autriche, R\u00e9publique tch\u00e8que \u20ac 29,- Gr\u00e8ce, Espagne, Italie, Portugal,<\/p>\n","protected":false},"author":8993,"featured_media":0,"parent":0,"menu_order":0,"comment_status":"closed","ping_status":"closed","template":"","meta":{"_acf_changed":false,"footnotes":""},"class_list":["post-59300","page","type-page","status-publish","hentry"],"acf":[],"_links":{"self":[{"href":"https:\/\/megacase.com\/fr\/wp-json\/wp\/v2\/pages\/59300","targetHints":{"allow":["GET"]}}],"collection":[{"href":"https:\/\/megacase.com\/fr\/wp-json\/wp\/v2\/pages"}],"about":[{"href":"https:\/\/megacase.com\/fr\/wp-json\/wp\/v2\/types\/page"}],"author":[{"embeddable":true,"href":"https:\/\/megacase.com\/fr\/wp-json\/wp\/v2\/users\/8993"}],"replies":[{"embeddable":true,"href":"https:\/\/megacase.com\/fr\/wp-json\/wp\/v2\/comments?post=59300"}],"version-history":[{"count":5,"href":"https:\/\/megacase.com\/fr\/wp-json\/wp\/v2\/pages\/59300\/revisions"}],"predecessor-version":[{"id":232337,"href":"https:\/\/megacase.com\/fr\/wp-json\/wp\/v2\/pages\/59300\/revisions\/232337"}],"wp:attachment":[{"href":"https:\/\/megacase.com\/fr\/wp-json\/wp\/v2\/media?parent=59300"}],"curies":[{"name":"wp","href":"https:\/\/api.w.org\/{rel}","templated":true}]}}