{"id":54895,"date":"2016-12-29T11:25:02","date_gmt":"2016-12-29T10:25:02","guid":{"rendered":"https:\/\/mcx.sunlab.eu\/flightcase-online-konfigurieren_fr\/flightcase-customisation\/"},"modified":"2018-03-29T13:49:36","modified_gmt":"2018-03-29T11:49:36","slug":"flightcase-customisation","status":"publish","type":"page","link":"https:\/\/megacase.com\/fr\/flightcase-online-konfigurieren_fr\/flightcase-customisation\/","title":{"rendered":"Fabrication sur mesure de Flight Cases"},"content":{"rendered":"[mc_row]\n[mc_column]\n<p><img loading=\"lazy\" decoding=\"async\" class=\"alignnone wp-image-50805 size-large\" src=\"\/\/cdn.megacase.com\/wp-content\/uploads\/2017\/03\/Case-Grid-1024x512.png\" alt=\"case grid\" width=\"1024\" height=\"512\" srcset=\"https:\/\/cdn.megacase.com\/wp-content\/uploads\/2017\/03\/Case-Grid-1024x512.png 1024w, https:\/\/cdn.megacase.com\/wp-content\/uploads\/2017\/03\/Case-Grid-300x150.png 300w, https:\/\/cdn.megacase.com\/wp-content\/uploads\/2017\/03\/Case-Grid-150x75.png 150w, https:\/\/cdn.megacase.com\/wp-content\/uploads\/2017\/03\/Case-Grid-768x384.png 768w, https:\/\/cdn.megacase.com\/wp-content\/uploads\/2017\/03\/Case-Grid-24x12.png 24w, https:\/\/cdn.megacase.com\/wp-content\/uploads\/2017\/03\/Case-Grid-48x24.png 48w, https:\/\/cdn.megacase.com\/wp-content\/uploads\/2017\/03\/Case-Grid-18x9.png 18w\" sizes=\"auto, (max-width: 1024px) 100vw, 1024px\" \/><\/p>\n[\/mc_column]\n[mc_column first=\u00a0\u00bb1&Prime;]\n<h3>FABRICATION EFFECTU\u00c8E \u00c0 LA MAIN EN ALLEMAGNE<\/h3>\n[megacase_text]\nChaque Megacase est unique et fabriqu\u00e9e exactement d&rsquo;apr\u00e8s vos directives. La plupart des flight cases peuvent \u00eatre configur\u00e9s \u00e0 l&rsquo;aide de notre <a href=\"https:\/\/megacase.com\/fr\/categorie-produit\/configurateur\/\"><strong>configurateur en ligne <\/strong><\/a>sur megacase.com.<\/p>\n<p><!--megacase_text-->Pour les demandes sp\u00e9ciales inhabituelles, ou des ajustements \u00e0 des mod\u00e8les tr\u00e8s sp\u00e9cifiques (comme par exemple des pi\u00e8ces d&rsquo;exposition, \u00e9crans, appareils \u00e9lectriques, ordinateurs portables, claviers\/synth\u00e9tiseurs), nous vous conseillons individuellement et vous envoyons un devis personnalis\u00e9 dans les 24 heures. Utilisez simplement notre <a href=\"https:\/\/megacase.com\/fr\/contact\/\"><strong>formulaire de demande<\/strong><\/a>, nous nous occupons du reste.<\/p>\n<p><!--megacase_text-->Nous avons d\u00e9j\u00e0 enregistr\u00e9 les dimensions de plusieurs mod\u00e8les, et pouvons donc construire votre flight case si vous nous indiquez les r\u00e9f\u00e9rences de l&rsquo;appareil.<\/p>\n[\/megacase_text]\n[\/mc_column]\n[\/mc_row]\n","protected":false},"excerpt":{"rendered":"<p>[mc_row] [mc_column] [\/mc_column] [mc_column first=\u00a0\u00bb1&Prime;] FABRICATION EFFECTU\u00c8E \u00c0 LA MAIN EN ALLEMAGNE [megacase_text] Chaque Megacase est unique et fabriqu\u00e9e exactement<\/p>\n","protected":false},"author":8993,"featured_media":0,"parent":275,"menu_order":7,"comment_status":"closed","ping_status":"closed","template":"","meta":{"_acf_changed":false,"footnotes":""},"class_list":["post-54895","page","type-page","status-publish","hentry"],"acf":[],"_links":{"self":[{"href":"https:\/\/megacase.com\/fr\/wp-json\/wp\/v2\/pages\/54895","targetHints":{"allow":["GET"]}}],"collection":[{"href":"https:\/\/megacase.com\/fr\/wp-json\/wp\/v2\/pages"}],"about":[{"href":"https:\/\/megacase.com\/fr\/wp-json\/wp\/v2\/types\/page"}],"author":[{"embeddable":true,"href":"https:\/\/megacase.com\/fr\/wp-json\/wp\/v2\/users\/8993"}],"replies":[{"embeddable":true,"href":"https:\/\/megacase.com\/fr\/wp-json\/wp\/v2\/comments?post=54895"}],"version-history":[{"count":5,"href":"https:\/\/megacase.com\/fr\/wp-json\/wp\/v2\/pages\/54895\/revisions"}],"predecessor-version":[{"id":105122,"href":"https:\/\/megacase.com\/fr\/wp-json\/wp\/v2\/pages\/54895\/revisions\/105122"}],"up":[{"embeddable":true,"href":"https:\/\/megacase.com\/fr\/wp-json\/wp\/v2\/pages\/275"}],"wp:attachment":[{"href":"https:\/\/megacase.com\/fr\/wp-json\/wp\/v2\/media?parent=54895"}],"curies":[{"name":"wp","href":"https:\/\/api.w.org\/{rel}","templated":true}]}}