{"id":53992,"date":"2016-12-29T11:24:10","date_gmt":"2016-12-29T10:24:10","guid":{"rendered":"https:\/\/mcx.sunlab.eu\/flightcase-online-konfigurieren_fr\/types-features\/"},"modified":"2018-03-29T13:29:52","modified_gmt":"2018-03-29T11:29:52","slug":"types-features","status":"publish","type":"page","link":"https:\/\/megacase.com\/fr\/flightcase-online-konfigurieren_fr\/types-features\/","title":{"rendered":"Megacase \u2013 ce que votre \u00e9quipement m\u00e9rite"},"content":{"rendered":"[mc_row]\n[mc_column]\n[megacase_text]Les <a href=\"https:\/\/megacase.com\/fr\/categorie-produit\/configurateur\/\"><strong>flight cases<\/strong><\/a>\u00a0Megacase sont \u00e9quip\u00e9s de <strong>fermetures type papillon<\/strong> ou de <strong>fermetures type grenouille<\/strong>, toutes deux <strong>verrouillables<\/strong> sur demande, ainsi que de poign\u00e9es rabattables avec ressorts pour une manipulation facile. Ces \u00e9l\u00e9ments sont fabriqu\u00e9s par notre fournisseur <strong>Adam Hall<\/strong>.<\/p>\n<p><!--megacase_text-->Les profil\u00e9s en aluminium et coins \u00e0 boules assurent sur tous les c\u00f4t\u00e9s une r\u00e9sistance aux chocs \u00e9lev\u00e9e pour une utilisation optimale sur la route. Des <strong>roulettes industrielles<\/strong> optionnelles, fix\u00e9es en dessous des flight cases sur une plaque de renfort, permettent de faciliter le transport de mani\u00e8re significative. Les quatre roulettes sont pivotantes, et deux d&rsquo;entre-elles sont \u00e9quip\u00e9es d&rsquo;un <strong>frein<\/strong>. Elles offrent m\u00eame sur les surfaces lisses et inclin\u00e9es une tenue parfaite.<\/p>\n<p><!--megacase_text-->Un <strong>rembourrage en mousse synth\u00e9tique<\/strong> sur toutes les surfaces int\u00e9rieures offre une protection suppl\u00e9mentaire contre les chocs et les rayures. Il est disponible dans des \u00e9paisseurs allant de 10mm \u00e0 40mm. Bien s\u00fbr, il existe la possibilit\u00e9 de ne pas opter pour un rembourrage interne.<\/p>\n<p><!--megacase_text-->Tous nos flight cases sont fabriqu\u00e9s en multiplex de bouleau stable et extr\u00eamement durable d&rsquo;une \u00e9paisseur de 7mm \u00e0 9mm. Le rev\u00eatement de r\u00e9sine ph\u00e9nolique sombre offre une protection contre les influences ext\u00e9rieures n\u00e9gatives, telles que les \u00e9raflures ou l&rsquo;humidit\u00e9. Vous pouvez \u00e9galement opter pour un rev\u00eatement en PVC r\u00e9sistant aux rayures, et disponible en plusieurs couleurs. Toutes les dimensions internes telles que la longueur, la hauteur et la profondeur peuvent \u00eatre librement s\u00e9lectionn\u00e9es dans le <a href=\"https:\/\/megacase.com\/fr\/categorie-produit\/configurateur\/\"><strong>configurateur<\/strong><\/a>.<\/p>\n<p>Avec notre garantie de 5 ans, nous assurons des flight cases ultra-stables et tr\u00e8s durables. Constatez le par vous-m\u00eame!<\/p>\n[\/mc_column]\n[mc_column first=\u00a0\u00bb1&Prime;]\n<div id='gallery-1' class='gallery galleryid-53992 gallery-columns-3 gallery-size-medium'><figure class='gallery-item'>\n\t\t\t<div class='gallery-icon landscape'>\n\t\t\t\t<a href='https:\/\/cdn.megacase.com\/wp-content\/uploads\/2016\/12\/3044_2.jpg'><img loading=\"lazy\" decoding=\"async\" width=\"300\" height=\"200\" src=\"https:\/\/cdn.megacase.com\/wp-content\/uploads\/2016\/12\/3044_2.jpg\" class=\"attachment-medium size-medium\" alt=\"\" srcset=\"https:\/\/cdn.megacase.com\/wp-content\/uploads\/2016\/12\/3044_2.jpg 3888w, https:\/\/cdn.megacase.com\/wp-content\/uploads\/2016\/12\/3044_2-300x200.jpg 300w\" sizes=\"auto, (max-width: 300px) 100vw, 300px\" \/><\/a>\n\t\t\t<\/div><\/figure><figure class='gallery-item'>\n\t\t\t<div class='gallery-icon landscape'>\n\t\t\t\t<a href='https:\/\/cdn.megacase.com\/wp-content\/uploads\/2016\/12\/4105_MG_8473dev.jpg'><img loading=\"lazy\" decoding=\"async\" width=\"300\" height=\"200\" src=\"https:\/\/cdn.megacase.com\/wp-content\/uploads\/2016\/12\/4105_MG_8473dev.jpg\" class=\"attachment-medium size-medium\" alt=\"\" srcset=\"https:\/\/cdn.megacase.com\/wp-content\/uploads\/2016\/12\/4105_MG_8473dev.jpg 800w, https:\/\/cdn.megacase.com\/wp-content\/uploads\/2016\/12\/4105_MG_8473dev-300x200.jpg 300w\" sizes=\"auto, (max-width: 300px) 100vw, 300px\" \/><\/a>\n\t\t\t<\/div><\/figure><figure class='gallery-item'>\n\t\t\t<div class='gallery-icon landscape'>\n\t\t\t\t<a href='https:\/\/cdn.megacase.com\/wp-content\/uploads\/2016\/12\/37500s_MG_8481dev.jpg'><img loading=\"lazy\" decoding=\"async\" width=\"300\" height=\"200\" src=\"https:\/\/cdn.megacase.com\/wp-content\/uploads\/2016\/12\/37500s_MG_8481dev.jpg\" class=\"attachment-medium size-medium\" alt=\"\" srcset=\"https:\/\/cdn.megacase.com\/wp-content\/uploads\/2016\/12\/37500s_MG_8481dev.jpg 664w, https:\/\/cdn.megacase.com\/wp-content\/uploads\/2016\/12\/37500s_MG_8481dev-300x200.jpg 300w\" sizes=\"auto, (max-width: 300px) 100vw, 300px\" \/><\/a>\n\t\t\t<\/div><\/figure><figure class='gallery-item'>\n\t\t\t<div class='gallery-icon landscape'>\n\t\t\t\t<a href='https:\/\/cdn.megacase.com\/wp-content\/uploads\/2016\/12\/41141_MG_8460dev.jpg'><img loading=\"lazy\" decoding=\"async\" width=\"300\" height=\"200\" src=\"https:\/\/cdn.megacase.com\/wp-content\/uploads\/2016\/12\/41141_MG_8460dev.jpg\" class=\"attachment-medium size-medium\" alt=\"\" srcset=\"https:\/\/cdn.megacase.com\/wp-content\/uploads\/2016\/12\/41141_MG_8460dev.jpg 678w, https:\/\/cdn.megacase.com\/wp-content\/uploads\/2016\/12\/41141_MG_8460dev-300x200.jpg 300w\" sizes=\"auto, (max-width: 300px) 100vw, 300px\" \/><\/a>\n\t\t\t<\/div><\/figure><figure class='gallery-item'>\n\t\t\t<div class='gallery-icon landscape'>\n\t\t\t\t<a href='https:\/\/cdn.megacase.com\/wp-content\/uploads\/2016\/12\/claplock_02.jpg'><img loading=\"lazy\" decoding=\"async\" width=\"300\" height=\"200\" src=\"https:\/\/cdn.megacase.com\/wp-content\/uploads\/2016\/12\/claplock_02.jpg\" class=\"attachment-medium size-medium\" alt=\"\" srcset=\"https:\/\/cdn.megacase.com\/wp-content\/uploads\/2016\/12\/claplock_02.jpg 3310w, https:\/\/cdn.megacase.com\/wp-content\/uploads\/2016\/12\/claplock_02-300x200.jpg 300w\" sizes=\"auto, (max-width: 300px) 100vw, 300px\" \/><\/a>\n\t\t\t<\/div><\/figure><figure class='gallery-item'>\n\t\t\t<div class='gallery-icon landscape'>\n\t\t\t\t<a href='https:\/\/cdn.megacase.com\/wp-content\/uploads\/2016\/12\/Rolle_gebremst_frei.jpg'><img loading=\"lazy\" decoding=\"async\" width=\"300\" height=\"200\" src=\"https:\/\/cdn.megacase.com\/wp-content\/uploads\/2016\/12\/Rolle_gebremst_frei.jpg\" class=\"attachment-medium size-medium\" alt=\"\" srcset=\"https:\/\/cdn.megacase.com\/wp-content\/uploads\/2016\/12\/Rolle_gebremst_frei.jpg 3888w, https:\/\/cdn.megacase.com\/wp-content\/uploads\/2016\/12\/Rolle_gebremst_frei-300x200.jpg 300w\" sizes=\"auto, (max-width: 300px) 100vw, 300px\" \/><\/a>\n\t\t\t<\/div><\/figure><figure class='gallery-item'>\n\t\t\t<div class='gallery-icon landscape'>\n\t\t\t\t<a href='https:\/\/cdn.megacase.com\/wp-content\/uploads\/2016\/12\/4773-007.jpg'><img loading=\"lazy\" decoding=\"async\" width=\"300\" height=\"200\" src=\"https:\/\/cdn.megacase.com\/wp-content\/uploads\/2016\/12\/4773-007.jpg\" class=\"attachment-medium size-medium\" alt=\"\" srcset=\"https:\/\/cdn.megacase.com\/wp-content\/uploads\/2016\/12\/4773-007.jpg 5062w, https:\/\/cdn.megacase.com\/wp-content\/uploads\/2016\/12\/4773-007-300x200.jpg 300w\" sizes=\"auto, (max-width: 300px) 100vw, 300px\" \/><\/a>\n\t\t\t<\/div><\/figure><figure class='gallery-item'>\n\t\t\t<div class='gallery-icon landscape'>\n\t\t\t\t<a href='https:\/\/cdn.megacase.com\/wp-content\/uploads\/2016\/12\/4540-entluefterschale-vertikal-02.jpg'><img loading=\"lazy\" decoding=\"async\" width=\"300\" height=\"200\" src=\"https:\/\/cdn.megacase.com\/wp-content\/uploads\/2016\/12\/4540-entluefterschale-vertikal-02.jpg\" class=\"attachment-medium size-medium\" alt=\"\" srcset=\"https:\/\/cdn.megacase.com\/wp-content\/uploads\/2016\/12\/4540-entluefterschale-vertikal-02.jpg 4247w, https:\/\/cdn.megacase.com\/wp-content\/uploads\/2016\/12\/4540-entluefterschale-vertikal-02-300x200.jpg 300w\" sizes=\"auto, (max-width: 300px) 100vw, 300px\" \/><\/a>\n\t\t\t<\/div><\/figure><figure class='gallery-item'>\n\t\t\t<div class='gallery-icon landscape'>\n\t\t\t\t<a href='https:\/\/cdn.megacase.com\/wp-content\/uploads\/2016\/12\/27096_MG_8290dev.jpg'><img loading=\"lazy\" decoding=\"async\" width=\"300\" height=\"200\" src=\"https:\/\/cdn.megacase.com\/wp-content\/uploads\/2016\/12\/27096_MG_8290dev.jpg\" class=\"attachment-medium size-medium\" alt=\"\" srcset=\"https:\/\/cdn.megacase.com\/wp-content\/uploads\/2016\/12\/27096_MG_8290dev.jpg 650w, https:\/\/cdn.megacase.com\/wp-content\/uploads\/2016\/12\/27096_MG_8290dev-300x200.jpg 300w\" sizes=\"auto, (max-width: 300px) 100vw, 300px\" \/><\/a>\n\t\t\t<\/div><\/figure><figure class='gallery-item'>\n\t\t\t<div class='gallery-icon landscape'>\n\t\t\t\t<a href='https:\/\/cdn.megacase.com\/wp-content\/uploads\/2016\/12\/sw_39.jpg'><img loading=\"lazy\" decoding=\"async\" width=\"300\" height=\"200\" src=\"https:\/\/cdn.megacase.com\/wp-content\/uploads\/2016\/12\/sw_39.jpg\" class=\"attachment-medium size-medium\" alt=\"\" srcset=\"https:\/\/cdn.megacase.com\/wp-content\/uploads\/2016\/12\/sw_39.jpg 566w, https:\/\/cdn.megacase.com\/wp-content\/uploads\/2016\/12\/sw_39-300x200.jpg 300w\" sizes=\"auto, (max-width: 300px) 100vw, 300px\" \/><\/a>\n\t\t\t<\/div><\/figure><figure class='gallery-item'>\n\t\t\t<div class='gallery-icon landscape'>\n\t\t\t\t<a href='https:\/\/cdn.megacase.com\/wp-content\/uploads\/2016\/12\/34085__MG_8882_1.jpg'><img loading=\"lazy\" decoding=\"async\" width=\"300\" height=\"200\" src=\"https:\/\/cdn.megacase.com\/wp-content\/uploads\/2016\/12\/34085__MG_8882_1.jpg\" class=\"attachment-medium size-medium\" alt=\"\" srcset=\"https:\/\/cdn.megacase.com\/wp-content\/uploads\/2016\/12\/34085__MG_8882_1.jpg 726w, https:\/\/cdn.megacase.com\/wp-content\/uploads\/2016\/12\/34085__MG_8882_1-300x200.jpg 300w\" sizes=\"auto, (max-width: 300px) 100vw, 300px\" \/><\/a>\n\t\t\t<\/div><\/figure><figure class='gallery-item'>\n\t\t\t<div class='gallery-icon landscape'>\n\t\t\t\t<a href='https:\/\/cdn.megacase.com\/wp-content\/uploads\/2016\/12\/172571_MG_8283dev.jpg'><img loading=\"lazy\" decoding=\"async\" width=\"300\" height=\"199\" src=\"https:\/\/cdn.megacase.com\/wp-content\/uploads\/2016\/12\/172571_MG_8283dev.jpg\" class=\"attachment-medium size-medium\" alt=\"\" srcset=\"https:\/\/cdn.megacase.com\/wp-content\/uploads\/2016\/12\/172571_MG_8283dev.jpg 670w, https:\/\/cdn.megacase.com\/wp-content\/uploads\/2016\/12\/172571_MG_8283dev-300x199.jpg 300w\" sizes=\"auto, (max-width: 300px) 100vw, 300px\" \/><\/a>\n\t\t\t<\/div><\/figure>\n\t\t<\/div>\n\n[\/mc_column]\n[\/mc_row]\n","protected":false},"excerpt":{"rendered":"<p>[mc_row] [mc_column] [megacase_text]Les flight cases\u00a0Megacase sont \u00e9quip\u00e9s de fermetures type papillon ou de fermetures type grenouille, toutes deux verrouillables sur<\/p>\n","protected":false},"author":13401,"featured_media":0,"parent":275,"menu_order":5,"comment_status":"closed","ping_status":"closed","template":"","meta":{"_acf_changed":false,"footnotes":""},"class_list":["post-53992","page","type-page","status-publish","hentry"],"acf":[],"_links":{"self":[{"href":"https:\/\/megacase.com\/fr\/wp-json\/wp\/v2\/pages\/53992","targetHints":{"allow":["GET"]}}],"collection":[{"href":"https:\/\/megacase.com\/fr\/wp-json\/wp\/v2\/pages"}],"about":[{"href":"https:\/\/megacase.com\/fr\/wp-json\/wp\/v2\/types\/page"}],"author":[{"embeddable":true,"href":"https:\/\/megacase.com\/fr\/wp-json\/wp\/v2\/users\/13401"}],"replies":[{"embeddable":true,"href":"https:\/\/megacase.com\/fr\/wp-json\/wp\/v2\/comments?post=53992"}],"version-history":[{"count":5,"href":"https:\/\/megacase.com\/fr\/wp-json\/wp\/v2\/pages\/53992\/revisions"}],"predecessor-version":[{"id":105116,"href":"https:\/\/megacase.com\/fr\/wp-json\/wp\/v2\/pages\/53992\/revisions\/105116"}],"up":[{"embeddable":true,"href":"https:\/\/megacase.com\/fr\/wp-json\/wp\/v2\/pages\/275"}],"wp:attachment":[{"href":"https:\/\/megacase.com\/fr\/wp-json\/wp\/v2\/media?parent=53992"}],"curies":[{"name":"wp","href":"https:\/\/api.w.org\/{rel}","templated":true}]}}