{"id":53984,"date":"2016-12-29T11:23:03","date_gmt":"2016-12-29T10:23:03","guid":{"rendered":"https:\/\/mcx.sunlab.eu\/flightcase-online-konfigurieren_fr\/shipment-directly-from-factory\/"},"modified":"2018-03-29T13:21:32","modified_gmt":"2018-03-29T11:21:32","slug":"shipment-directly-from-factory","status":"publish","type":"page","link":"https:\/\/megacase.com\/fr\/flightcase-online-konfigurieren_fr\/shipment-directly-from-factory\/","title":{"rendered":"Livraison directe depuis l&rsquo;usine"},"content":{"rendered":"[mc_row]\n[mc_column]\n<p><a href=\"\/\/cdn.megacase.com\/wp-content\/uploads\/2016\/12\/lt-cases-2016-klein-1.png\"><img loading=\"lazy\" decoding=\"async\" class=\"alignright wp-image-50999 size-full\" src=\"\/\/cdn.megacase.com\/wp-content\/uploads\/2016\/12\/lt-cases-2016-klein-1.png\" alt=\"\" width=\"900\" height=\"506\" srcset=\"https:\/\/cdn.megacase.com\/wp-content\/uploads\/2016\/12\/lt-cases-2016-klein-1.png 900w, https:\/\/cdn.megacase.com\/wp-content\/uploads\/2016\/12\/lt-cases-2016-klein-1-300x169.png 300w, https:\/\/cdn.megacase.com\/wp-content\/uploads\/2016\/12\/lt-cases-2016-klein-1-150x84.png 150w, https:\/\/cdn.megacase.com\/wp-content\/uploads\/2016\/12\/lt-cases-2016-klein-1-768x432.png 768w, https:\/\/cdn.megacase.com\/wp-content\/uploads\/2016\/12\/lt-cases-2016-klein-1-24x13.png 24w, https:\/\/cdn.megacase.com\/wp-content\/uploads\/2016\/12\/lt-cases-2016-klein-1-48x27.png 48w, https:\/\/cdn.megacase.com\/wp-content\/uploads\/2016\/12\/lt-cases-2016-klein-1-18x10.png 18w\" sizes=\"auto, (max-width: 900px) 100vw, 900px\" \/><\/a><\/p>\n[\/mc_column]\n[mc_column]\n[megacase_text]Les livraisons de flight cases pour l&rsquo;Europe enti\u00e8re sont effectu\u00e9es directement depuis l&rsquo;usine. Sans interm\u00e9diaires. Nous ne proposons donc pas uniquement des <a href=\"https:\/\/megacase.com\/fr\/categorie-produit\/configurateur\/\">flight cases<\/a> \u00e0 bas prix, mais \u00e9galement des livraisons directes sans d\u00e9tours. Tous les flight cases sont fabriqu\u00e9s exclusivement en Allemagne et r\u00e9pondent aux normes de qualit\u00e9 industrielle les plus strictes.<br \/>\n<!--megacase_text--><!--megacase_text--><\/p>\n<ul>\n<li>Livraison internationale directe et rapide depuis l&rsquo;usine<\/li>\n<li><a href=\"https:\/\/megacase.com\/fr\/shipping-costs\/\">Frais de port<\/a> peu co\u00fbteux \u00e0 partir de 29,- \u20ac<\/li>\n<li>Ajustement parfait, fabrication \u00e0 la main effectu\u00e9e \u00e0 100% en Allemagne<\/li>\n<li>Multiplex de bouleau 7mm ou 9mm<\/li>\n<li>Rev\u00eatement en r\u00e9sine ph\u00e9nolique r\u00e9sistant \u00e0 l&rsquo;eau<\/li>\n<li>Fermetures &amp; poign\u00e9es de haute qualit\u00e9 Adam Hall<\/li>\n<li>Stabilit\u00e9 maximale &amp; excellente aptitude \u00e0 l&rsquo;exp\u00e9dition<\/li>\n<\/ul>\n[\/megacase_text]\n[\/mc_column]\n[\/mc_row]\n","protected":false},"excerpt":{"rendered":"<p>[mc_row] [mc_column] [\/mc_column] [mc_column] [megacase_text]Les livraisons de flight cases pour l&rsquo;Europe enti\u00e8re sont effectu\u00e9es directement depuis l&rsquo;usine. Sans interm\u00e9diaires. Nous<\/p>\n","protected":false},"author":13401,"featured_media":0,"parent":275,"menu_order":4,"comment_status":"closed","ping_status":"closed","template":"","meta":{"_acf_changed":false,"footnotes":""},"class_list":["post-53984","page","type-page","status-publish","hentry"],"acf":[],"_links":{"self":[{"href":"https:\/\/megacase.com\/fr\/wp-json\/wp\/v2\/pages\/53984","targetHints":{"allow":["GET"]}}],"collection":[{"href":"https:\/\/megacase.com\/fr\/wp-json\/wp\/v2\/pages"}],"about":[{"href":"https:\/\/megacase.com\/fr\/wp-json\/wp\/v2\/types\/page"}],"author":[{"embeddable":true,"href":"https:\/\/megacase.com\/fr\/wp-json\/wp\/v2\/users\/13401"}],"replies":[{"embeddable":true,"href":"https:\/\/megacase.com\/fr\/wp-json\/wp\/v2\/comments?post=53984"}],"version-history":[{"count":5,"href":"https:\/\/megacase.com\/fr\/wp-json\/wp\/v2\/pages\/53984\/revisions"}],"predecessor-version":[{"id":105109,"href":"https:\/\/megacase.com\/fr\/wp-json\/wp\/v2\/pages\/53984\/revisions\/105109"}],"up":[{"embeddable":true,"href":"https:\/\/megacase.com\/fr\/wp-json\/wp\/v2\/pages\/275"}],"wp:attachment":[{"href":"https:\/\/megacase.com\/fr\/wp-json\/wp\/v2\/media?parent=53984"}],"curies":[{"name":"wp","href":"https:\/\/api.w.org\/{rel}","templated":true}]}}