{"id":53952,"date":"2017-05-11T12:44:18","date_gmt":"2017-05-11T10:44:18","guid":{"rendered":"https:\/\/mcx.sunlab.eu\/?page_id=53952\/"},"modified":"2024-01-24T11:34:29","modified_gmt":"2024-01-24T10:34:29","slug":"53952-2","status":"publish","type":"page","link":"https:\/\/megacase.com\/fr\/flightcase-online-konfigurieren_fr\/53952-2\/","title":{"rendered":"Flight Cases Made in Germany"},"content":{"rendered":"[mc_row]\n[mc_column]\n<div id='gallery-1' class='gallery galleryid-53952 gallery-columns-3 gallery-size-large'><figure class='gallery-item'>\n\t\t\t<div class='gallery-icon landscape'>\n\t\t\t\t<a href='https:\/\/cdn.megacase.com\/wp-content\/uploads\/2016\/12\/endmontage-070_1.jpg'><img loading=\"lazy\" decoding=\"async\" width=\"1024\" height=\"683\" src=\"https:\/\/cdn.megacase.com\/wp-content\/uploads\/2016\/12\/endmontage-070_1.jpg\" class=\"attachment-large size-large\" alt=\"\" srcset=\"https:\/\/cdn.megacase.com\/wp-content\/uploads\/2016\/12\/endmontage-070_1.jpg 5472w, https:\/\/cdn.megacase.com\/wp-content\/uploads\/2016\/12\/endmontage-070_1-300x200.jpg 300w\" sizes=\"auto, (max-width: 1024px) 100vw, 1024px\" \/><\/a>\n\t\t\t<\/div><\/figure><figure class='gallery-item'>\n\t\t\t<div class='gallery-icon landscape'>\n\t\t\t\t<a href='https:\/\/cdn.megacase.com\/wp-content\/uploads\/2016\/12\/vormontage-05_1.jpg'><img loading=\"lazy\" decoding=\"async\" width=\"1024\" height=\"683\" src=\"https:\/\/cdn.megacase.com\/wp-content\/uploads\/2016\/12\/vormontage-05_1.jpg\" class=\"attachment-large size-large\" alt=\"\" srcset=\"https:\/\/cdn.megacase.com\/wp-content\/uploads\/2016\/12\/vormontage-05_1.jpg 5472w, https:\/\/cdn.megacase.com\/wp-content\/uploads\/2016\/12\/vormontage-05_1-300x200.jpg 300w\" sizes=\"auto, (max-width: 1024px) 100vw, 1024px\" \/><\/a>\n\t\t\t<\/div><\/figure><figure class='gallery-item'>\n\t\t\t<div class='gallery-icon landscape'>\n\t\t\t\t<a href='https:\/\/cdn.megacase.com\/wp-content\/uploads\/2016\/12\/endmontage-13_1.jpg'><img loading=\"lazy\" decoding=\"async\" width=\"1024\" height=\"683\" src=\"https:\/\/cdn.megacase.com\/wp-content\/uploads\/2016\/12\/endmontage-13_1.jpg\" class=\"attachment-large size-large\" alt=\"\" srcset=\"https:\/\/cdn.megacase.com\/wp-content\/uploads\/2016\/12\/endmontage-13_1.jpg 5472w, https:\/\/cdn.megacase.com\/wp-content\/uploads\/2016\/12\/endmontage-13_1-300x200.jpg 300w\" sizes=\"auto, (max-width: 1024px) 100vw, 1024px\" \/><\/a>\n\t\t\t<\/div><\/figure><figure class='gallery-item'>\n\t\t\t<div class='gallery-icon landscape'>\n\t\t\t\t<a href='https:\/\/cdn.megacase.com\/wp-content\/uploads\/2016\/12\/vormontage-03_1.jpg'><img loading=\"lazy\" decoding=\"async\" width=\"1024\" height=\"683\" src=\"https:\/\/cdn.megacase.com\/wp-content\/uploads\/2016\/12\/vormontage-03_1.jpg\" class=\"attachment-large size-large\" alt=\"\" srcset=\"https:\/\/cdn.megacase.com\/wp-content\/uploads\/2016\/12\/vormontage-03_1.jpg 5472w, https:\/\/cdn.megacase.com\/wp-content\/uploads\/2016\/12\/vormontage-03_1-300x200.jpg 300w\" sizes=\"auto, (max-width: 1024px) 100vw, 1024px\" \/><\/a>\n\t\t\t<\/div><\/figure><figure class='gallery-item'>\n\t\t\t<div class='gallery-icon landscape'>\n\t\t\t\t<a href='https:\/\/cdn.megacase.com\/wp-content\/uploads\/2016\/12\/material_zusammenstellung_2579_1.jpg'><img loading=\"lazy\" decoding=\"async\" width=\"1024\" height=\"683\" src=\"https:\/\/cdn.megacase.com\/wp-content\/uploads\/2016\/12\/material_zusammenstellung_2579_1.jpg\" class=\"attachment-large size-large\" alt=\"\" srcset=\"https:\/\/cdn.megacase.com\/wp-content\/uploads\/2016\/12\/material_zusammenstellung_2579_1.jpg 5472w, https:\/\/cdn.megacase.com\/wp-content\/uploads\/2016\/12\/material_zusammenstellung_2579_1-300x200.jpg 300w\" sizes=\"auto, (max-width: 1024px) 100vw, 1024px\" \/><\/a>\n\t\t\t<\/div><\/figure><figure class='gallery-item'>\n\t\t\t<div class='gallery-icon landscape'>\n\t\t\t\t<a href='https:\/\/cdn.megacase.com\/wp-content\/uploads\/2016\/12\/laden_4298-fb.jpg'><img loading=\"lazy\" decoding=\"async\" width=\"1024\" height=\"683\" src=\"https:\/\/cdn.megacase.com\/wp-content\/uploads\/2016\/12\/laden_4298-fb.jpg\" class=\"attachment-large size-large\" alt=\"\" srcset=\"https:\/\/cdn.megacase.com\/wp-content\/uploads\/2016\/12\/laden_4298-fb.jpg 1200w, https:\/\/cdn.megacase.com\/wp-content\/uploads\/2016\/12\/laden_4298-fb-300x200.jpg 300w\" sizes=\"auto, (max-width: 1024px) 100vw, 1024px\" \/><\/a>\n\t\t\t<\/div><\/figure><figure class='gallery-item'>\n\t\t\t<div class='gallery-icon landscape'>\n\t\t\t\t<a href='https:\/\/cdn.megacase.com\/wp-content\/uploads\/2016\/12\/Pickern-spreitznieten-alukanten-02_1.jpg'><img loading=\"lazy\" decoding=\"async\" width=\"1024\" height=\"683\" src=\"https:\/\/cdn.megacase.com\/wp-content\/uploads\/2016\/12\/Pickern-spreitznieten-alukanten-02_1.jpg\" class=\"attachment-large size-large\" alt=\"\" srcset=\"https:\/\/cdn.megacase.com\/wp-content\/uploads\/2016\/12\/Pickern-spreitznieten-alukanten-02_1.jpg 5472w, https:\/\/cdn.megacase.com\/wp-content\/uploads\/2016\/12\/Pickern-spreitznieten-alukanten-02_1-300x200.jpg 300w\" sizes=\"auto, (max-width: 1024px) 100vw, 1024px\" \/><\/a>\n\t\t\t<\/div><\/figure><figure class='gallery-item'>\n\t\t\t<div class='gallery-icon landscape'>\n\t\t\t\t<a href='https:\/\/cdn.megacase.com\/wp-content\/uploads\/2016\/12\/konstruktion_2831_1.jpg'><img loading=\"lazy\" decoding=\"async\" width=\"1024\" height=\"683\" src=\"https:\/\/cdn.megacase.com\/wp-content\/uploads\/2016\/12\/konstruktion_2831_1.jpg\" class=\"attachment-large size-large\" alt=\"\" srcset=\"https:\/\/cdn.megacase.com\/wp-content\/uploads\/2016\/12\/konstruktion_2831_1.jpg 4049w, https:\/\/cdn.megacase.com\/wp-content\/uploads\/2016\/12\/konstruktion_2831_1-300x200.jpg 300w\" sizes=\"auto, (max-width: 1024px) 100vw, 1024px\" \/><\/a>\n\t\t\t<\/div><\/figure><figure class='gallery-item'>\n\t\t\t<div class='gallery-icon landscape'>\n\t\t\t\t<a href='https:\/\/cdn.megacase.com\/wp-content\/uploads\/2016\/12\/alukanten-nieten-pickern046_1.jpg'><img loading=\"lazy\" decoding=\"async\" width=\"1024\" height=\"683\" src=\"https:\/\/cdn.megacase.com\/wp-content\/uploads\/2016\/12\/alukanten-nieten-pickern046_1.jpg\" class=\"attachment-large size-large\" alt=\"\" srcset=\"https:\/\/cdn.megacase.com\/wp-content\/uploads\/2016\/12\/alukanten-nieten-pickern046_1.jpg 5472w, https:\/\/cdn.megacase.com\/wp-content\/uploads\/2016\/12\/alukanten-nieten-pickern046_1-300x200.jpg 300w\" sizes=\"auto, (max-width: 1024px) 100vw, 1024px\" \/><\/a>\n\t\t\t<\/div><\/figure>\n\t\t<\/div>\n\n[\/mc_column]\n[mc_column]\n[megacase_text]De la premi\u00e8re consultation au dernier rivet, votre flight case est con\u00e7u et fabriqu\u00e9 exclusivement en Allemagne.<\/p>\n<p><!--megacase_text-->Notre philosophie est de pr\u00e9server d&rsquo;excellentes relations d&rsquo;affaires \u00e0 long terme avec nos clients et tous nos fournisseurs. Ainsi nous obtenons des prix \u00e9quitables avec une qualit\u00e9 \u00e9lev\u00e9e et constante du mat\u00e9riel.<\/p>\n<p>La s\u00e9lection des mat\u00e9riaux offre une base optimale. <!--megacase_text-->Pr\u00e8s de 95% du processus de production est effectu\u00e9 \u00e0 la main. Des contr\u00f4les constants garantissent une norme \u00e9lev\u00e9e.<\/p>\n<p><!--megacase_text-->Ce que signifie le sceau \u201eMade in Germany\u201c pour Megacase:<\/p>\n<ul>\n<li>De nombreuses ann\u00e9es d&rsquo;exp\u00e9rience dans la construction de flight cases<\/li>\n<li>Des conseils et une construction exacte en fonction des besoins des clients<\/li>\n<li>Des experts garantissant la fonctionnalit\u00e9 et l&rsquo;ergonomie des flight cases<\/li>\n<li>Une surveillance continue des normes de qualit\u00e9 lors de la production<\/li>\n<li>Une s\u00e9lection de mat\u00e9riaux et composants test\u00e9s et certifi\u00e9s<\/li>\n<li>Un large assortiment d&rsquo;accessoires et de pi\u00e8ces de construction<\/li>\n<li>Des d\u00e9lais de livraison tr\u00e8s courts<\/li>\n<li>Une grande satisfaction des clients<\/li>\n<li>Une garantie de 5 ans<\/li>\n<\/ul>\n[\/megacase_text]\n[\/mc_column]\n[\/mc_row]\n","protected":false},"excerpt":{"rendered":"<p>[mc_row] [mc_column] [\/mc_column] [mc_column] [megacase_text]De la premi\u00e8re consultation au dernier rivet, votre flight case est con\u00e7u et fabriqu\u00e9 exclusivement en<\/p>\n","protected":false},"author":13401,"featured_media":0,"parent":275,"menu_order":1,"comment_status":"closed","ping_status":"closed","template":"","meta":{"_acf_changed":false,"footnotes":""},"class_list":["post-53952","page","type-page","status-publish","hentry"],"acf":[],"_links":{"self":[{"href":"https:\/\/megacase.com\/fr\/wp-json\/wp\/v2\/pages\/53952","targetHints":{"allow":["GET"]}}],"collection":[{"href":"https:\/\/megacase.com\/fr\/wp-json\/wp\/v2\/pages"}],"about":[{"href":"https:\/\/megacase.com\/fr\/wp-json\/wp\/v2\/types\/page"}],"author":[{"embeddable":true,"href":"https:\/\/megacase.com\/fr\/wp-json\/wp\/v2\/users\/13401"}],"replies":[{"embeddable":true,"href":"https:\/\/megacase.com\/fr\/wp-json\/wp\/v2\/comments?post=53952"}],"version-history":[{"count":6,"href":"https:\/\/megacase.com\/fr\/wp-json\/wp\/v2\/pages\/53952\/revisions"}],"predecessor-version":[{"id":254352,"href":"https:\/\/megacase.com\/fr\/wp-json\/wp\/v2\/pages\/53952\/revisions\/254352"}],"up":[{"embeddable":true,"href":"https:\/\/megacase.com\/fr\/wp-json\/wp\/v2\/pages\/275"}],"wp:attachment":[{"href":"https:\/\/megacase.com\/fr\/wp-json\/wp\/v2\/media?parent=53952"}],"curies":[{"name":"wp","href":"https:\/\/api.w.org\/{rel}","templated":true}]}}