{"id":53944,"date":"2017-05-11T12:24:31","date_gmt":"2017-05-11T10:24:31","guid":{"rendered":"https:\/\/mcx.sunlab.eu\/?page_id=53944\/"},"modified":"2024-10-14T10:19:48","modified_gmt":"2024-10-14T08:19:48","slug":"5-type-de-flight-case","status":"publish","type":"page","link":"https:\/\/megacase.com\/fr\/flightcase-online-konfigurieren_fr\/5-type-de-flight-case\/","title":{"rendered":"5 Type de Flight Case"},"content":{"rendered":"[megacase_splide_slider columns=\u00a0\u00bb6&Prime; link=\u00a0\u00bbfile\u00a0\u00bb slick_active=\u00a0\u00bbtrue\u00a0\u00bb sl_slidestoshow=\u00a0\u00bb8&Prime; sl_dots=\u00a0\u00bbtrue\u00a0\u00bb sl_swipetoslide=\u00a0\u00bbtrue\u00a0\u00bb sl_autoplay=\u00a0\u00bbtrue\u00a0\u00bb sl_show_caption=\u00a0\u00bbtrue\u00a0\u00bb sl_variablewidth=\u00a0\u00bbtrue\u00a0\u00bb ids=\u00a0\u00bb50648,50644,50640,50627,50623,50619,50611,50607,50603,50599,50595,50591,50587,50583,50579,50575,50571,50559&Prime; orderby=\u00a0\u00bbrand\u00a0\u00bb]\n[megacase_text]Nous distinguons 5 diff\u00e9rents types de flight cases: <a href=\"https:\/\/megacase.com\/fr\/categorie-produit\/configurateur\/\/valises\">les valises pour accessoires<\/a>, <a href=\"https:\/\/megacase.com\/fr\/categorie-produit\/configurateur\/\/malles\">les malles pour accessoires<\/a>, <a href=\"https:\/\/megacase.com\/fr\/categorie-produit\/configurateur\/\/cloches\">les flight cases type cloche<\/a>, <a href=\"https:\/\/megacase.com\/fr\/categorie-produit\/configurateur\/\/19-rack\">les racks 19&Prime;<\/a>, et <a href=\"https:\/\/megacase.com\/fr\/categorie-produit\/configurateur\/\/flight-cases-claviers\">les flight cases pour claviers<\/a>.\u00a0<!--megacase_text-->A partir de ces cinq formes de base, vous pouvez planifier individuellement votre propre flight case avec l&rsquo;aide de notre configurateur.<br \/>\nToutes les modifications apport\u00e9es \u00e0 votre flight case sont directement visibles en 3D, ainsi que le prix qui s&rsquo;affiche immediatement &#8211; sans demande de devis, ni d\u00e9lais de traitement.<br \/>\nOutre les caract\u00e9ristiques de base telles que les dimensions, <a href=\"https:\/\/megacase.com\/fr\/farben-beschichtungen\/\">mat\u00e9riaux, et couleurs<\/a>, vous pouvez choisir librement entre les diff\u00e9rents types de poign\u00e9es, rembourrages et accastillages. Vous avez \u00e9galement la possibilit\u00e9 d&rsquo;ajouter de nombreux extras tels que des roullettes, cuvettes d&#8217;empilage, plaques signal\u00e9tiques, et autres&#8230;[\/megacase_text]\n[megacase_splide_slider sl_border=\u00a0\u00bbtrue\u00a0\u00bb columns=\u00a0\u00bb3&Prime; size=\u00a0\u00bblarge\u00a0\u00bb link=\u00a0\u00bbfile\u00a0\u00bb slick_active=\u00a0\u00bbtrue\u00a0\u00bb sl_autoplay=\u00a0\u00bbtrue\u00a0\u00bb sl_slidesToScroll=\u00a0\u00bb3&Prime; sl_slidestoshow=\u00a0\u00bb6&Prime; sl_variablewidth=\u00a0\u00bbtrue\u00a0\u00bb ids=\u00a0\u00bbadvertising_slider\u00a0\u00bb hidedesktop=\u00a0\u00bbtrue\u00a0\u00bb]\n","protected":false},"excerpt":{"rendered":"<p>[megacase_splide_slider columns=\u00a0\u00bb6&Prime; link=\u00a0\u00bbfile\u00a0\u00bb slick_active=\u00a0\u00bbtrue\u00a0\u00bb sl_slidestoshow=\u00a0\u00bb8&Prime; sl_dots=\u00a0\u00bbtrue\u00a0\u00bb sl_swipetoslide=\u00a0\u00bbtrue\u00a0\u00bb sl_autoplay=\u00a0\u00bbtrue\u00a0\u00bb sl_show_caption=\u00a0\u00bbtrue\u00a0\u00bb sl_variablewidth=\u00a0\u00bbtrue\u00a0\u00bb ids=\u00a0\u00bb50648,50644,50640,50627,50623,50619,50611,50607,50603,50599,50595,50591,50587,50583,50579,50575,50571,50559&Prime; orderby=\u00a0\u00bbrand\u00a0\u00bb] [megacase_text]Nous distinguons 5 diff\u00e9rents types de flight cases:<\/p>\n","protected":false},"author":13401,"featured_media":0,"parent":275,"menu_order":0,"comment_status":"closed","ping_status":"closed","template":"","meta":{"_acf_changed":false,"footnotes":""},"class_list":["post-53944","page","type-page","status-publish","hentry"],"acf":[],"_links":{"self":[{"href":"https:\/\/megacase.com\/fr\/wp-json\/wp\/v2\/pages\/53944","targetHints":{"allow":["GET"]}}],"collection":[{"href":"https:\/\/megacase.com\/fr\/wp-json\/wp\/v2\/pages"}],"about":[{"href":"https:\/\/megacase.com\/fr\/wp-json\/wp\/v2\/types\/page"}],"author":[{"embeddable":true,"href":"https:\/\/megacase.com\/fr\/wp-json\/wp\/v2\/users\/13401"}],"replies":[{"embeddable":true,"href":"https:\/\/megacase.com\/fr\/wp-json\/wp\/v2\/comments?post=53944"}],"version-history":[{"count":6,"href":"https:\/\/megacase.com\/fr\/wp-json\/wp\/v2\/pages\/53944\/revisions"}],"predecessor-version":[{"id":269593,"href":"https:\/\/megacase.com\/fr\/wp-json\/wp\/v2\/pages\/53944\/revisions\/269593"}],"up":[{"embeddable":true,"href":"https:\/\/megacase.com\/fr\/wp-json\/wp\/v2\/pages\/275"}],"wp:attachment":[{"href":"https:\/\/megacase.com\/fr\/wp-json\/wp\/v2\/media?parent=53944"}],"curies":[{"name":"wp","href":"https:\/\/api.w.org\/{rel}","templated":true}]}}