{"id":323,"date":"2016-08-09T14:46:33","date_gmt":"2016-08-09T12:46:33","guid":{"rendered":"http:\/\/mc.sunlab.eu\/?page_id=323"},"modified":"2018-03-28T17:14:08","modified_gmt":"2018-03-28T15:14:08","slug":"contact","status":"publish","type":"page","link":"https:\/\/megacase.com\/fr\/contact\/","title":{"rendered":"Contact"},"content":{"rendered":"<p><strong>Vous avez besoin d&rsquo;aide pour choisir ou concevoir votre flight case?<\/strong> Aucun probl\u00e8me &#8211; nos d\u00e9veloppeurs de flight cases qualifi\u00e9s vous aideront \u00e0 concevoir votre Megacase personnelle, et \u00e0 s\u00e9lectionner les options et caract\u00e9ristiques correctes. Nous vous ferons alors parvenir votre offre personnelle<strong> dans les 24 heures<\/strong>.<\/p>\n<h2>Mon flight case<\/h2>\n<p>Vous pouvez nous contacter ici. Nous vous r\u00e9pondrons rapidement si vous nous \u00e9crivez en anglais ou en allemand.<\/p>\n<div>\n<div class=\"wpcf7 no-js\" id=\"wpcf7-f105057-o1\" lang=\"de-DE\" dir=\"ltr\" data-wpcf7-id=\"105057\">\n<div class=\"screen-reader-response\"><p role=\"status\" aria-live=\"polite\" aria-atomic=\"true\"><\/p> <ul><\/ul><\/div>\n<form action=\"\/fr\/wp-json\/wp\/v2\/pages\/323#wpcf7-f105057-o1\" method=\"post\" class=\"wpcf7-form init\" aria-label=\"Kontaktformular\" novalidate=\"novalidate\" data-status=\"init\">\n<fieldset class=\"hidden-fields-container\"><input type=\"hidden\" name=\"_wpcf7\" value=\"105057\" \/><input type=\"hidden\" name=\"_wpcf7_version\" value=\"6.1.5\" \/><input type=\"hidden\" name=\"_wpcf7_locale\" value=\"de_DE_formal\" \/><input type=\"hidden\" name=\"_wpcf7_unit_tag\" value=\"wpcf7-f105057-o1\" \/><input type=\"hidden\" name=\"_wpcf7_container_post\" value=\"0\" \/><input type=\"hidden\" name=\"_wpcf7_posted_data_hash\" value=\"\" \/>\n<\/fieldset>\n<div>\n\t<h3>Fait sur mesure:\n\t<\/h3>\n\t<p><label>Objet<br \/>\n<span class=\"wpcf7-form-control-wrap\" data-name=\"your-subject\"><input size=\"40\" maxlength=\"400\" class=\"wpcf7-form-control wpcf7-text wpcf7-validates-as-required\" aria-required=\"true\" aria-invalid=\"false\" value=\"\" type=\"text\" name=\"your-subject\" \/><\/span> <\/label>\n\t<\/p>\n\t<p><label>Votre demande<br \/>\n(d\u00e9crivez svp le flight case souhait\u00e9)<br \/>\n<span class=\"wpcf7-form-control-wrap\" data-name=\"your-message\"><textarea cols=\"40\" rows=\"10\" maxlength=\"2000\" class=\"wpcf7-form-control wpcf7-textarea wpcf7-validates-as-required\" aria-required=\"true\" aria-invalid=\"false\" name=\"your-message\"><\/textarea><\/span> <\/label>\n\t<\/p>\n\t<h3>Caract\u00e9ristiques de votre flight case (optionnel):\n\t<\/h3>\n\t<p><strong>Dimensions int\u00e9rieures (largeur\/hauteur\/profondeur):<\/strong>\n\t<\/p>\n\t<p><label>Largeur (mm)<br \/>\n<span class=\"wpcf7-form-control-wrap\" data-name=\"number-width\"><input class=\"wpcf7-form-control wpcf7-number wpcf7-validates-as-number\" aria-invalid=\"false\" value=\"\" type=\"number\" name=\"number-width\" \/><\/span> <\/label>\n\t<\/p>\n\t<p><label>Hauteur (mm)<br \/>\n<span class=\"wpcf7-form-control-wrap\" data-name=\"number-height\"><input class=\"wpcf7-form-control wpcf7-number wpcf7-validates-as-number\" aria-invalid=\"false\" value=\"\" type=\"number\" name=\"number-height\" \/><\/span> <\/label>\n\t<\/p>\n\t<p><label>Profondeur (mm)<br \/>\n<span class=\"wpcf7-form-control-wrap\" data-name=\"number-depth\"><input class=\"wpcf7-form-control wpcf7-number wpcf7-validates-as-number\" aria-invalid=\"false\" value=\"\" type=\"number\" name=\"number-depth\" \/><\/span> <\/label>\n\t<\/p>\n\t<p><label>Poids estim\u00e9 de l'\u00e9quipement transport\u00e9 (Kg)<br \/>\n<span class=\"wpcf7-form-control-wrap\" data-name=\"number-weight\"><input class=\"wpcf7-form-control wpcf7-number wpcf7-validates-as-number\" aria-invalid=\"false\" value=\"\" type=\"number\" name=\"number-weight\" \/><\/span> <\/label>\n\t<\/p>\n\t<p><label>Rack 19\u201c?<\/label><br \/>\n<span class=\"wpcf7-form-control-wrap\" data-name=\"radio-19rack\"><span class=\"wpcf7-form-control wpcf7-radio\"><span class=\"wpcf7-list-item first\"><input type=\"radio\" name=\"radio-19rack\" value=\"Oui\" \/><span class=\"wpcf7-list-item-label\">Oui<\/span><\/span><span class=\"wpcf7-list-item last\"><input type=\"radio\" name=\"radio-19rack\" value=\"Non\" checked=\"checked\" \/><span class=\"wpcf7-list-item-label\">Non<\/span><\/span><\/span><\/span>\n\t<\/p>\n<\/div>\n<div>\n\t<h3>Votre contact en cas de questions et envoi de l'offre:\n\t<\/h3>\n\t<p><label>Entreprise (optionnel)<br \/>\n<span class=\"wpcf7-form-control-wrap\" data-name=\"your-company\"><input size=\"40\" maxlength=\"400\" class=\"wpcf7-form-control wpcf7-text\" aria-invalid=\"false\" value=\"\" type=\"text\" name=\"your-company\" \/><\/span> <\/label>\n\t<\/p>\n\t<p><label>Pr\u00e9nom<br \/>\n<span class=\"wpcf7-form-control-wrap\" data-name=\"your-firstname\"><input size=\"40\" maxlength=\"400\" class=\"wpcf7-form-control wpcf7-text\" aria-invalid=\"false\" value=\"\" type=\"text\" name=\"your-firstname\" \/><\/span> <\/label>\n\t<\/p>\n\t<p><label>Nom<br \/>\n<span class=\"wpcf7-form-control-wrap\" data-name=\"your-lastname\"><input size=\"40\" maxlength=\"400\" class=\"wpcf7-form-control wpcf7-text wpcf7-validates-as-required\" aria-required=\"true\" aria-invalid=\"false\" value=\"\" type=\"text\" name=\"your-lastname\" \/><\/span> <\/label>\n\t<\/p>\n\t<p><label>E-mail<br \/>\n<span class=\"wpcf7-form-control-wrap\" data-name=\"your-email\"><input size=\"40\" maxlength=\"400\" class=\"wpcf7-form-control wpcf7-email wpcf7-validates-as-required wpcf7-text wpcf7-validates-as-email\" aria-required=\"true\" aria-invalid=\"false\" value=\"\" type=\"email\" name=\"your-email\" \/><\/span> <\/label>\n\t<\/p>\n\t<p><label>T\u00e9l\u00e9phone<br \/>\n<span class=\"wpcf7-form-control-wrap\" data-name=\"your-tel\"><input size=\"40\" maxlength=\"400\" class=\"wpcf7-form-control wpcf7-tel wpcf7-validates-as-required wpcf7-text wpcf7-validates-as-tel\" aria-required=\"true\" aria-invalid=\"false\" value=\"\" type=\"tel\" name=\"your-tel\" \/><\/span> <\/label>\n\t<\/p>\n\t<p><strong>Remarque:<\/strong><br \/>\nAfin de vous contacter rapidement en cas de questions et afin de vous envoyer rapidement votre offre, indiquez-nous svp votre num\u00e9ro de t\u00e9l\u00e9phone. Bien s\u00fbr, nous ne communiquerons pas vos informations et celles-ci ne seront jamais utilis\u00e9es \u00e0 des fins publicitaires.\n\t<\/p>\n\t<p><input class=\"wpcf7-form-control wpcf7-submit has-spinner button\" type=\"submit\" value=\"Envoyer\" \/>\n\t<\/p>\n<\/div><div class=\"wpcf7-response-output\" aria-hidden=\"true\"><\/div>\n<\/form>\n<\/div>\n<\/div>\n<h2>Configurateur de flight case<\/h2>\n<p>Souhaitez-vous assembler votre flight case avec un aper\u00e7u en direct individuel gr\u00e2ce \u00e0 notre configurateur?<\/p>\n<p><a class=\"button\" style=\"max-width: 400px;\" href=\"https:\/\/megacase.com\/fr\/categorie-produit\/configurateur\/\">Vers le Configurateur<\/a><\/p>\n","protected":false},"excerpt":{"rendered":"<p>Vous avez besoin d&rsquo;aide pour choisir ou concevoir votre flight case? Aucun probl\u00e8me &#8211; nos d\u00e9veloppeurs de flight cases qualifi\u00e9s<\/p>\n","protected":false},"author":13401,"featured_media":0,"parent":0,"menu_order":0,"comment_status":"closed","ping_status":"closed","template":"","meta":{"_acf_changed":false,"footnotes":""},"class_list":["post-323","page","type-page","status-publish","hentry"],"acf":[],"_links":{"self":[{"href":"https:\/\/megacase.com\/fr\/wp-json\/wp\/v2\/pages\/323","targetHints":{"allow":["GET"]}}],"collection":[{"href":"https:\/\/megacase.com\/fr\/wp-json\/wp\/v2\/pages"}],"about":[{"href":"https:\/\/megacase.com\/fr\/wp-json\/wp\/v2\/types\/page"}],"author":[{"embeddable":true,"href":"https:\/\/megacase.com\/fr\/wp-json\/wp\/v2\/users\/13401"}],"replies":[{"embeddable":true,"href":"https:\/\/megacase.com\/fr\/wp-json\/wp\/v2\/comments?post=323"}],"version-history":[{"count":5,"href":"https:\/\/megacase.com\/fr\/wp-json\/wp\/v2\/pages\/323\/revisions"}],"predecessor-version":[{"id":105058,"href":"https:\/\/megacase.com\/fr\/wp-json\/wp\/v2\/pages\/323\/revisions\/105058"}],"wp:attachment":[{"href":"https:\/\/megacase.com\/fr\/wp-json\/wp\/v2\/media?parent=323"}],"curies":[{"name":"wp","href":"https:\/\/api.w.org\/{rel}","templated":true}]}}